{"id":6703,"date":"2024-02-15T09:45:46","date_gmt":"2024-02-15T06:45:46","guid":{"rendered":"https:\/\/www.jimport.fi\/?post_type=product&#038;p=6703"},"modified":"2025-07-08T00:58:06","modified_gmt":"2025-07-07T21:58:06","slug":"muovinkorjaussarja-50w","status":"publish","type":"product","link":"https:\/\/www.jimport.fi\/index.php\/tuote\/muovinkorjaussarja-50w\/","title":{"rendered":"Muovinkorjaussarja 50W"},"content":{"rendered":"<h2>Tuotekuvaus<\/h2>\n<p><strong>Moderni muovihitsaaja-nitoja, jonka teho on 50 W<\/strong> ja joka on varustettu 200 erityyppisell\u00e4 niitill\u00e4.<\/p>\n<ul>\n<li><strong>Teho:<\/strong>\u00a050W<\/li>\n<li><strong>Virtal\u00e4hde:<\/strong>\u00a0230V<\/li>\n<li><strong>Nidontal\u00e4mp\u00f6tila:<\/strong>\u00a0jopa 600 \u00b0C<\/li>\n<li><strong>Elektrodien leveys niitin kiinnityskohdassa:<\/strong>\u00a013-15mm<\/li>\n<li><strong>Koko:<\/strong>\u00a022.5cm x 15.3cm<\/li>\n<li><strong>Virtajohdon pituus:<\/strong>\u00a0155cm<\/li>\n<li><strong>LED-valaistus:<\/strong>\u00a0kyll\u00e4<\/li>\n<li><strong>L\u00e4mmitys:<\/strong>\u00a03 sekunnissa<\/li>\n<\/ul>\n<p>Sovellus:<\/p>\n<ul>\n<li><strong>Muovien hitsaus<\/strong>, aukkojen poistaminen ja reikien korjaaminen<\/li>\n<li>erilaisten halkeamien korjaaminen<\/li>\n<li>terminen leikkaus,<\/li>\n<li>lyijyn juottaminen,<\/li>\n<li>kuuma tasoitus.<\/li>\n<\/ul>\n<p>Tuotteen ominaisuudet:<\/p>\n<ul>\n<li><strong>4 erilaista niitti\u00e4:<\/strong>\u00a0Mukana toimitetun 4 erityyppisen niitin avulla voit mukauttaa hitsaajan erityyppisiin muoveihin ja projekteihin.<\/li>\n<li><strong>Yleinen sovellus:<\/strong>\u00a0Ihanteellinen k\u00e4ytett\u00e4v\u00e4ksi kotona, ty\u00f6pajassa tai jopa tuotantolaitoksessa. T\u00e4ydellinen muoviesineiden korjaamiseen, prototyyppien luomiseen tai jopa taiteelliseen ty\u00f6h\u00f6n.<\/li>\n<\/ul>\n<p>Sarjaan sis\u00e4ltyy:<\/p>\n<ul>\n<li>50W muovihitsaaja<\/li>\n<li><span>200 niittej\u00e4<\/span>\n<ul>\n<li>tasainen &#8211; 50 kpl.<\/li>\n<li>sis\u00e4inen &#8211; 50 kpl.<\/li>\n<li>suora &#8211; 50 kpl.<\/li>\n<li>sinus &#8211; 50 kpl.<\/li>\n<\/ul>\n<\/li>\n<li>Pihdit<\/li>\n<li>Verhoilu veitsi<\/li>\n<li>Kaikki pakattu k\u00e4tev\u00e4\u00e4n kannettavaan muovikoteloon<\/li>\n<\/ul>\n","protected":false},"excerpt":{"rendered":"<p>Muovinkorjaus kuumaniittipistooli 50W puskureiden ja muiden muoviosien korjailuun. Geko.<\/p>\n","protected":false},"featured_media":6704,"template":"","meta":{"_monsterinsights_skip_tracking":false,"_monsterinsights_sitenote_active":false,"_monsterinsights_sitenote_note":"","_monsterinsights_sitenote_category":0,"neve_meta_sidebar":"","neve_meta_container":"","neve_meta_enable_content_width":"off","neve_meta_content_width":100,"neve_meta_title_alignment":"","neve_meta_author_avatar":"","neve_post_elements_order":"","neve_meta_disable_header":"","neve_meta_disable_footer":"","neve_meta_disable_title":"","_themeisle_gutenberg_block_has_review":false},"product_brand":[],"product_cat":[139,58],"product_tag":[],"class_list":{"0":"post-6703","1":"product","2":"type-product","3":"status-publish","4":"has-post-thumbnail","6":"product_cat-muovinkorjaus","7":"product_cat-sahkotyokaluja","9":"first","10":"outofstock","11":"taxable","12":"shipping-taxable","13":"purchasable","14":"product-type-simple"},"supplier_id":null,"supplier_sku":"","barcode":null,"atum_controlled":true,"out_stock_date":"2025-07-08 00:58:06","out_stock_threshold":null,"inheritable":false,"inbound_stock":0,"stock_on_hold":0,"sold_today":0,"sales_last_days":0,"reserved_stock":0,"customer_returns":0,"warehouse_damage":0,"lost_in_post":0,"other_logs":0,"out_stock_days":295,"lost_sales":1011,"has_location":false,"update_date":"2026-04-30T00:31:53","atum_locations":[],"atum_stock_status":"outofstock","restock_status":false,"low_stock_amount":"","sales_update_date":"2026-04-30T00:31:53","calc_backorders":null,"aioseo_notices":[],"_links":{"self":[{"href":"https:\/\/www.jimport.fi\/index.php\/wp-json\/wp\/v2\/product\/6703","targetHints":{"allow":["GET"]}}],"collection":[{"href":"https:\/\/www.jimport.fi\/index.php\/wp-json\/wp\/v2\/product"}],"about":[{"href":"https:\/\/www.jimport.fi\/index.php\/wp-json\/wp\/v2\/types\/product"}],"version-history":[{"count":1,"href":"https:\/\/www.jimport.fi\/index.php\/wp-json\/wp\/v2\/product\/6703\/revisions"}],"predecessor-version":[{"id":6711,"href":"https:\/\/www.jimport.fi\/index.php\/wp-json\/wp\/v2\/product\/6703\/revisions\/6711"}],"wp:featuredmedia":[{"embeddable":true,"href":"https:\/\/www.jimport.fi\/index.php\/wp-json\/wp\/v2\/media\/6704"}],"wp:attachment":[{"href":"https:\/\/www.jimport.fi\/index.php\/wp-json\/wp\/v2\/media?parent=6703"}],"wp:term":[{"taxonomy":"product_brand","embeddable":true,"href":"https:\/\/www.jimport.fi\/index.php\/wp-json\/wp\/v2\/product_brand?post=6703"},{"taxonomy":"product_cat","embeddable":true,"href":"https:\/\/www.jimport.fi\/index.php\/wp-json\/wp\/v2\/product_cat?post=6703"},{"taxonomy":"product_tag","embeddable":true,"href":"https:\/\/www.jimport.fi\/index.php\/wp-json\/wp\/v2\/product_tag?post=6703"}],"curies":[{"name":"wp","href":"https:\/\/api.w.org\/{rel}","templated":true}]}}