{"id":6717,"date":"2024-02-15T14:12:26","date_gmt":"2024-02-15T11:12:26","guid":{"rendered":"https:\/\/www.jimport.fi\/?post_type=product&#038;p=6717"},"modified":"2025-04-29T17:26:25","modified_gmt":"2025-04-29T14:26:25","slug":"kaasuliesi-retkikeitin-25kw","status":"publish","type":"product","link":"https:\/\/www.jimport.fi\/index.php\/tuote\/kaasuliesi-retkikeitin-25kw\/","title":{"rendered":"Kaasuliesi retkikeitin 2,5kW"},"content":{"rendered":"<h2>Tuotekuvaus<\/h2>\n<p>GEKO 2,5kW kompakti ja kannettava yhden polttimen retkikeitin.<\/p>\n<h3>Tuotteen ominaisuudet<\/h3>\n<ul>\n<li>2500W poltin liesi<\/li>\n<li>Pietso-sytytys<\/li>\n<li>Patruunoiden turvalukitusj\u00e4rjestelm\u00e4<\/li>\n<li>Mukana kantolaukku<\/li>\n<li>Voidaan k\u00e4ytt\u00e4\u00e4 kaasupatruunoiden ja kaasupullojen kanssa<\/li>\n<\/ul>\n<h4>Tekniset tiedot<\/h4>\n<ul>\n<li>Teho: 2,5 kW<\/li>\n<li>V\u00e4ri: matta musta<\/li>\n<li>Kaasun kulutus: 195 grammaa tunnissa<\/li>\n<li>Tarvittava kaasupatruuna: CP250<\/li>\n<\/ul>\n","protected":false},"excerpt":{"rendered":"<p>K\u00e4tev\u00e4 ja monik\u00e4ytt\u00f6inen kaasuliesi, jossa erikoisuutena se, ett\u00e4 sit\u00e4 voi k\u00e4ytt\u00e4\u00e4 nestekaasu s\u00e4ili\u00f6ll\u00e4 sek\u00e4 kaasupatruunalla. Geko<\/p>\n","protected":false},"featured_media":6723,"template":"","meta":{"_monsterinsights_skip_tracking":false,"_monsterinsights_sitenote_active":false,"_monsterinsights_sitenote_note":"","_monsterinsights_sitenote_category":0,"neve_meta_sidebar":"","neve_meta_container":"","neve_meta_enable_content_width":"off","neve_meta_content_width":100,"neve_meta_title_alignment":"","neve_meta_author_avatar":"","neve_post_elements_order":"","neve_meta_disable_header":"","neve_meta_disable_footer":"","neve_meta_disable_title":"","_themeisle_gutenberg_block_has_review":false},"product_brand":[],"product_cat":[55],"product_tag":[],"class_list":{"0":"post-6717","1":"product","2":"type-product","3":"status-publish","4":"has-post-thumbnail","6":"product_cat-kaasutoho","8":"first","9":"instock","10":"taxable","11":"shipping-taxable","12":"purchasable","13":"product-type-simple"},"supplier_id":null,"supplier_sku":"","barcode":null,"atum_controlled":true,"out_stock_date":null,"out_stock_threshold":null,"inheritable":false,"inbound_stock":null,"stock_on_hold":0,"sold_today":0,"sales_last_days":0,"reserved_stock":null,"customer_returns":null,"warehouse_damage":null,"lost_in_post":null,"other_logs":null,"out_stock_days":0,"lost_sales":0,"has_location":false,"update_date":"2026-04-16T00:01:22","atum_locations":[],"atum_stock_status":"instock","restock_status":false,"low_stock_amount":"","sales_update_date":"2026-04-16T00:01:22","calc_backorders":null,"aioseo_notices":[],"_links":{"self":[{"href":"https:\/\/www.jimport.fi\/index.php\/wp-json\/wp\/v2\/product\/6717","targetHints":{"allow":["GET"]}}],"collection":[{"href":"https:\/\/www.jimport.fi\/index.php\/wp-json\/wp\/v2\/product"}],"about":[{"href":"https:\/\/www.jimport.fi\/index.php\/wp-json\/wp\/v2\/types\/product"}],"version-history":[{"count":1,"href":"https:\/\/www.jimport.fi\/index.php\/wp-json\/wp\/v2\/product\/6717\/revisions"}],"predecessor-version":[{"id":6724,"href":"https:\/\/www.jimport.fi\/index.php\/wp-json\/wp\/v2\/product\/6717\/revisions\/6724"}],"wp:featuredmedia":[{"embeddable":true,"href":"https:\/\/www.jimport.fi\/index.php\/wp-json\/wp\/v2\/media\/6723"}],"wp:attachment":[{"href":"https:\/\/www.jimport.fi\/index.php\/wp-json\/wp\/v2\/media?parent=6717"}],"wp:term":[{"taxonomy":"product_brand","embeddable":true,"href":"https:\/\/www.jimport.fi\/index.php\/wp-json\/wp\/v2\/product_brand?post=6717"},{"taxonomy":"product_cat","embeddable":true,"href":"https:\/\/www.jimport.fi\/index.php\/wp-json\/wp\/v2\/product_cat?post=6717"},{"taxonomy":"product_tag","embeddable":true,"href":"https:\/\/www.jimport.fi\/index.php\/wp-json\/wp\/v2\/product_tag?post=6717"}],"curies":[{"name":"wp","href":"https:\/\/api.w.org\/{rel}","templated":true}]}}