{"id":6733,"date":"2024-02-15T14:58:18","date_gmt":"2024-02-15T11:58:18","guid":{"rendered":"https:\/\/www.jimport.fi\/?post_type=product&#038;p=6733"},"modified":"2025-04-07T22:40:16","modified_gmt":"2025-04-07T19:40:16","slug":"niittimutteri-tyokalusarja-porakoneeseen-m3-m10","status":"publish","type":"product","link":"https:\/\/www.jimport.fi\/index.php\/tuote\/niittimutteri-tyokalusarja-porakoneeseen-m3-m10\/","title":{"rendered":"Niittimutteri ty\u00f6kalusarja porakoneeseen M3-M10"},"content":{"rendered":"<h2>Tuotekuvaus<\/h2>\n<p><strong>Geko niittimutterilaite<\/strong> on erinomainen v\u00e4line ammattilaisille ja tee-se-itse-harrastajille, jotka arvostavat mukavuutta, tehokkuutta ja tarkkuutta kiinnitysprosessissa. T\u00e4m\u00e4 setti on suunniteltu huolellisesti tarjoamaan helppok\u00e4ytt\u00f6isyys ja laaja k\u00e4ytt\u00f6alue.<\/p>\n<h4>Sis\u00e4lt\u00e4\u00e4:<\/h4>\n<p><strong>Niittimutterisovitin<\/strong>: Vankka ja tarkka runko, joka on valmistettu\u00a0<strong>alumiinista ja TPR:<\/strong><br \/>\nst\u00e4 (termoplastisesta kumista), takaa kest\u00e4vyyden ja ergonomisen otteen.<\/p>\n<p><strong>Niittimutterip\u00e4\u00e4t:<\/strong><br \/>\nSarja sis\u00e4lt\u00e4\u00e4 erikokoisia sovitteita, <strong>M3, M4, M5, M6, M8, M10,<\/strong><\/p>\n<p><strong>Asennusavain:<\/strong><br \/>\nK\u00e4yt\u00e4nn\u00f6llinen asennusavain varmistaa niittimutterity\u00f6kalun helpon ja nopean k\u00e4yt\u00f6n.<\/p>\n<h4>Tuotteen t\u00e4rkeimm\u00e4t ominaisuudet<\/h4>\n<p><strong>Ergonominen muotoilu:<\/strong><br \/>\nMukava ja luistamaton kahva takaa ty\u00f6mukavuuden my\u00f6s pitk\u00e4aikaisessa k\u00e4yt\u00f6ss\u00e4.<\/p>\n<h4>Laadukkaat materiaalit:<\/h4>\n<p><strong>Runko<\/strong>: Valmistettu kest\u00e4v\u00e4st\u00e4\u00a0<strong>alumiiniseoksesta<\/strong>\u00a0yhdistettyn\u00e4\u00a0<strong>TPR:<\/strong><br \/>\n\u00e4\u00e4n, mik\u00e4 takaa lujuuden, keveyden ja k\u00e4ytt\u00f6mukavuuden.<\/p>\n<p><strong>Varsi:<\/strong><br \/>\n<strong>Cr-V-ter\u00e4s (kromi-vanadiini<\/strong>) tarjoaa kest\u00e4vyytt\u00e4 ja kulutuskest\u00e4vyytt\u00e4.<\/p>\n<p><strong>Py\u00f6riv\u00e4 akseli:<\/strong><br \/>\n<strong>Cr-Mo-ter\u00e4s<\/strong>\u00a0(kromi-molybdeeni) antaa ty\u00f6kalulle vakauden ja rasituksenkest\u00e4vyyden.<\/p>\n","protected":false},"excerpt":{"rendered":"<p>Laadukas niittimutterilaite porakoneeseen ja ruuvinv\u00e4\u00e4ntimiin. Geko<\/p>\n","protected":false},"featured_media":6738,"template":"","meta":{"_monsterinsights_skip_tracking":false,"_monsterinsights_sitenote_active":false,"_monsterinsights_sitenote_note":"","_monsterinsights_sitenote_category":0,"neve_meta_sidebar":"","neve_meta_container":"","neve_meta_enable_content_width":"off","neve_meta_content_width":100,"neve_meta_title_alignment":"","neve_meta_author_avatar":"","neve_post_elements_order":"","neve_meta_disable_header":"","neve_meta_disable_footer":"","neve_meta_disable_title":"","_themeisle_gutenberg_block_has_review":false},"product_brand":[],"product_cat":[56],"product_tag":[],"class_list":{"0":"post-6733","1":"product","2":"type-product","3":"status-publish","4":"has-post-thumbnail","6":"product_cat-kierteet","8":"first","9":"outofstock","10":"taxable","11":"shipping-taxable","12":"purchasable","13":"product-type-simple"},"supplier_id":null,"supplier_sku":"","barcode":null,"atum_controlled":true,"out_stock_date":"2025-04-07 22:40:16","out_stock_threshold":null,"inheritable":false,"inbound_stock":0,"stock_on_hold":0,"sold_today":0,"sales_last_days":0,"reserved_stock":0,"customer_returns":0,"warehouse_damage":0,"lost_in_post":0,"other_logs":0,"out_stock_days":400,"lost_sales":2800,"has_location":false,"update_date":"2026-05-13T01:00:00","atum_locations":[],"atum_stock_status":"outofstock","restock_status":false,"low_stock_amount":"","sales_update_date":"2026-05-13T01:00:00","calc_backorders":null,"aioseo_notices":[],"_links":{"self":[{"href":"https:\/\/www.jimport.fi\/index.php\/wp-json\/wp\/v2\/product\/6733","targetHints":{"allow":["GET"]}}],"collection":[{"href":"https:\/\/www.jimport.fi\/index.php\/wp-json\/wp\/v2\/product"}],"about":[{"href":"https:\/\/www.jimport.fi\/index.php\/wp-json\/wp\/v2\/types\/product"}],"version-history":[{"count":1,"href":"https:\/\/www.jimport.fi\/index.php\/wp-json\/wp\/v2\/product\/6733\/revisions"}],"predecessor-version":[{"id":6739,"href":"https:\/\/www.jimport.fi\/index.php\/wp-json\/wp\/v2\/product\/6733\/revisions\/6739"}],"wp:featuredmedia":[{"embeddable":true,"href":"https:\/\/www.jimport.fi\/index.php\/wp-json\/wp\/v2\/media\/6738"}],"wp:attachment":[{"href":"https:\/\/www.jimport.fi\/index.php\/wp-json\/wp\/v2\/media?parent=6733"}],"wp:term":[{"taxonomy":"product_brand","embeddable":true,"href":"https:\/\/www.jimport.fi\/index.php\/wp-json\/wp\/v2\/product_brand?post=6733"},{"taxonomy":"product_cat","embeddable":true,"href":"https:\/\/www.jimport.fi\/index.php\/wp-json\/wp\/v2\/product_cat?post=6733"},{"taxonomy":"product_tag","embeddable":true,"href":"https:\/\/www.jimport.fi\/index.php\/wp-json\/wp\/v2\/product_tag?post=6733"}],"curies":[{"name":"wp","href":"https:\/\/api.w.org\/{rel}","templated":true}]}}