{"id":6750,"date":"2024-02-15T15:32:10","date_gmt":"2024-02-15T12:32:10","guid":{"rendered":"https:\/\/www.jimport.fi\/?post_type=product&#038;p=6750"},"modified":"2025-12-27T13:01:47","modified_gmt":"2025-12-27T10:01:47","slug":"voimahylsysarja-1-2-10-19mm","status":"publish","type":"product","link":"https:\/\/www.jimport.fi\/index.php\/tuote\/voimahylsysarja-1-2-10-19mm\/","title":{"rendered":"Voimahylsysarja 1\/2&#8243; 10-19mm"},"content":{"rendered":"<h2>Tuotekuvaus<\/h2>\n<p>Sarja kromimolybdeenihylsyj\u00e4, 1\/2&#8243; lyhyet ja pitk\u00e4t. Metriset koot\u00a0 v\u00e4lill\u00e4 10-19 mm. Valmistettu korkealaatuisesta kromimolybdeeniter\u00e4ksest\u00e4. Musta hapetettu pinta pysyvill\u00e4 lasersy\u00f6vytetyill\u00e4 merkinn\u00f6ill\u00e4. Molybdeeni tarjoaa suuremman vetolujuuden ja v\u00e4hent\u00e4\u00e4 muodonmuutoksia. Muovinen puhallusmuovattu kantolaukku helpottaa kuljetusta, yksinkertaista varastointia ja nopeaa j\u00e4rjestely\u00e4.<\/p>\n<h4>Pakkauksen sis\u00e4lt\u00f6:<\/h4>\n<ul>\n<li>hylsyt 1\/2&#8243;\u00a0 pituus (38mm), : 10, 11, 12, 13, 14, 15, 16, 17, 18, 19 mm<\/li>\n<li>hylsyt 1\/2&#8243;\u00a0 pituus (78mm): 10, 11, 12, 13, 14, 15, 16, 17, 18, 19 mm<\/li>\n<\/ul>\n","protected":false},"excerpt":{"rendered":"<p>Hyv\u00e4 sarja pulttikoneen kaveriksi, jossa pitk\u00e4t ja lyhyet hylsyt. Geko<\/p>\n","protected":false},"featured_media":6752,"template":"","meta":{"_monsterinsights_skip_tracking":false,"_monsterinsights_sitenote_active":false,"_monsterinsights_sitenote_note":"","_monsterinsights_sitenote_category":0,"neve_meta_sidebar":"","neve_meta_container":"","neve_meta_enable_content_width":"off","neve_meta_content_width":100,"neve_meta_title_alignment":"","neve_meta_author_avatar":"","neve_post_elements_order":"","neve_meta_disable_header":"","neve_meta_disable_footer":"","neve_meta_disable_title":"","_themeisle_gutenberg_block_has_review":false},"product_brand":[],"product_cat":[31],"product_tag":[],"class_list":{"0":"post-6750","1":"product","2":"type-product","3":"status-publish","4":"has-post-thumbnail","6":"product_cat-pulttikoneet-ja-hylsyt","8":"first","9":"instock","10":"taxable","11":"shipping-taxable","12":"purchasable","13":"product-type-simple"},"supplier_id":null,"supplier_sku":"","barcode":null,"atum_controlled":true,"out_stock_date":null,"out_stock_threshold":null,"inheritable":false,"inbound_stock":null,"stock_on_hold":0,"sold_today":0,"sales_last_days":0,"reserved_stock":null,"customer_returns":null,"warehouse_damage":null,"lost_in_post":null,"other_logs":null,"out_stock_days":0,"lost_sales":0,"has_location":false,"update_date":"2026-05-13T00:59:48","atum_locations":[],"atum_stock_status":"instock","restock_status":false,"low_stock_amount":"","sales_update_date":"2026-05-13T00:59:48","calc_backorders":null,"aioseo_notices":[],"_links":{"self":[{"href":"https:\/\/www.jimport.fi\/index.php\/wp-json\/wp\/v2\/product\/6750","targetHints":{"allow":["GET"]}}],"collection":[{"href":"https:\/\/www.jimport.fi\/index.php\/wp-json\/wp\/v2\/product"}],"about":[{"href":"https:\/\/www.jimport.fi\/index.php\/wp-json\/wp\/v2\/types\/product"}],"version-history":[{"count":1,"href":"https:\/\/www.jimport.fi\/index.php\/wp-json\/wp\/v2\/product\/6750\/revisions"}],"predecessor-version":[{"id":6753,"href":"https:\/\/www.jimport.fi\/index.php\/wp-json\/wp\/v2\/product\/6750\/revisions\/6753"}],"wp:featuredmedia":[{"embeddable":true,"href":"https:\/\/www.jimport.fi\/index.php\/wp-json\/wp\/v2\/media\/6752"}],"wp:attachment":[{"href":"https:\/\/www.jimport.fi\/index.php\/wp-json\/wp\/v2\/media?parent=6750"}],"wp:term":[{"taxonomy":"product_brand","embeddable":true,"href":"https:\/\/www.jimport.fi\/index.php\/wp-json\/wp\/v2\/product_brand?post=6750"},{"taxonomy":"product_cat","embeddable":true,"href":"https:\/\/www.jimport.fi\/index.php\/wp-json\/wp\/v2\/product_cat?post=6750"},{"taxonomy":"product_tag","embeddable":true,"href":"https:\/\/www.jimport.fi\/index.php\/wp-json\/wp\/v2\/product_tag?post=6750"}],"curies":[{"name":"wp","href":"https:\/\/api.w.org\/{rel}","templated":true}]}}