{"id":6754,"date":"2024-02-15T15:48:49","date_gmt":"2024-02-15T12:48:49","guid":{"rendered":"https:\/\/www.jimport.fi\/?post_type=product&#038;p=6754"},"modified":"2024-02-15T15:48:50","modified_gmt":"2024-02-15T12:48:50","slug":"monitoimiavain-8-19mm","status":"publish","type":"product","link":"https:\/\/www.jimport.fi\/index.php\/tuote\/monitoimiavain-8-19mm\/","title":{"rendered":"Monitoimiavain 8-19mm"},"content":{"rendered":"<h2>Tuotekuvaus<\/h2>\n<p><strong>Yleisk\u00e4ytt\u00f6inen 48in1-monitoimiavain<\/strong>, joka on valmistettu\u00a0<strong>kest\u00e4v\u00e4st\u00e4 CrV-ty\u00f6kaluter\u00e4ksest\u00e4<\/strong>. 48in1-monitoimiavain on\u00a0<strong>v\u00e4ltt\u00e4m\u00e4t\u00f6n ty\u00f6kalu jokaisessa kodissa ja autotallissa.<\/strong>\u00a0Se korvaa onnistuneesti jakoavaimet, jotka on tarkoitettu\u00a0<strong>12-, 6-piste-, 4-piste-, E-Torx-, ura- ja tuumaruuveille tai muttereille.<\/strong><\/p>\n<p><strong>360\u00b0 py\u00f6riv\u00e4n p\u00e4\u00e4n<\/strong>\u00a0ja ergonomisen, luistamattoman kahvan yhdistelm\u00e4 takaa mukavuuden ty\u00f6n aikana ja ty\u00f6kalun varman otteen.<\/p>\n<p><strong>Tuotteen ominaisuudet<\/strong>: valmistettu kest\u00e4v\u00e4st\u00e4 CrV-ty\u00f6kaluter\u00e4ksest\u00e4<br \/>\nmonitoiminen: 4<strong>8in1, 12-piste-, 6-piste-, 4-piste-, E-Torx-, ura- ja tuumahylsyille ja muttereille<\/strong><br \/>\n<strong>360 \u00b0\u00a0<\/strong>py\u00f6riv\u00e4 p\u00e4\u00e4<br \/>\n<strong>ergonomiset, luistamattomat kahvat<\/strong><br \/>\nkoossa:<br \/>\n<strong>8mm (5-16 &#8221;) \/ 10mm (3\/8&#8221;) \/ 11mm (7\/16 &#8221;) \/ 13mm (1\/2&#8221;) \/ 14mm (9\/16 &#8221;) \\ 16mm (5\/8 &#8221;) \/ 17mm (11\/16&#8221;) \/ 18mm (3\/4 &#8221;)<\/strong><\/p>\n","protected":false},"excerpt":{"rendered":"<p>Todellinen joka paikan h\u00f6yl\u00e4 (tai sorvi) sopii kaikenlaisiin pultinkantoihin milli ja tuuma mitoituksella.<\/p>\n","protected":false},"featured_media":6757,"template":"","meta":{"_monsterinsights_skip_tracking":false,"_monsterinsights_sitenote_active":false,"_monsterinsights_sitenote_note":"","_monsterinsights_sitenote_category":0,"neve_meta_sidebar":"","neve_meta_container":"","neve_meta_enable_content_width":"off","neve_meta_content_width":100,"neve_meta_title_alignment":"","neve_meta_author_avatar":"","neve_post_elements_order":"","neve_meta_disable_header":"","neve_meta_disable_footer":"","neve_meta_disable_title":"","_themeisle_gutenberg_block_has_review":false},"product_brand":[],"product_cat":[105],"product_tag":[],"class_list":{"0":"post-6754","1":"product","2":"type-product","3":"status-publish","4":"has-post-thumbnail","6":"product_cat-jakarit","8":"first","9":"instock","10":"taxable","11":"shipping-taxable","12":"purchasable","13":"product-type-simple"},"supplier_id":null,"supplier_sku":"","barcode":null,"atum_controlled":true,"out_stock_date":null,"out_stock_threshold":null,"inheritable":false,"inbound_stock":null,"stock_on_hold":0,"sold_today":0,"sales_last_days":0,"reserved_stock":null,"customer_returns":null,"warehouse_damage":null,"lost_in_post":null,"other_logs":null,"out_stock_days":0,"lost_sales":0,"has_location":false,"update_date":"2026-04-16T00:01:11","atum_locations":[],"atum_stock_status":"instock","restock_status":false,"low_stock_amount":"","sales_update_date":"2026-04-16T00:01:11","calc_backorders":null,"aioseo_notices":[],"_links":{"self":[{"href":"https:\/\/www.jimport.fi\/index.php\/wp-json\/wp\/v2\/product\/6754","targetHints":{"allow":["GET"]}}],"collection":[{"href":"https:\/\/www.jimport.fi\/index.php\/wp-json\/wp\/v2\/product"}],"about":[{"href":"https:\/\/www.jimport.fi\/index.php\/wp-json\/wp\/v2\/types\/product"}],"version-history":[{"count":1,"href":"https:\/\/www.jimport.fi\/index.php\/wp-json\/wp\/v2\/product\/6754\/revisions"}],"predecessor-version":[{"id":6758,"href":"https:\/\/www.jimport.fi\/index.php\/wp-json\/wp\/v2\/product\/6754\/revisions\/6758"}],"wp:featuredmedia":[{"embeddable":true,"href":"https:\/\/www.jimport.fi\/index.php\/wp-json\/wp\/v2\/media\/6757"}],"wp:attachment":[{"href":"https:\/\/www.jimport.fi\/index.php\/wp-json\/wp\/v2\/media?parent=6754"}],"wp:term":[{"taxonomy":"product_brand","embeddable":true,"href":"https:\/\/www.jimport.fi\/index.php\/wp-json\/wp\/v2\/product_brand?post=6754"},{"taxonomy":"product_cat","embeddable":true,"href":"https:\/\/www.jimport.fi\/index.php\/wp-json\/wp\/v2\/product_cat?post=6754"},{"taxonomy":"product_tag","embeddable":true,"href":"https:\/\/www.jimport.fi\/index.php\/wp-json\/wp\/v2\/product_tag?post=6754"}],"curies":[{"name":"wp","href":"https:\/\/api.w.org\/{rel}","templated":true}]}}