{"id":6764,"date":"2024-02-15T16:16:36","date_gmt":"2024-02-15T13:16:36","guid":{"rendered":"https:\/\/www.jimport.fi\/?post_type=product&#038;p=6764"},"modified":"2024-03-23T12:35:56","modified_gmt":"2024-03-23T09:35:56","slug":"pikalukitusmutteri-kulmahiomakoneeseen","status":"publish","type":"product","link":"https:\/\/www.jimport.fi\/index.php\/tuote\/pikalukitusmutteri-kulmahiomakoneeseen\/","title":{"rendered":"Pikalukitusmutteri r\u00e4ll\u00e4kk\u00e4\u00e4n"},"content":{"rendered":"<h2>Tuotekuvaus<\/h2>\n<p><strong>Pikalukitusmutteri M14<\/strong>\u00a0kulmahiomakoneisiin.\u00a0<strong>Mahdollistaa nopean, ilman ty\u00f6kaluja tapahtuvan laikan vaihdon.<\/strong>\u00a0Sopii kaikkiin kulmahiomakoneisiin,\u00a0<strong>joissa on kierre M14<\/strong>, kiekon halkaisijasta riippumatta.<\/p>\n","protected":false},"excerpt":{"rendered":"<p>K\u00e4tev\u00e4 pikalukitusmutteri kulmahiomakoneeseen. Taika piilee sis\u00e4isess\u00e4 mekanismissa, joka saa mutterin aukeamaan kevyesti, vaikka se olisi kovinkin kire\u00e4ll\u00e4.<\/p>\n","protected":false},"featured_media":6766,"template":"","meta":{"_monsterinsights_skip_tracking":false,"_monsterinsights_sitenote_active":false,"_monsterinsights_sitenote_note":"","_monsterinsights_sitenote_category":0,"neve_meta_sidebar":"","neve_meta_container":"","neve_meta_enable_content_width":"off","neve_meta_content_width":100,"neve_meta_title_alignment":"","neve_meta_author_avatar":"","neve_post_elements_order":"","neve_meta_disable_header":"","neve_meta_disable_footer":"","neve_meta_disable_title":"","_themeisle_gutenberg_block_has_review":false},"product_brand":[],"product_cat":[58],"product_tag":[],"class_list":{"0":"post-6764","1":"product","2":"type-product","3":"status-publish","4":"has-post-thumbnail","6":"product_cat-sahkotyokaluja","8":"first","9":"instock","10":"taxable","11":"shipping-taxable","12":"purchasable","13":"product-type-simple"},"supplier_id":null,"supplier_sku":"","barcode":null,"atum_controlled":true,"out_stock_date":null,"out_stock_threshold":null,"inheritable":false,"inbound_stock":null,"stock_on_hold":0,"sold_today":0,"sales_last_days":0,"reserved_stock":null,"customer_returns":null,"warehouse_damage":null,"lost_in_post":null,"other_logs":null,"out_stock_days":0,"lost_sales":0,"has_location":false,"update_date":"2026-05-13T00:59:48","atum_locations":[],"atum_stock_status":"instock","restock_status":false,"low_stock_amount":"","sales_update_date":"2026-05-13T00:59:48","calc_backorders":null,"aioseo_notices":[],"_links":{"self":[{"href":"https:\/\/www.jimport.fi\/index.php\/wp-json\/wp\/v2\/product\/6764","targetHints":{"allow":["GET"]}}],"collection":[{"href":"https:\/\/www.jimport.fi\/index.php\/wp-json\/wp\/v2\/product"}],"about":[{"href":"https:\/\/www.jimport.fi\/index.php\/wp-json\/wp\/v2\/types\/product"}],"version-history":[{"count":2,"href":"https:\/\/www.jimport.fi\/index.php\/wp-json\/wp\/v2\/product\/6764\/revisions"}],"predecessor-version":[{"id":7003,"href":"https:\/\/www.jimport.fi\/index.php\/wp-json\/wp\/v2\/product\/6764\/revisions\/7003"}],"wp:featuredmedia":[{"embeddable":true,"href":"https:\/\/www.jimport.fi\/index.php\/wp-json\/wp\/v2\/media\/6766"}],"wp:attachment":[{"href":"https:\/\/www.jimport.fi\/index.php\/wp-json\/wp\/v2\/media?parent=6764"}],"wp:term":[{"taxonomy":"product_brand","embeddable":true,"href":"https:\/\/www.jimport.fi\/index.php\/wp-json\/wp\/v2\/product_brand?post=6764"},{"taxonomy":"product_cat","embeddable":true,"href":"https:\/\/www.jimport.fi\/index.php\/wp-json\/wp\/v2\/product_cat?post=6764"},{"taxonomy":"product_tag","embeddable":true,"href":"https:\/\/www.jimport.fi\/index.php\/wp-json\/wp\/v2\/product_tag?post=6764"}],"curies":[{"name":"wp","href":"https:\/\/api.w.org\/{rel}","templated":true}]}}