{"id":6779,"date":"2024-02-15T17:34:55","date_gmt":"2024-02-15T14:34:55","guid":{"rendered":"https:\/\/www.jimport.fi\/?post_type=product&#038;p=6779"},"modified":"2025-12-06T18:14:10","modified_gmt":"2025-12-06T15:14:10","slug":"kaavintasarja-12os","status":"publish","type":"product","link":"https:\/\/www.jimport.fi\/index.php\/tuote\/kaavintasarja-12os\/","title":{"rendered":"Kaavintasarja 12os"},"content":{"rendered":"<h2>Tuotekuvaus<\/h2>\n<p>Jos etsit luotettavia ja mukavia ty\u00f6kaluja puhdistukseen, t\u00e4m\u00e4 GEKO-puhdistusveitsisarja on sinua varten! Setti sis\u00e4lt\u00e4\u00e4\u00a0<strong>12 elementti\u00e4<\/strong>:\u00a0<strong>suuren puhdistusveitsen ja pienen puhdistusveitsen, joissa kummassakin on 5 vaihdettavaa ter\u00e4\u00e4<\/strong>. Halusitpa sitten poistaa maalin, liiman, silikonin tai muut ep\u00e4puhtaudet, lasista n\u00e4m\u00e4 veitset hoitavat mink\u00e4 tahansa teht\u00e4v\u00e4n!<\/p>\n<h4>Tekniset tiedot:<\/h4>\n<ul>\n<li>Materiaali: Puhdistusveitsi:\u00a0<strong>ABS + TPR<\/strong><br \/>\nTer\u00e4<strong>:<\/strong><br \/>\n<strong>hiiliter\u00e4s<\/p>\n<p><\/strong><\/li>\n<li><strong>Elementtisarja:<br \/>\n<\/strong>1 iso puhdistusveitsi + 5 kpl. vaihdettavat ter\u00e4t; Ter\u00e4n koko:\u00a0<strong>n. 100x18mm<br \/>\n<\/strong>1 pieni puhdistusveitsi + 5 kpl. vaihdettavat ter\u00e4t; Ter\u00e4n koko:<strong>\u00a0n. 39x19mm<\/strong><\/li>\n<\/ul>\n<h4><strong><br \/>\n<\/strong><span>Tuotteen t\u00e4rkeimm\u00e4t ominaisuudet:<\/span><\/h4>\n<ul>\n<li><span>GEKO-puhdistusveitsisarja on 12-osainen ty\u00f6kalusarja ep\u00e4puhtauksien poistamiseen lasista ja sileist\u00e4 pinnoista.<\/span><\/li>\n<li>Veitset on valmistettu kest\u00e4v\u00e4st\u00e4 ABS + TPR -materiaalista, mik\u00e4 takaa erinomaisen hallinnan ja k\u00e4ytt\u00f6mukavuuden.<br \/>\n|<\/li>\n<li>Ter\u00e4t on valmistettu korkealaatuisesta hiiliter\u00e4ksest\u00e4, joka tarjoaa tarkan leikkauksen ja pitk\u00e4kestoisen ter\u00e4vyyden.<\/li>\n<\/ul>\n","protected":false},"excerpt":{"rendered":"<p>Ter\u00e4v\u00e4t kaapimet lasien ja muiden pintojen puhdistukseen. Voi puhdistella vaikka kansipahvin tai muiden tiivisteiden j\u00e4\u00e4mi\u00e4 ja maalitahrojen tai tarrojen poistoon hyvin toimivat.<\/p>\n","protected":false},"featured_media":6785,"template":"","meta":{"_monsterinsights_skip_tracking":false,"_monsterinsights_sitenote_active":false,"_monsterinsights_sitenote_note":"","_monsterinsights_sitenote_category":0,"neve_meta_sidebar":"","neve_meta_container":"","neve_meta_enable_content_width":"off","neve_meta_content_width":100,"neve_meta_title_alignment":"","neve_meta_author_avatar":"","neve_post_elements_order":"","neve_meta_disable_header":"","neve_meta_disable_footer":"","neve_meta_disable_title":"","_themeisle_gutenberg_block_has_review":false},"product_brand":[],"product_cat":[42],"product_tag":[],"class_list":{"0":"post-6779","1":"product","2":"type-product","3":"status-publish","4":"has-post-thumbnail","6":"product_cat-terat","8":"first","9":"instock","10":"taxable","11":"shipping-taxable","12":"purchasable","13":"product-type-simple"},"supplier_id":null,"supplier_sku":"","barcode":null,"atum_controlled":true,"out_stock_date":null,"out_stock_threshold":null,"inheritable":false,"inbound_stock":null,"stock_on_hold":0,"sold_today":0,"sales_last_days":0,"reserved_stock":null,"customer_returns":null,"warehouse_damage":null,"lost_in_post":null,"other_logs":null,"out_stock_days":0,"lost_sales":0,"has_location":false,"update_date":"2026-05-13T00:59:58","atum_locations":[],"atum_stock_status":"instock","restock_status":false,"low_stock_amount":"","sales_update_date":"2026-05-13T00:59:58","calc_backorders":null,"aioseo_notices":[],"_links":{"self":[{"href":"https:\/\/www.jimport.fi\/index.php\/wp-json\/wp\/v2\/product\/6779","targetHints":{"allow":["GET"]}}],"collection":[{"href":"https:\/\/www.jimport.fi\/index.php\/wp-json\/wp\/v2\/product"}],"about":[{"href":"https:\/\/www.jimport.fi\/index.php\/wp-json\/wp\/v2\/types\/product"}],"version-history":[{"count":1,"href":"https:\/\/www.jimport.fi\/index.php\/wp-json\/wp\/v2\/product\/6779\/revisions"}],"predecessor-version":[{"id":6786,"href":"https:\/\/www.jimport.fi\/index.php\/wp-json\/wp\/v2\/product\/6779\/revisions\/6786"}],"wp:featuredmedia":[{"embeddable":true,"href":"https:\/\/www.jimport.fi\/index.php\/wp-json\/wp\/v2\/media\/6785"}],"wp:attachment":[{"href":"https:\/\/www.jimport.fi\/index.php\/wp-json\/wp\/v2\/media?parent=6779"}],"wp:term":[{"taxonomy":"product_brand","embeddable":true,"href":"https:\/\/www.jimport.fi\/index.php\/wp-json\/wp\/v2\/product_brand?post=6779"},{"taxonomy":"product_cat","embeddable":true,"href":"https:\/\/www.jimport.fi\/index.php\/wp-json\/wp\/v2\/product_cat?post=6779"},{"taxonomy":"product_tag","embeddable":true,"href":"https:\/\/www.jimport.fi\/index.php\/wp-json\/wp\/v2\/product_tag?post=6779"}],"curies":[{"name":"wp","href":"https:\/\/api.w.org\/{rel}","templated":true}]}}