{"id":6811,"date":"2024-03-08T12:36:50","date_gmt":"2024-03-08T09:36:50","guid":{"rendered":"https:\/\/www.jimport.fi\/?post_type=product&#038;p=6811"},"modified":"2025-11-02T14:43:21","modified_gmt":"2025-11-02T11:43:21","slug":"ydintaytelanka-mig-200a","status":"publish","type":"product","link":"https:\/\/www.jimport.fi\/index.php\/tuote\/ydintaytelanka-mig-200a\/","title":{"rendered":"Ydint\u00e4ytelanka MIG 200A"},"content":{"rendered":"<p><strong>Tekniset tiedot:<\/strong><\/p>\n<p>K\u00e4ytt\u00f6j\u00e4nnite:\u00a0<strong>230V<\/strong><\/p>\n<p>Taajuus:\u00a0<strong>50 \/ 60Hz<\/strong><\/p>\n<p>Nimellinen tulokapasiteetti:\u00a0<strong>6.1KVA<\/strong><\/p>\n<p>Hitsausmenetelm\u00e4t:\u00a0<strong>MIG<\/strong><\/p>\n<p>Nimellinen hitsaussykli:\u00a0<strong>60%<\/strong><\/p>\n<p>Hitsausvirta:\u00a0<strong>40-200A<\/strong><\/p>\n<p>Langan nopeus:<strong>\u00a03-15m \/ min<\/strong><\/p>\n<p>Mitat:\u00a0<strong>310 * 155 * 220mm<\/strong><\/p>\n<p>&nbsp;<\/p>\n<p><strong>Setti sis\u00e4lt\u00e4\u00e4:<\/strong><\/p>\n<p>Ydint\u00e4yte Mig hitsaus laite<\/p>\n<p>DIN-maadoituskaapeli puristimella<\/p>\n<p>Hitsausmaski<\/p>\n<p>Puhdistusharja<\/p>\n","protected":false},"excerpt":{"rendered":"[video width=\"1920\" height=\"1080\" mp4=\"https:\/\/www.jimport.fi\/wp-content\/uploads\/2024\/03\/ydintatelanka-mig.-verkkokauppaan.mp4\"][\/video]\n<p>Geko ydint\u00e4ytelanka MIG riitt\u00e4\u00e4 monenlaiseen hitsaus harrasteluun. Hitsaus onnistuu ohuesta pellist\u00e4 alkaen ja teho riitt\u00e4\u00e4 paksummillekin ter\u00e4ksille, ilman suojakaasu kustannuksia.<\/p>\n","protected":false},"featured_media":6810,"template":"","meta":{"_monsterinsights_skip_tracking":false,"_monsterinsights_sitenote_active":false,"_monsterinsights_sitenote_note":"","_monsterinsights_sitenote_category":0,"neve_meta_sidebar":"","neve_meta_container":"","neve_meta_enable_content_width":"off","neve_meta_content_width":100,"neve_meta_title_alignment":"","neve_meta_author_avatar":"","neve_post_elements_order":"","neve_meta_disable_header":"","neve_meta_disable_footer":"","neve_meta_disable_title":"","_themeisle_gutenberg_block_has_review":false},"product_brand":[],"product_cat":[141,58],"product_tag":[],"class_list":{"0":"post-6811","1":"product","2":"type-product","3":"status-publish","4":"has-post-thumbnail","6":"product_cat-hitsaus","7":"product_cat-sahkotyokaluja","9":"first","10":"instock","11":"sale","12":"taxable","13":"shipping-taxable","14":"purchasable","15":"product-type-simple"},"supplier_id":null,"supplier_sku":"","barcode":null,"atum_controlled":true,"out_stock_date":null,"out_stock_threshold":null,"inheritable":false,"inbound_stock":0,"stock_on_hold":0,"sold_today":0,"sales_last_days":0,"reserved_stock":0,"customer_returns":0,"warehouse_damage":0,"lost_in_post":0,"other_logs":0,"out_stock_days":0,"lost_sales":0,"has_location":false,"update_date":"2026-05-13T00:59:51","atum_locations":[],"atum_stock_status":"instock","restock_status":false,"low_stock_amount":"","sales_update_date":"2026-05-13T00:59:51","calc_backorders":null,"aioseo_notices":[],"_links":{"self":[{"href":"https:\/\/www.jimport.fi\/index.php\/wp-json\/wp\/v2\/product\/6811","targetHints":{"allow":["GET"]}}],"collection":[{"href":"https:\/\/www.jimport.fi\/index.php\/wp-json\/wp\/v2\/product"}],"about":[{"href":"https:\/\/www.jimport.fi\/index.php\/wp-json\/wp\/v2\/types\/product"}],"version-history":[{"count":2,"href":"https:\/\/www.jimport.fi\/index.php\/wp-json\/wp\/v2\/product\/6811\/revisions"}],"predecessor-version":[{"id":6867,"href":"https:\/\/www.jimport.fi\/index.php\/wp-json\/wp\/v2\/product\/6811\/revisions\/6867"}],"wp:featuredmedia":[{"embeddable":true,"href":"https:\/\/www.jimport.fi\/index.php\/wp-json\/wp\/v2\/media\/6810"}],"wp:attachment":[{"href":"https:\/\/www.jimport.fi\/index.php\/wp-json\/wp\/v2\/media?parent=6811"}],"wp:term":[{"taxonomy":"product_brand","embeddable":true,"href":"https:\/\/www.jimport.fi\/index.php\/wp-json\/wp\/v2\/product_brand?post=6811"},{"taxonomy":"product_cat","embeddable":true,"href":"https:\/\/www.jimport.fi\/index.php\/wp-json\/wp\/v2\/product_cat?post=6811"},{"taxonomy":"product_tag","embeddable":true,"href":"https:\/\/www.jimport.fi\/index.php\/wp-json\/wp\/v2\/product_tag?post=6811"}],"curies":[{"name":"wp","href":"https:\/\/api.w.org\/{rel}","templated":true}]}}