{"id":6813,"date":"2024-03-08T14:04:01","date_gmt":"2024-03-08T11:04:01","guid":{"rendered":"https:\/\/www.jimport.fi\/?post_type=product&#038;p=6813"},"modified":"2025-02-15T21:15:47","modified_gmt":"2025-02-15T18:15:47","slug":"mig-tig-mma-hitsauslaite-160a","status":"publish","type":"product","link":"https:\/\/www.jimport.fi\/index.php\/tuote\/mig-tig-mma-hitsauslaite-160a\/","title":{"rendered":"MIG\/TIG\/MMA Hitsauslaite 160A"},"content":{"rendered":"<div style=\"width: 1200px;\" class=\"wp-video\"><video class=\"wp-video-shortcode\" id=\"video-6813-1\" width=\"1200\" height=\"675\" preload=\"metadata\" controls=\"controls\"><source type=\"video\/mp4\" src=\"https:\/\/www.jimport.fi\/wp-content\/uploads\/2024\/03\/mig-tig-mma-160a-traileri.mp4?_=1\" \/><a href=\"https:\/\/www.jimport.fi\/wp-content\/uploads\/2024\/03\/mig-tig-mma-160a-traileri.mp4\">https:\/\/www.jimport.fi\/wp-content\/uploads\/2024\/03\/mig-tig-mma-160a-traileri.mp4<\/a><\/video><\/div>\n<p>Hitsauskoneen etuja ovat muun muassa energians\u00e4\u00e4st\u00f6 ja mahdollisuus j\u00e4nnitepulssien automaattiseen korjaukseen, matalaan kipin\u00f6intiin, korkeaan k\u00e4ytt\u00f6jaksoon.<\/p>\n<p><strong>Tuotteen ominaisuudet:<\/strong><\/p>\n<p>Sis\u00e4\u00e4n mahtuu 1kg lankakela<br \/>\nErgonominen kantokahva<br \/>\nSuuritehoinen IGBT-transistori taajuudensiirtoon<br \/>\nS\u00e4\u00e4nn\u00f6llinen langansy\u00f6tt\u00f6nopeus<br \/>\nHiljainen toiminta ilman s\u00e4hk\u00f6magneettista kohinaa<\/p>\n<p><strong>Tekniset tiedot:<\/strong><\/p>\n<ul>\n<li>K\u00e4ytt\u00f6tila:\u00a0<strong>MIG \/ TIG \/ MMA<\/strong><\/li>\n<li>K\u00e4ytt\u00f6j\u00e4nnite:\u00a0<strong>230V<\/strong><\/li>\n<li>Kuormittamaton j\u00e4nnite:\u00a0<strong>16-22A<\/strong><\/li>\n<li>Taajuus:\u00a0<strong>50Hz<\/strong><\/li>\n<li>Tuetut langan halkaisijat:\u00a0<strong>0,6 \/ 0,8 mm<\/strong><\/li>\n<li>Tuetut elektrodin halkaisijat:\u00a0<strong>2,5 mm &#8211; 4 mm<\/strong><\/li>\n<li>Hitsausmenetelm\u00e4t:\u00a0<strong>MIG \/ TIG \/ PUIKKO<\/strong><\/li>\n<li>Nimellinen hitsaussykli:\u00a0<strong>60%,\u00a0<\/strong><\/li>\n<li>Langan nopeus:\u00a0<strong>3-15 m \/ min<\/strong><\/li>\n<\/ul>\n<p><strong>Sis\u00e4ltyy:<\/strong><\/p>\n<p>MIG \/ TIG \/ PUIKKOHITSAAJA<\/p>\n<p>DIN-maadoituskaapeli puristimella<\/p>\n<p>Hitsausmaski<\/p>\n<p>Puhdistusharja<\/p>\n<p>Puikkohitsauskaapeli<\/p>\n<p>HUOM. EI SIS\u00c4LL\u00c4 TIG KAAPELIA\/POLTINTA (tarvitaan malli, jossa kaasuhana kahvassa)<\/p>\n<h4>Tekniset tiedot<\/h4>\n<table>\n<tbody>\n<tr>\n<td>Langan halkaisija. Koko<\/td>\n<td>0,6 &#8211; 0,8 mm<\/td>\n<\/tr>\n<tr>\n<td>MMA-elektrodin koko<\/td>\n<td>1,6 &#8211; 4,0 mm<\/td>\n<\/tr>\n<tr>\n<td>Kuormittamaton j\u00e4nnite<\/td>\n<td>55V<\/td>\n<\/tr>\n<tr>\n<td>I<sub>1max<\/sub><\/td>\n<td>29,6 A<\/td>\n<\/tr>\n<tr>\n<td>I<sub>1eff<\/sub><\/td>\n<td>22,9 A<\/td>\n<\/tr>\n<tr>\n<td>Tehokerroin<\/td>\n<td>0.93<\/td>\n<\/tr>\n<\/tbody>\n<\/table>\n<h5>MINUA<\/h5>\n<table>\n<tbody>\n<tr>\n<th>MIG-k\u00e4ytt\u00f6jakso<\/th>\n<th>60%<\/th>\n<th>100%<\/th>\n<\/tr>\n<tr>\n<td>Virta<\/td>\n<td>160 A<\/td>\n<td>124A<\/td>\n<\/tr>\n<tr>\n<td>J\u00e4nnite<\/td>\n<td>22,0 V<\/td>\n<td>20,2 V<\/td>\n<\/tr>\n<\/tbody>\n<\/table>\n<h5>MMA<\/h5>\n<table>\n<tbody>\n<tr>\n<th>MMA-k\u00e4ytt\u00f6jakso<\/th>\n<th>60%<\/th>\n<th>100%<\/th>\n<\/tr>\n<tr>\n<td>Virta<\/td>\n<td>160 A<\/td>\n<td>124 A<\/td>\n<\/tr>\n<tr>\n<td>J\u00e4nnite<\/td>\n<td>26,4 V<\/td>\n<td>25,0 V<\/td>\n<\/tr>\n<\/tbody>\n<\/table>\n","protected":false},"excerpt":{"rendered":"<p>Yhdistelm\u00e4hitsauslaite, jolla onnistuu MIG\/MAG, TIG ja puikkohitsaus. Synerginen toiminta, eli s\u00e4\u00e4t\u00f6 onnistuu yht\u00e4 nuppia k\u00e4\u00e4nt\u00e4m\u00e4ll\u00e4.<\/p>\n","protected":false},"featured_media":6820,"template":"","meta":{"_monsterinsights_skip_tracking":false,"_monsterinsights_sitenote_active":false,"_monsterinsights_sitenote_note":"","_monsterinsights_sitenote_category":0,"neve_meta_sidebar":"","neve_meta_container":"","neve_meta_enable_content_width":"off","neve_meta_content_width":100,"neve_meta_title_alignment":"","neve_meta_author_avatar":"","neve_post_elements_order":"","neve_meta_disable_header":"","neve_meta_disable_footer":"","neve_meta_disable_title":"","_themeisle_gutenberg_block_has_review":false},"product_brand":[],"product_cat":[141,58],"product_tag":[],"class_list":{"0":"post-6813","1":"product","2":"type-product","3":"status-publish","4":"has-post-thumbnail","6":"product_cat-hitsaus","7":"product_cat-sahkotyokaluja","9":"first","10":"instock","11":"sale","12":"taxable","13":"shipping-taxable","14":"purchasable","15":"product-type-simple"},"supplier_id":null,"supplier_sku":"","barcode":null,"atum_controlled":true,"out_stock_date":null,"out_stock_threshold":null,"inheritable":false,"inbound_stock":0,"stock_on_hold":0,"sold_today":0,"sales_last_days":0,"reserved_stock":0,"customer_returns":0,"warehouse_damage":0,"lost_in_post":0,"other_logs":0,"out_stock_days":0,"lost_sales":0,"has_location":false,"update_date":"2026-05-02T00:37:45","atum_locations":[],"atum_stock_status":"instock","restock_status":false,"low_stock_amount":"","sales_update_date":"2026-05-02T00:37:45","calc_backorders":null,"aioseo_notices":[],"_links":{"self":[{"href":"https:\/\/www.jimport.fi\/index.php\/wp-json\/wp\/v2\/product\/6813","targetHints":{"allow":["GET"]}}],"collection":[{"href":"https:\/\/www.jimport.fi\/index.php\/wp-json\/wp\/v2\/product"}],"about":[{"href":"https:\/\/www.jimport.fi\/index.php\/wp-json\/wp\/v2\/types\/product"}],"version-history":[{"count":5,"href":"https:\/\/www.jimport.fi\/index.php\/wp-json\/wp\/v2\/product\/6813\/revisions"}],"predecessor-version":[{"id":6871,"href":"https:\/\/www.jimport.fi\/index.php\/wp-json\/wp\/v2\/product\/6813\/revisions\/6871"}],"wp:featuredmedia":[{"embeddable":true,"href":"https:\/\/www.jimport.fi\/index.php\/wp-json\/wp\/v2\/media\/6820"}],"wp:attachment":[{"href":"https:\/\/www.jimport.fi\/index.php\/wp-json\/wp\/v2\/media?parent=6813"}],"wp:term":[{"taxonomy":"product_brand","embeddable":true,"href":"https:\/\/www.jimport.fi\/index.php\/wp-json\/wp\/v2\/product_brand?post=6813"},{"taxonomy":"product_cat","embeddable":true,"href":"https:\/\/www.jimport.fi\/index.php\/wp-json\/wp\/v2\/product_cat?post=6813"},{"taxonomy":"product_tag","embeddable":true,"href":"https:\/\/www.jimport.fi\/index.php\/wp-json\/wp\/v2\/product_tag?post=6813"}],"curies":[{"name":"wp","href":"https:\/\/api.w.org\/{rel}","templated":true}]}}