{"id":6835,"date":"2024-03-08T14:54:03","date_gmt":"2024-03-08T11:54:03","guid":{"rendered":"https:\/\/www.jimport.fi\/?post_type=product&#038;p=6835"},"modified":"2026-04-27T13:46:21","modified_gmt":"2026-04-27T10:46:21","slug":"co2-saadin-virtausmittarilla","status":"publish","type":"product","link":"https:\/\/www.jimport.fi\/index.php\/tuote\/co2-saadin-virtausmittarilla\/","title":{"rendered":"CO2 S\u00e4\u00e4din virtausmittarilla"},"content":{"rendered":"<p>T\u00e4m\u00e4 malli mittaa todellista virtausta, kun yleens\u00e4 suojakaasu virtausmittarit on suuntaa antavia painemittareita. Sopii Suomessa yleisesti myyt\u00e4viin\/vuokrattaviin hiilidioksidi pulloihin, EI argon\/seoskaasupulloihin. Virtausmittari t\u00e4ytyy olla pystyasennossa toimiakseen oikein.<\/p>\n","protected":false},"excerpt":{"rendered":"<p>S\u00e4\u00e4din paine ja virtausmittarilla hiilidioksidipulloon. Painemittari 0-300bar \/ virtausmittari 1-25l\/min. W 21,8&#215;1\/14&#8243; kierre. Geko<\/p>\n","protected":false},"featured_media":6839,"template":"","meta":{"_monsterinsights_skip_tracking":false,"_monsterinsights_sitenote_active":false,"_monsterinsights_sitenote_note":"","_monsterinsights_sitenote_category":0,"neve_meta_sidebar":"","neve_meta_container":"","neve_meta_enable_content_width":"off","neve_meta_content_width":100,"neve_meta_title_alignment":"","neve_meta_author_avatar":"","neve_post_elements_order":"","neve_meta_disable_header":"","neve_meta_disable_footer":"","neve_meta_disable_title":"","_themeisle_gutenberg_block_has_review":false},"product_brand":[],"product_cat":[141,58],"product_tag":[],"class_list":{"0":"post-6835","1":"product","2":"type-product","3":"status-publish","4":"has-post-thumbnail","6":"product_cat-hitsaus","7":"product_cat-sahkotyokaluja","9":"first","10":"instock","11":"taxable","12":"shipping-taxable","13":"purchasable","14":"product-type-simple"},"supplier_id":null,"supplier_sku":"","barcode":null,"atum_controlled":true,"out_stock_date":null,"out_stock_threshold":null,"inheritable":false,"inbound_stock":0,"stock_on_hold":0,"sold_today":0,"sales_last_days":0,"reserved_stock":0,"customer_returns":0,"warehouse_damage":0,"lost_in_post":0,"other_logs":0,"out_stock_days":0,"lost_sales":0,"has_location":false,"update_date":"2026-05-13T01:00:12","atum_locations":[],"atum_stock_status":"instock","restock_status":false,"low_stock_amount":"","sales_update_date":"2026-05-13T01:00:12","calc_backorders":null,"aioseo_notices":[],"_links":{"self":[{"href":"https:\/\/www.jimport.fi\/index.php\/wp-json\/wp\/v2\/product\/6835","targetHints":{"allow":["GET"]}}],"collection":[{"href":"https:\/\/www.jimport.fi\/index.php\/wp-json\/wp\/v2\/product"}],"about":[{"href":"https:\/\/www.jimport.fi\/index.php\/wp-json\/wp\/v2\/types\/product"}],"version-history":[{"count":2,"href":"https:\/\/www.jimport.fi\/index.php\/wp-json\/wp\/v2\/product\/6835\/revisions"}],"predecessor-version":[{"id":7632,"href":"https:\/\/www.jimport.fi\/index.php\/wp-json\/wp\/v2\/product\/6835\/revisions\/7632"}],"wp:featuredmedia":[{"embeddable":true,"href":"https:\/\/www.jimport.fi\/index.php\/wp-json\/wp\/v2\/media\/6839"}],"wp:attachment":[{"href":"https:\/\/www.jimport.fi\/index.php\/wp-json\/wp\/v2\/media?parent=6835"}],"wp:term":[{"taxonomy":"product_brand","embeddable":true,"href":"https:\/\/www.jimport.fi\/index.php\/wp-json\/wp\/v2\/product_brand?post=6835"},{"taxonomy":"product_cat","embeddable":true,"href":"https:\/\/www.jimport.fi\/index.php\/wp-json\/wp\/v2\/product_cat?post=6835"},{"taxonomy":"product_tag","embeddable":true,"href":"https:\/\/www.jimport.fi\/index.php\/wp-json\/wp\/v2\/product_tag?post=6835"}],"curies":[{"name":"wp","href":"https:\/\/api.w.org\/{rel}","templated":true}]}}