{"id":6846,"date":"2024-03-08T15:18:41","date_gmt":"2024-03-08T12:18:41","guid":{"rendered":"https:\/\/www.jimport.fi\/?post_type=product&#038;p=6846"},"modified":"2025-05-30T13:07:50","modified_gmt":"2025-05-30T10:07:50","slug":"hitsauslanka-08mm-5kg","status":"publish","type":"product","link":"https:\/\/www.jimport.fi\/index.php\/tuote\/hitsauslanka-08mm-5kg\/","title":{"rendered":"Hitsauslanka 0,8mm 5kg"},"content":{"rendered":"<h2>Tuotekuvaus<\/h2>\n<p>Kela esikuormitettu 5 kg:n pehme\u00e4ll\u00e4 ter\u00e4shitsauslangalla. Soveltuu 100-prosenttiseen CO2- ja Argon\/CO2-kaasusuojahitsaukseen, vakaalla toteutettavuudella, mukavilla hitsaussaumoilla, v\u00e4hemm\u00e4n roiskeita ja erinomaisilla hitsausprosessiominaisuuksilla.<\/p>\n<p><strong>Sovellus:<\/strong><\/p>\n<ul>\n<li>Soveltuu hiiliter\u00e4ksen ja 420MPa-luokan matalan ter\u00e4ksen hitsaukseen, kuten ajoneuvojen, siltojen, rakennus- ja konehitsaukseen<\/li>\n<\/ul>\n<h3>Tuotteen ominaisuudet<\/h3>\n<ul>\n<li>Halkaisija 0,8 mm<\/li>\n<li>Kuparipinnoitettu hitsauslanka, joka sis\u00e4lt\u00e4\u00e4 runsaasti mangaania ja piit\u00e4<\/li>\n<li>Vaatii CO2- tai argon\/CO2-suojakaasua<\/li>\n<li>Korkea hitsaustehokkuus<\/li>\n<li>Laadukkaat hitsit<\/li>\n<\/ul>\n<h4>Tekniset tiedot<\/h4>\n<ul>\n<li>Langan halkaisija: 0,8 mm<\/li>\n<li>Hitsausvirta: vakiovirta<\/li>\n<li>Langan napaisuus: DC-<\/li>\n<li>Sertifikaatit: AWS A5.18-ER70S-6, DIN 8559 SG2<\/li>\n<li>Paino: 5 kg<\/li>\n<\/ul>\n","protected":false},"excerpt":{"rendered":"<p>MIG hitsauslanka 0,8mm\/ 5kg kela. Sopii esimerkiksi Geko 220A MIG koneeseen.<\/p>\n","protected":false},"featured_media":6849,"template":"","meta":{"_monsterinsights_skip_tracking":false,"_monsterinsights_sitenote_active":false,"_monsterinsights_sitenote_note":"","_monsterinsights_sitenote_category":0,"neve_meta_sidebar":"","neve_meta_container":"","neve_meta_enable_content_width":"off","neve_meta_content_width":100,"neve_meta_title_alignment":"","neve_meta_author_avatar":"","neve_post_elements_order":"","neve_meta_disable_header":"","neve_meta_disable_footer":"","neve_meta_disable_title":"","_themeisle_gutenberg_block_has_review":false},"product_brand":[],"product_cat":[141],"product_tag":[],"class_list":{"0":"post-6846","1":"product","2":"type-product","3":"status-publish","4":"has-post-thumbnail","6":"product_cat-hitsaus","8":"first","9":"outofstock","10":"taxable","11":"shipping-taxable","12":"purchasable","13":"product-type-simple"},"supplier_id":null,"supplier_sku":"","barcode":null,"atum_controlled":true,"out_stock_date":"2025-05-30 13:07:50","out_stock_threshold":null,"inheritable":false,"inbound_stock":0,"stock_on_hold":0,"sold_today":0,"sales_last_days":0,"reserved_stock":0,"customer_returns":0,"warehouse_damage":0,"lost_in_post":0,"other_logs":0,"out_stock_days":347,"lost_sales":941,"has_location":false,"update_date":"2026-05-13T01:00:01","atum_locations":[],"atum_stock_status":"outofstock","restock_status":false,"low_stock_amount":"","sales_update_date":"2026-05-13T01:00:01","calc_backorders":null,"aioseo_notices":[],"_links":{"self":[{"href":"https:\/\/www.jimport.fi\/index.php\/wp-json\/wp\/v2\/product\/6846","targetHints":{"allow":["GET"]}}],"collection":[{"href":"https:\/\/www.jimport.fi\/index.php\/wp-json\/wp\/v2\/product"}],"about":[{"href":"https:\/\/www.jimport.fi\/index.php\/wp-json\/wp\/v2\/types\/product"}],"version-history":[{"count":1,"href":"https:\/\/www.jimport.fi\/index.php\/wp-json\/wp\/v2\/product\/6846\/revisions"}],"predecessor-version":[{"id":6850,"href":"https:\/\/www.jimport.fi\/index.php\/wp-json\/wp\/v2\/product\/6846\/revisions\/6850"}],"wp:featuredmedia":[{"embeddable":true,"href":"https:\/\/www.jimport.fi\/index.php\/wp-json\/wp\/v2\/media\/6849"}],"wp:attachment":[{"href":"https:\/\/www.jimport.fi\/index.php\/wp-json\/wp\/v2\/media?parent=6846"}],"wp:term":[{"taxonomy":"product_brand","embeddable":true,"href":"https:\/\/www.jimport.fi\/index.php\/wp-json\/wp\/v2\/product_brand?post=6846"},{"taxonomy":"product_cat","embeddable":true,"href":"https:\/\/www.jimport.fi\/index.php\/wp-json\/wp\/v2\/product_cat?post=6846"},{"taxonomy":"product_tag","embeddable":true,"href":"https:\/\/www.jimport.fi\/index.php\/wp-json\/wp\/v2\/product_tag?post=6846"}],"curies":[{"name":"wp","href":"https:\/\/api.w.org\/{rel}","templated":true}]}}