{"id":692,"date":"2022-06-10T04:25:51","date_gmt":"2022-06-10T01:25:51","guid":{"rendered":"https:\/\/www.jimport.fi\/?post_type=product&#038;p=692"},"modified":"2023-11-06T20:31:43","modified_gmt":"2023-11-06T17:31:43","slug":"katkaisulaikka-125x12mm","status":"publish","type":"product","link":"https:\/\/www.jimport.fi\/index.php\/tuote\/katkaisulaikka-125x12mm\/","title":{"rendered":"Katkaisulaikka 125&#215;1,2mm"},"content":{"rendered":"<p>Nopeaan katkaisuun. Ohut laikka ei vaadi koneelta niin paljon tehoja ja leikkaa nopeammin, suuri hy\u00f6ty esim. akkur\u00e4ll\u00e4k\u00e4ss\u00e4. Hinta\/laatusuhde on hyv\u00e4 ja jonkinlainen testivertailukin tuli tehty\u00e4.\u00a0 \u00a0 \u00a0 \u00a0https:\/\/youtu.be\/9nk4Mvy45l4<\/p>\n<h2>Tuotekuvaus<\/h2>\n<p>Valmistettu korkealaatuisesta alumiinioksidihiekasta. Lasikuituvahvistettu verkko. Laikat on suunniteltu ter\u00e4srakenteisten, ohutlevyjen, putkien, profiilien nopeaan leikkaamiseen.<\/p>\n<h3>Tuotteen ominaisuudet<\/h3>\n<ul>\n<li>Lasikuituvahvike &#8211; pidennetty laikan k\u00e4ytt\u00f6ik\u00e4<\/li>\n<li>Soveltuu vain leikkaamiseen, ei hiontaan<\/li>\n<li>Tehokas leikkaus<\/li>\n<\/ul>\n<h4>Tekniset tiedot<\/h4>\n<ul>\n<li>Hioma-aine: alumiinioksidi<\/li>\n<li>Hiomaliitos: synteettinen hartsi<\/li>\n<li>Halkaisija: 125 mm<\/li>\n<li>Paksuus: 1,2 mm<\/li>\n<li>Rei\u00e4n koko: 22,23 mm<\/li>\n<li>Nopeus [rpm]: 12200<\/li>\n<\/ul>\n","protected":false},"excerpt":{"rendered":"<p>Katkaisulaikka kulmahiomakoneeseen 125&#215;1,2&#215;22,23<\/p>\n","protected":false},"featured_media":693,"template":"","meta":{"_monsterinsights_skip_tracking":false,"_monsterinsights_sitenote_active":false,"_monsterinsights_sitenote_note":"","_monsterinsights_sitenote_category":0,"neve_meta_sidebar":"","neve_meta_container":"","neve_meta_enable_content_width":"off","neve_meta_content_width":100,"neve_meta_title_alignment":"","neve_meta_author_avatar":"","neve_post_elements_order":"","neve_meta_disable_header":"","neve_meta_disable_footer":"","neve_meta_disable_title":"","_themeisle_gutenberg_block_has_review":false},"product_brand":[],"product_cat":[130],"product_tag":[],"class_list":{"0":"post-692","1":"product","2":"type-product","3":"status-publish","4":"has-post-thumbnail","6":"product_cat-laikat","8":"first","9":"instock","10":"taxable","11":"shipping-taxable","12":"purchasable","13":"product-type-simple"},"supplier_id":null,"supplier_sku":"","barcode":null,"atum_controlled":true,"out_stock_date":null,"out_stock_threshold":null,"inheritable":false,"inbound_stock":0,"stock_on_hold":0,"sold_today":0,"sales_last_days":0,"reserved_stock":0,"customer_returns":0,"warehouse_damage":0,"lost_in_post":0,"other_logs":0,"out_stock_days":0,"lost_sales":0,"has_location":false,"update_date":"2026-04-30T00:31:51","atum_locations":[],"atum_stock_status":"instock","restock_status":false,"low_stock_amount":"","sales_update_date":"2026-04-30T00:31:51","calc_backorders":null,"aioseo_notices":[],"_links":{"self":[{"href":"https:\/\/www.jimport.fi\/index.php\/wp-json\/wp\/v2\/product\/692","targetHints":{"allow":["GET"]}}],"collection":[{"href":"https:\/\/www.jimport.fi\/index.php\/wp-json\/wp\/v2\/product"}],"about":[{"href":"https:\/\/www.jimport.fi\/index.php\/wp-json\/wp\/v2\/types\/product"}],"version-history":[{"count":4,"href":"https:\/\/www.jimport.fi\/index.php\/wp-json\/wp\/v2\/product\/692\/revisions"}],"predecessor-version":[{"id":5314,"href":"https:\/\/www.jimport.fi\/index.php\/wp-json\/wp\/v2\/product\/692\/revisions\/5314"}],"wp:featuredmedia":[{"embeddable":true,"href":"https:\/\/www.jimport.fi\/index.php\/wp-json\/wp\/v2\/media\/693"}],"wp:attachment":[{"href":"https:\/\/www.jimport.fi\/index.php\/wp-json\/wp\/v2\/media?parent=692"}],"wp:term":[{"taxonomy":"product_brand","embeddable":true,"href":"https:\/\/www.jimport.fi\/index.php\/wp-json\/wp\/v2\/product_brand?post=692"},{"taxonomy":"product_cat","embeddable":true,"href":"https:\/\/www.jimport.fi\/index.php\/wp-json\/wp\/v2\/product_cat?post=692"},{"taxonomy":"product_tag","embeddable":true,"href":"https:\/\/www.jimport.fi\/index.php\/wp-json\/wp\/v2\/product_tag?post=692"}],"curies":[{"name":"wp","href":"https:\/\/api.w.org\/{rel}","templated":true}]}}