{"id":695,"date":"2022-06-10T05:16:47","date_gmt":"2022-06-10T05:16:47","guid":{"rendered":"https:\/\/www.jimport.fi\/?post_type=product&#038;p=695"},"modified":"2024-05-29T10:54:14","modified_gmt":"2024-05-29T07:54:14","slug":"katkenneen-hehkutulpan-ulosvetosarja-8-10mm","status":"publish","type":"product","link":"https:\/\/www.jimport.fi\/index.php\/tuote\/katkenneen-hehkutulpan-ulosvetosarja-8-10mm\/","title":{"rendered":"Katkenneen hehkutulpan ulosvetosarja 8-10mm"},"content":{"rendered":"<p>Alkaa olla jo aika special vehkeit\u00e4 mutta, sitten kun se tapahtuu, niin ei paljo naurata.<\/p>\n<p>Ohjeita ei ole, mutta ei kai ammattimies sellaisia tarviikkaan. Video vastaavasta\u00a0 \u00a0 \u00a0 https:\/\/youtu.be\/W1JiWt_kesU<\/p>\n","protected":false},"excerpt":{"rendered":"<p>Jos dieselmoottorin hehkutulppa avatessa katkeaa, t\u00e4lle on k\u00e4ytt\u00f6\u00e4.<\/p>\n","protected":false},"featured_media":696,"template":"","meta":{"_monsterinsights_skip_tracking":false,"_monsterinsights_sitenote_active":false,"_monsterinsights_sitenote_note":"","_monsterinsights_sitenote_category":0,"neve_meta_sidebar":"","neve_meta_container":"","neve_meta_enable_content_width":"off","neve_meta_content_width":100,"neve_meta_title_alignment":"","neve_meta_author_avatar":"","neve_post_elements_order":"","neve_meta_disable_header":"","neve_meta_disable_footer":"","neve_meta_disable_title":"","_themeisle_gutenberg_block_has_review":false},"product_brand":[],"product_cat":[78],"product_tag":[],"class_list":{"0":"post-695","1":"product","2":"type-product","3":"status-publish","4":"has-post-thumbnail","6":"product_cat-moottorityokaluja","8":"first","9":"outofstock","10":"taxable","11":"shipping-taxable","12":"purchasable","13":"product-type-simple"},"supplier_id":null,"supplier_sku":"","barcode":null,"atum_controlled":true,"out_stock_date":"2024-05-29 07:54:14","out_stock_threshold":null,"inheritable":false,"inbound_stock":0,"stock_on_hold":0,"sold_today":0,"sales_last_days":0,"reserved_stock":0,"customer_returns":0,"warehouse_damage":0,"lost_in_post":0,"other_logs":0,"out_stock_days":691,"lost_sales":0,"has_location":false,"update_date":"2026-04-21T00:15:14","atum_locations":[],"atum_stock_status":"outofstock","restock_status":false,"low_stock_amount":"","sales_update_date":"2026-04-21T00:15:14","calc_backorders":null,"aioseo_notices":[],"_links":{"self":[{"href":"https:\/\/www.jimport.fi\/index.php\/wp-json\/wp\/v2\/product\/695","targetHints":{"allow":["GET"]}}],"collection":[{"href":"https:\/\/www.jimport.fi\/index.php\/wp-json\/wp\/v2\/product"}],"about":[{"href":"https:\/\/www.jimport.fi\/index.php\/wp-json\/wp\/v2\/types\/product"}],"version-history":[{"count":4,"href":"https:\/\/www.jimport.fi\/index.php\/wp-json\/wp\/v2\/product\/695\/revisions"}],"predecessor-version":[{"id":4834,"href":"https:\/\/www.jimport.fi\/index.php\/wp-json\/wp\/v2\/product\/695\/revisions\/4834"}],"wp:featuredmedia":[{"embeddable":true,"href":"https:\/\/www.jimport.fi\/index.php\/wp-json\/wp\/v2\/media\/696"}],"wp:attachment":[{"href":"https:\/\/www.jimport.fi\/index.php\/wp-json\/wp\/v2\/media?parent=695"}],"wp:term":[{"taxonomy":"product_brand","embeddable":true,"href":"https:\/\/www.jimport.fi\/index.php\/wp-json\/wp\/v2\/product_brand?post=695"},{"taxonomy":"product_cat","embeddable":true,"href":"https:\/\/www.jimport.fi\/index.php\/wp-json\/wp\/v2\/product_cat?post=695"},{"taxonomy":"product_tag","embeddable":true,"href":"https:\/\/www.jimport.fi\/index.php\/wp-json\/wp\/v2\/product_tag?post=695"}],"curies":[{"name":"wp","href":"https:\/\/api.w.org\/{rel}","templated":true}]}}