{"id":6990,"date":"2024-03-21T20:45:13","date_gmt":"2024-03-21T17:45:13","guid":{"rendered":"https:\/\/www.jimport.fi\/?post_type=product&#038;p=6990"},"modified":"2026-04-21T15:20:28","modified_gmt":"2026-04-21T12:20:28","slug":"adapteri-sodastream-co2-pullolle","status":"publish","type":"product","link":"https:\/\/www.jimport.fi\/index.php\/tuote\/adapteri-sodastream-co2-pullolle\/","title":{"rendered":"Adapteri Sodastream CO2 pulloon"},"content":{"rendered":"<p>Pienempiin ja satunnaisiin hitsaustarpeisiin saattaa riitt\u00e4\u00e4 todella pienikin hiilidioksidi pullo ja t\u00e4ll\u00e4 adapterilla saa valjastettua Sodastream tyyppisen hiilihapotuslaitteen hiilidioksidipullon hitsausk\u00e4ytt\u00f6\u00f6n. Kyseinen pullo riitt\u00e4\u00e4 noin 30-60min yht\u00e4jaksoiseen hitsaukseen, riippuen virtauksesta. T\u00e4ss\u00e4 adapterissa on s\u00e4\u00e4dett\u00e4v\u00e4 keskitappi. Valmistettu kovasta alumiiniseoksesta. Sis\u00e4lt\u00e4\u00e4 tiivisteet molempiin p\u00e4ihin.<\/p>\n","protected":false},"excerpt":{"rendered":"<p>T\u00e4ll\u00e4 adapterilla saa liitetty\u00e4 hitsausk\u00e4ytt\u00f6\u00f6n tarkoitetun virtauss\u00e4\u00e4timen Sodastream tyyppisiin CO2 pulloihin. Sis\u00e4kierre Tr21-4 \/ ulkokierre W21.8-14.<\/p>\n","protected":false},"featured_media":6988,"template":"","meta":{"_monsterinsights_skip_tracking":false,"_monsterinsights_sitenote_active":false,"_monsterinsights_sitenote_note":"","_monsterinsights_sitenote_category":0,"neve_meta_sidebar":"","neve_meta_container":"","neve_meta_enable_content_width":"off","neve_meta_content_width":100,"neve_meta_title_alignment":"","neve_meta_author_avatar":"","neve_post_elements_order":"","neve_meta_disable_header":"","neve_meta_disable_footer":"","neve_meta_disable_title":"","_themeisle_gutenberg_block_has_review":false},"product_brand":[],"product_cat":[141],"product_tag":[],"class_list":{"0":"post-6990","1":"product","2":"type-product","3":"status-publish","4":"has-post-thumbnail","6":"product_cat-hitsaus","8":"first","9":"instock","10":"sale","11":"taxable","12":"shipping-taxable","13":"purchasable","14":"product-type-simple"},"supplier_id":null,"supplier_sku":"","barcode":null,"atum_controlled":true,"out_stock_date":null,"out_stock_threshold":null,"inheritable":false,"inbound_stock":0,"stock_on_hold":1,"sold_today":1,"sales_last_days":1,"reserved_stock":0,"customer_returns":0,"warehouse_damage":0,"lost_in_post":0,"other_logs":0,"out_stock_days":0,"lost_sales":0,"has_location":false,"update_date":"2026-04-21T12:20:29","atum_locations":[],"atum_stock_status":"instock","restock_status":false,"low_stock_amount":"","sales_update_date":"2026-04-21T12:20:29","calc_backorders":null,"aioseo_notices":[],"_links":{"self":[{"href":"https:\/\/www.jimport.fi\/index.php\/wp-json\/wp\/v2\/product\/6990","targetHints":{"allow":["GET"]}}],"collection":[{"href":"https:\/\/www.jimport.fi\/index.php\/wp-json\/wp\/v2\/product"}],"about":[{"href":"https:\/\/www.jimport.fi\/index.php\/wp-json\/wp\/v2\/types\/product"}],"version-history":[{"count":9,"href":"https:\/\/www.jimport.fi\/index.php\/wp-json\/wp\/v2\/product\/6990\/revisions"}],"predecessor-version":[{"id":7656,"href":"https:\/\/www.jimport.fi\/index.php\/wp-json\/wp\/v2\/product\/6990\/revisions\/7656"}],"wp:featuredmedia":[{"embeddable":true,"href":"https:\/\/www.jimport.fi\/index.php\/wp-json\/wp\/v2\/media\/6988"}],"wp:attachment":[{"href":"https:\/\/www.jimport.fi\/index.php\/wp-json\/wp\/v2\/media?parent=6990"}],"wp:term":[{"taxonomy":"product_brand","embeddable":true,"href":"https:\/\/www.jimport.fi\/index.php\/wp-json\/wp\/v2\/product_brand?post=6990"},{"taxonomy":"product_cat","embeddable":true,"href":"https:\/\/www.jimport.fi\/index.php\/wp-json\/wp\/v2\/product_cat?post=6990"},{"taxonomy":"product_tag","embeddable":true,"href":"https:\/\/www.jimport.fi\/index.php\/wp-json\/wp\/v2\/product_tag?post=6990"}],"curies":[{"name":"wp","href":"https:\/\/api.w.org\/{rel}","templated":true}]}}