{"id":720,"date":"2022-06-10T07:45:04","date_gmt":"2022-06-10T07:45:04","guid":{"rendered":"https:\/\/www.jimport.fi\/?post_type=product&#038;p=720"},"modified":"2024-03-13T14:43:14","modified_gmt":"2024-03-13T11:43:14","slug":"kierteenkorjaussarja-131os","status":"publish","type":"product","link":"https:\/\/www.jimport.fi\/index.php\/tuote\/kierteenkorjaussarja-131os\/","title":{"rendered":"Kierteenkorjaussarja 131os"},"content":{"rendered":"<p>Sarja on parhaimmillaan pehmeiden materiaalin kanssa, kuten alumiini (lentokoneiden kierteiden vahvistamiseen Helicoil t\u00e4m\u00e4 menetelm\u00e4n alunperin kehittikin)<\/p>\n<p>Kierretapit eiv\u00e4t vastaa kovuudeltaan huippumerkkien tasoa, jotka maksavatkin t\u00e4m\u00e4n sarjan verran per.yksi tappi. Eli kovempien ter\u00e4sten kanssa saa olla tarkkana ja leikkuu \u00f6ljyjen k\u00e4ytt\u00f6 on suotavaa, jotta tapit eiv\u00e4t tylsy ja vioitu. Muutaman kerran toki pystyy lyhent\u00e4m\u00e4\u00e4n vioittuneen kohdan pois ja teroittamaan.<\/p>\n<p>Kierteenkorjaussarjan kuluvat osat eli poranter\u00e4t ja kierretapit valmistettu HSS4341 ter\u00e4ksest\u00e4<\/p>\n<p>Sarja sis\u00e4lt\u00e4\u00e4 tarvikkeet vaurioituneiden kierteiden korjaamiseen kierresis\u00e4kkeen avulla (Vastaava menetelm\u00e4 kuin esimerkiksi Helicoil, Recoil ja muut vastaavat)<br \/>\nMukana tarvikkeet seuraavien kierteiden uudistamiseen:<br \/>\nM5 x 0,8 (Poranter\u00e4 5,2 mm, kierretappi, asennusty\u00f6kalut, sek\u00e4 25 kierresis\u00e4kett\u00e4)<br \/>\nM6 x 1,0 (Poranter\u00e4 6,3 mm, kierretappi, asennusty\u00f6kalut, sek\u00e4 25 kierresis\u00e4kett\u00e4)<br \/>\nM8 x 1,25 (Poranter\u00e4 8,3 mm, kierretappi, asennusty\u00f6kalut, sek\u00e4 25 kierresis\u00e4kett\u00e4)<br \/>\nM10 x 1,5 (Poranter\u00e4 10,4 mm, kierretappi, asennusty\u00f6kalut, sek\u00e4 25 kierresis\u00e4kett\u00e4)<br \/>\nM12 x 1,75 (Poranter\u00e4 12,4 mm, kierretappi, asennusty\u00f6kalut, sek\u00e4 10 kierresis\u00e4kett\u00e4)<br \/>\nTukevassa metallilaatikossa.<\/p>\n<p>Asennusohje:<br \/>\n1. Poraa vaurioitunut kierteen reik\u00e4 sarjan mukana tulevalla, oikean kokoisella poranter\u00e4ll\u00e4.<br \/>\n2. Tee kierre sarjan kierretapilla.<br \/>\n3. Aseta kierre sis\u00e4ke sarjan mukana tulleeseen asennusty\u00f6kaluun<br \/>\n4. Py\u00f6rit\u00e4 sis\u00e4ke kierteytt\u00e4m\u00e4\u00e4si reik\u00e4\u00e4n<br \/>\n5. Napauta kierre sis\u00e4kkeest\u00e4 ylim\u00e4\u00e4r\u00e4inen &#8221;v\u00e4\u00e4nt\u00f6lanka&#8221; pois mukana tulevalla tuurnalla.<br \/>\n6. Uusi kierre on nyt valmis k\u00e4ytt\u00f6\u00f6n.<\/p>\n","protected":false},"excerpt":{"rendered":"<p>Kattava kierteenkorjaussarja kierteiden korjaamiseen ja kierteen vahvistamiseen. Koot:\u00a0 M5-M12. Geko<\/p>\n","protected":false},"featured_media":721,"template":"","meta":{"_monsterinsights_skip_tracking":false,"_monsterinsights_sitenote_active":false,"_monsterinsights_sitenote_note":"","_monsterinsights_sitenote_category":0,"neve_meta_sidebar":"","neve_meta_container":"","neve_meta_enable_content_width":"off","neve_meta_content_width":100,"neve_meta_title_alignment":"","neve_meta_author_avatar":"","neve_post_elements_order":"","neve_meta_disable_header":"","neve_meta_disable_footer":"","neve_meta_disable_title":"","_themeisle_gutenberg_block_has_review":false},"product_brand":[],"product_cat":[56],"product_tag":[],"class_list":{"0":"post-720","1":"product","2":"type-product","3":"status-publish","4":"has-post-thumbnail","6":"product_cat-kierteet","8":"first","9":"instock","10":"taxable","11":"shipping-taxable","12":"purchasable","13":"product-type-simple"},"supplier_id":null,"supplier_sku":"","barcode":null,"atum_controlled":true,"out_stock_date":null,"out_stock_threshold":null,"inheritable":false,"inbound_stock":0,"stock_on_hold":0,"sold_today":0,"sales_last_days":0,"reserved_stock":0,"customer_returns":0,"warehouse_damage":0,"lost_in_post":0,"other_logs":0,"out_stock_days":0,"lost_sales":0,"has_location":false,"update_date":"2026-05-01T00:37:09","atum_locations":[],"atum_stock_status":"instock","restock_status":false,"low_stock_amount":"","sales_update_date":"2026-05-01T00:37:09","calc_backorders":null,"aioseo_notices":[],"_links":{"self":[{"href":"https:\/\/www.jimport.fi\/index.php\/wp-json\/wp\/v2\/product\/720","targetHints":{"allow":["GET"]}}],"collection":[{"href":"https:\/\/www.jimport.fi\/index.php\/wp-json\/wp\/v2\/product"}],"about":[{"href":"https:\/\/www.jimport.fi\/index.php\/wp-json\/wp\/v2\/types\/product"}],"version-history":[{"count":6,"href":"https:\/\/www.jimport.fi\/index.php\/wp-json\/wp\/v2\/product\/720\/revisions"}],"predecessor-version":[{"id":6880,"href":"https:\/\/www.jimport.fi\/index.php\/wp-json\/wp\/v2\/product\/720\/revisions\/6880"}],"wp:featuredmedia":[{"embeddable":true,"href":"https:\/\/www.jimport.fi\/index.php\/wp-json\/wp\/v2\/media\/721"}],"wp:attachment":[{"href":"https:\/\/www.jimport.fi\/index.php\/wp-json\/wp\/v2\/media?parent=720"}],"wp:term":[{"taxonomy":"product_brand","embeddable":true,"href":"https:\/\/www.jimport.fi\/index.php\/wp-json\/wp\/v2\/product_brand?post=720"},{"taxonomy":"product_cat","embeddable":true,"href":"https:\/\/www.jimport.fi\/index.php\/wp-json\/wp\/v2\/product_cat?post=720"},{"taxonomy":"product_tag","embeddable":true,"href":"https:\/\/www.jimport.fi\/index.php\/wp-json\/wp\/v2\/product_tag?post=720"}],"curies":[{"name":"wp","href":"https:\/\/api.w.org\/{rel}","templated":true}]}}