{"id":7234,"date":"2024-09-28T14:24:56","date_gmt":"2024-09-28T11:24:56","guid":{"rendered":"https:\/\/www.jimport.fi\/?post_type=product&#038;p=7234"},"modified":"2024-12-10T14:32:25","modified_gmt":"2024-12-10T11:32:25","slug":"kuormitusmittari-viisarilla","status":"publish","type":"product","link":"https:\/\/www.jimport.fi\/index.php\/tuote\/kuormitusmittari-viisarilla\/","title":{"rendered":"Kuormitusmittari viisarilla"},"content":{"rendered":"<p>Ihan k\u00e4tev\u00e4 olla olemassa. Pystyy aika nopeasti toteamaan, mik\u00e4 akku kannattaa s\u00e4\u00e4st\u00e4\u00e4 ja mik\u00e4 ei. Perustuu yksinkertaisesti siihen, ett\u00e4 laitteessa on vastus joka kuormittaa akkua ja mittari, joka n\u00e4ytt\u00e4\u00e4, kuinka j\u00e4nnite alkaa tippua.<\/p>\n","protected":false},"excerpt":{"rendered":"<p>Perinteinen viisarimalli. Akun virranantokyvyn\/kunnon selvitt\u00e4miseen.<\/p>\n","protected":false},"featured_media":7235,"template":"","meta":{"_monsterinsights_skip_tracking":false,"_monsterinsights_sitenote_active":false,"_monsterinsights_sitenote_note":"","_monsterinsights_sitenote_category":0,"neve_meta_sidebar":"","neve_meta_container":"","neve_meta_enable_content_width":"off","neve_meta_content_width":100,"neve_meta_title_alignment":"","neve_meta_author_avatar":"","neve_post_elements_order":"","neve_meta_disable_header":"","neve_meta_disable_footer":"","neve_meta_disable_title":"","_themeisle_gutenberg_block_has_review":false},"product_brand":[],"product_cat":[77,35],"product_tag":[],"class_list":{"0":"post-7234","1":"product","2":"type-product","3":"status-publish","4":"has-post-thumbnail","6":"product_cat-vianselvitys","7":"product_cat-virtapulaan","9":"first","10":"instock","11":"taxable","12":"shipping-taxable","13":"purchasable","14":"product-type-simple"},"supplier_id":null,"supplier_sku":"","barcode":null,"atum_controlled":true,"out_stock_date":null,"out_stock_threshold":null,"inheritable":false,"inbound_stock":null,"stock_on_hold":0,"sold_today":0,"sales_last_days":0,"reserved_stock":null,"customer_returns":null,"warehouse_damage":null,"lost_in_post":null,"other_logs":null,"out_stock_days":0,"lost_sales":0,"has_location":false,"update_date":"2026-05-13T00:59:51","atum_locations":[],"atum_stock_status":"instock","restock_status":false,"low_stock_amount":"","sales_update_date":"2026-05-13T00:59:51","calc_backorders":null,"aioseo_notices":[],"_links":{"self":[{"href":"https:\/\/www.jimport.fi\/index.php\/wp-json\/wp\/v2\/product\/7234","targetHints":{"allow":["GET"]}}],"collection":[{"href":"https:\/\/www.jimport.fi\/index.php\/wp-json\/wp\/v2\/product"}],"about":[{"href":"https:\/\/www.jimport.fi\/index.php\/wp-json\/wp\/v2\/types\/product"}],"version-history":[{"count":2,"href":"https:\/\/www.jimport.fi\/index.php\/wp-json\/wp\/v2\/product\/7234\/revisions"}],"predecessor-version":[{"id":7237,"href":"https:\/\/www.jimport.fi\/index.php\/wp-json\/wp\/v2\/product\/7234\/revisions\/7237"}],"wp:featuredmedia":[{"embeddable":true,"href":"https:\/\/www.jimport.fi\/index.php\/wp-json\/wp\/v2\/media\/7235"}],"wp:attachment":[{"href":"https:\/\/www.jimport.fi\/index.php\/wp-json\/wp\/v2\/media?parent=7234"}],"wp:term":[{"taxonomy":"product_brand","embeddable":true,"href":"https:\/\/www.jimport.fi\/index.php\/wp-json\/wp\/v2\/product_brand?post=7234"},{"taxonomy":"product_cat","embeddable":true,"href":"https:\/\/www.jimport.fi\/index.php\/wp-json\/wp\/v2\/product_cat?post=7234"},{"taxonomy":"product_tag","embeddable":true,"href":"https:\/\/www.jimport.fi\/index.php\/wp-json\/wp\/v2\/product_tag?post=7234"}],"curies":[{"name":"wp","href":"https:\/\/api.w.org\/{rel}","templated":true}]}}