{"id":7238,"date":"2024-09-28T15:10:30","date_gmt":"2024-09-28T12:10:30","guid":{"rendered":"https:\/\/www.jimport.fi\/?post_type=product&#038;p=7238"},"modified":"2024-11-29T09:52:12","modified_gmt":"2024-11-29T06:52:12","slug":"kytkimen-keskityssarja","status":"publish","type":"product","link":"https:\/\/www.jimport.fi\/index.php\/tuote\/kytkimen-keskityssarja\/","title":{"rendered":"Kytkimen keskityssarja"},"content":{"rendered":"<div id=\"naglowek-kontrolka-78\" class=\"naglowek-kontrolki\">\n<div class=\"header-category\">\n<h4>KUVAUS<\/h4>\n<\/div>\n<\/div>\n<div class=\"pole-opis-wartosc\">\n<p>\u00a0Muun muassa Audi, Citroen, Fiat, Ford, Honda, Mazda, Mitsubishi, Nissan, Opel, Peugeot, Renault, Rover, Saab, Toyota, Vauxhall, VW, Volvo kytkimiin.<\/p>\n<h4>Setti sis\u00e4lt\u00e4\u00e4:<\/h4>\n<ul>\n<li>Varsi 140mm<\/li>\n<li>8kpl kartiomainen keskitysrengas\n<ul>\n<li>15,5 x 14,2 x 26,6 mm &#8211; nro 1<\/li>\n<li>16,7 x 15,4 x 27,0 mm &#8211; nro 2<\/li>\n<li>19,0 x 17,5 x 28,0 mm &#8211; nro 3<\/li>\n<li>20,0 x 18,6 x 27,5 mm &#8211; nro 4<\/li>\n<li>21,4 x 20,0 x 27,4 mm &#8211; nro 5<\/li>\n<li>23,0 x 21,6 x 27,5 mm &#8211; nro 6<\/li>\n<li>23,5 x 22,0 x 27,5 mm &#8211; nro 7<\/li>\n<li>26,6 x 24,2 x 27,5 mm &#8211; nro 8<\/li>\n<\/ul>\n<\/li>\n<li>8kpl kartiomainen keskitysrengas\n<ul>\n<li>12,6 x 10,8 x 19,2 mm &#8211; nro 1<\/li>\n<li>14,8 x 12,2 x 19,4 mm &#8211; nro 2<\/li>\n<li>15,0 x 13,5 x 19,3 mm &#8211; nro 3<\/li>\n<li>16,0 x 14,7 x 19,7 mm &#8211; nro 4<\/li>\n<li>17,7 x 15,8 x 19,4 mm &#8211; nro 5<\/li>\n<li>19,0 x 17,1 x 19,3 mm &#8211; nro 6<\/li>\n<li>20,0 x 18,3 x 19,1 mm &#8211; nro 7<\/li>\n<li>21,6 x 20,0 x 19,1 mm &#8211; nro 8<\/li>\n<\/ul>\n<\/li>\n<\/ul>\n<\/div>\n","protected":false},"excerpt":{"rendered":"<p>Monik\u00e4ytt\u00f6inen kytkimen keskityssarja, jota voi k\u00e4ytt\u00e4\u00e4 vaikka pienien laakerien vaihtoty\u00f6kaluna.<\/p>\n","protected":false},"featured_media":7240,"template":"","meta":{"_monsterinsights_skip_tracking":false,"_monsterinsights_sitenote_active":false,"_monsterinsights_sitenote_note":"","_monsterinsights_sitenote_category":0,"neve_meta_sidebar":"","neve_meta_container":"","neve_meta_enable_content_width":"off","neve_meta_content_width":100,"neve_meta_title_alignment":"","neve_meta_author_avatar":"","neve_post_elements_order":"","neve_meta_disable_header":"","neve_meta_disable_footer":"","neve_meta_disable_title":"","_themeisle_gutenberg_block_has_review":false},"product_brand":[],"product_cat":[75,78],"product_tag":[],"class_list":{"0":"post-7238","1":"product","2":"type-product","3":"status-publish","4":"has-post-thumbnail","6":"product_cat-puslien-vaihtoon","7":"product_cat-moottorityokaluja","9":"first","10":"instock","11":"taxable","12":"shipping-taxable","13":"purchasable","14":"product-type-simple"},"supplier_id":null,"supplier_sku":"","barcode":null,"atum_controlled":true,"out_stock_date":null,"out_stock_threshold":null,"inheritable":false,"inbound_stock":null,"stock_on_hold":0,"sold_today":0,"sales_last_days":0,"reserved_stock":null,"customer_returns":null,"warehouse_damage":null,"lost_in_post":null,"other_logs":null,"out_stock_days":0,"lost_sales":0,"has_location":false,"update_date":"2026-04-21T00:15:37","atum_locations":[],"atum_stock_status":"instock","restock_status":false,"low_stock_amount":"","sales_update_date":"2026-04-21T00:15:37","calc_backorders":null,"aioseo_notices":[],"_links":{"self":[{"href":"https:\/\/www.jimport.fi\/index.php\/wp-json\/wp\/v2\/product\/7238","targetHints":{"allow":["GET"]}}],"collection":[{"href":"https:\/\/www.jimport.fi\/index.php\/wp-json\/wp\/v2\/product"}],"about":[{"href":"https:\/\/www.jimport.fi\/index.php\/wp-json\/wp\/v2\/types\/product"}],"version-history":[{"count":1,"href":"https:\/\/www.jimport.fi\/index.php\/wp-json\/wp\/v2\/product\/7238\/revisions"}],"predecessor-version":[{"id":7241,"href":"https:\/\/www.jimport.fi\/index.php\/wp-json\/wp\/v2\/product\/7238\/revisions\/7241"}],"wp:featuredmedia":[{"embeddable":true,"href":"https:\/\/www.jimport.fi\/index.php\/wp-json\/wp\/v2\/media\/7240"}],"wp:attachment":[{"href":"https:\/\/www.jimport.fi\/index.php\/wp-json\/wp\/v2\/media?parent=7238"}],"wp:term":[{"taxonomy":"product_brand","embeddable":true,"href":"https:\/\/www.jimport.fi\/index.php\/wp-json\/wp\/v2\/product_brand?post=7238"},{"taxonomy":"product_cat","embeddable":true,"href":"https:\/\/www.jimport.fi\/index.php\/wp-json\/wp\/v2\/product_cat?post=7238"},{"taxonomy":"product_tag","embeddable":true,"href":"https:\/\/www.jimport.fi\/index.php\/wp-json\/wp\/v2\/product_tag?post=7238"}],"curies":[{"name":"wp","href":"https:\/\/api.w.org\/{rel}","templated":true}]}}