{"id":7252,"date":"2024-09-28T16:16:29","date_gmt":"2024-09-28T13:16:29","guid":{"rendered":"https:\/\/www.jimport.fi\/?post_type=product&#038;p=7252"},"modified":"2025-06-03T12:28:31","modified_gmt":"2025-06-03T09:28:31","slug":"jakopaan-lukitussarja-7os-vag","status":"publish","type":"product","link":"https:\/\/www.jimport.fi\/index.php\/tuote\/jakopaan-lukitussarja-7os-vag\/","title":{"rendered":"Jakop\u00e4\u00e4n lukitussarja 7os VAG"},"content":{"rendered":"<div id=\"naglowek-kontrolka-78\" class=\"naglowek-kontrolki\">\n<div class=\"header-category\">\n<h4>KUVAUS<\/h4>\n<\/div>\n<\/div>\n<div class=\"pole-opis-wartosc\">\n<h3>Jakop\u00e4\u00e4n lukitusty\u00f6kalu 7os. VW, Audi, Seat, Skoda<\/h3>\n<h4>K\u00e4ytt\u00e4\u00e4:<\/h4>\n<table>\n<tbody>\n<tr>\n<td>AUDI<\/td>\n<td>A2, A3, A4, A5, A6, TT, Q5 (98-11)<\/td>\n<\/tr>\n<tr>\n<td>ISTUIN<\/td>\n<td>Arosa, Ibiza, Cordoba, Altea\/XL, Le\u00f3n, Toledo, Alhambra (99-11)<\/td>\n<\/tr>\n<tr>\n<td>\u0160KODA<\/td>\n<td>Fabia (II),Roomster, Octavia (II), Loistava (II) (00-11)<\/td>\n<\/tr>\n<tr>\n<td>VW<\/td>\n<td>Lupo, Fox, Polo, Golf, Golf Plus, Bora, Jetta, Kupla, Scirocco, Passat, Sharan, Touran, Tiguan, Caddy, Transporter (98-11)<\/td>\n<\/tr>\n<\/tbody>\n<\/table>\n<h4>Moottorin koodit:<\/h4>\n<p>1.2 TDi &#8211; MIK\u00c4 TAHANSA, AYZ<br \/>\n1.4 TDi &#8211; AMF, ATL, LAHTI, BHC, BNM, BNV<br \/>\n1.9 TDi &#8211; AJM, AMG, ANJ, ARL, ARX, ASZ, ATD, ATJ, AUY, AVB, AVF, AVQ, AWX, AXB, AXC, AXR, BEW, BJB, BKC, BKE, BLS, BLT, BMT, BPX, BRB, BRM, BRU, BSU, BSV, BSW, BTB, BVK, BXE, BXF<br \/>\n2.0 TDI &#8211; AZV, BKD, BDJ, BDK, BGW, BHW, BKP, BLB, BMA, BMM, BMN, BMP, BMR, BNA, BPW, BRC, BRE, BRF, BRT, BSS, OSTA, BUZ, BVE, BVF, BVG, BVH, BVW<\/p>\n<h4>Uudet Common Rail -moottorit<\/h4>\n<p>1.6 TDi &#8211; CAYA, CAYB, CAYC<br \/>\n2.0 TDi &#8211; CAGA, CAGB, CAGB, CAGC, CAHA, CAHB, CBAA, CBAB, CBAC, CBBA, CBDA, CBDB, CBDC, CBEA, CEGA.<\/p>\n<h4>Pakkauksen sis\u00e4lt\u00f6<\/h4>\n<ul>\n<li>kampiakselin lukitus<\/li>\n<li>2 x nokka-akselin lukko<\/li>\n<li>hydraulisen kiristimenlukitus<\/li>\n<li>ruiskutuspumpun lukitus<\/li>\n<li>Hihnapy\u00f6r\u00e4n kiristinty\u00f6kalu<\/li>\n<li>Kiristimen lukitustappi<\/li>\n<\/ul>\n<\/div>\n","protected":false},"excerpt":{"rendered":"<p>Jakop\u00e4\u00e4n lukitussarja p\u00e4\u00e4asiassa VAG konsernin tdi moottoreille. Geko.<\/p>\n","protected":false},"featured_media":7254,"template":"","meta":{"_monsterinsights_skip_tracking":false,"_monsterinsights_sitenote_active":false,"_monsterinsights_sitenote_note":"","_monsterinsights_sitenote_category":0,"neve_meta_sidebar":"","neve_meta_container":"","neve_meta_enable_content_width":"off","neve_meta_content_width":100,"neve_meta_title_alignment":"","neve_meta_author_avatar":"","neve_post_elements_order":"","neve_meta_disable_header":"","neve_meta_disable_footer":"","neve_meta_disable_title":"","_themeisle_gutenberg_block_has_review":false},"product_brand":[],"product_cat":[144],"product_tag":[],"class_list":{"0":"post-7252","1":"product","2":"type-product","3":"status-publish","4":"has-post-thumbnail","6":"product_cat-jakopaan-ajoitustyokalut","8":"first","9":"outofstock","10":"taxable","11":"shipping-taxable","12":"purchasable","13":"product-type-simple"},"supplier_id":null,"supplier_sku":"","barcode":null,"atum_controlled":true,"out_stock_date":"2025-05-07 19:09:37","out_stock_threshold":null,"inheritable":false,"inbound_stock":null,"stock_on_hold":0,"sold_today":0,"sales_last_days":0,"reserved_stock":null,"customer_returns":null,"warehouse_damage":null,"lost_in_post":null,"other_logs":null,"out_stock_days":343,"lost_sales":931,"has_location":false,"update_date":"2026-04-16T00:01:22","atum_locations":[],"atum_stock_status":"outofstock","restock_status":false,"low_stock_amount":"","sales_update_date":"2026-04-16T00:01:22","calc_backorders":null,"aioseo_notices":[],"_links":{"self":[{"href":"https:\/\/www.jimport.fi\/index.php\/wp-json\/wp\/v2\/product\/7252","targetHints":{"allow":["GET"]}}],"collection":[{"href":"https:\/\/www.jimport.fi\/index.php\/wp-json\/wp\/v2\/product"}],"about":[{"href":"https:\/\/www.jimport.fi\/index.php\/wp-json\/wp\/v2\/types\/product"}],"version-history":[{"count":1,"href":"https:\/\/www.jimport.fi\/index.php\/wp-json\/wp\/v2\/product\/7252\/revisions"}],"predecessor-version":[{"id":7255,"href":"https:\/\/www.jimport.fi\/index.php\/wp-json\/wp\/v2\/product\/7252\/revisions\/7255"}],"wp:featuredmedia":[{"embeddable":true,"href":"https:\/\/www.jimport.fi\/index.php\/wp-json\/wp\/v2\/media\/7254"}],"wp:attachment":[{"href":"https:\/\/www.jimport.fi\/index.php\/wp-json\/wp\/v2\/media?parent=7252"}],"wp:term":[{"taxonomy":"product_brand","embeddable":true,"href":"https:\/\/www.jimport.fi\/index.php\/wp-json\/wp\/v2\/product_brand?post=7252"},{"taxonomy":"product_cat","embeddable":true,"href":"https:\/\/www.jimport.fi\/index.php\/wp-json\/wp\/v2\/product_cat?post=7252"},{"taxonomy":"product_tag","embeddable":true,"href":"https:\/\/www.jimport.fi\/index.php\/wp-json\/wp\/v2\/product_tag?post=7252"}],"curies":[{"name":"wp","href":"https:\/\/api.w.org\/{rel}","templated":true}]}}