{"id":729,"date":"2022-06-10T09:09:20","date_gmt":"2022-06-10T09:09:20","guid":{"rendered":"https:\/\/www.jimport.fi\/?post_type=product&#038;p=729"},"modified":"2025-05-28T14:17:34","modified_gmt":"2025-05-28T11:17:34","slug":"kiillotuslaikat-150mm-m14","status":"publish","type":"product","link":"https:\/\/www.jimport.fi\/index.php\/tuote\/kiillotuslaikat-150mm-m14\/","title":{"rendered":"Kiillotuslaikat 150mm M14"},"content":{"rendered":"<p>On se vanhempikin kosla vaan komiemman n\u00e4k\u00f6nen kun hyv\u00e4ksi kiillottaa. Jos ei malta investoida myllytyskoneeseen niin, n\u00e4iden mukana on adapteri porakonetta varten.<\/p>\n<h2>Tuotekuvaus<\/h2>\n<p>Sarja kiillotussieni\u00e4 levyll\u00e4. Sienill\u00e4, joiden halkaisija on 150 mm ja jotka on kiinnitetty muovilevyihin, on M14-kiinnityskierre, sarjaan sis\u00e4ltyv\u00e4n sovittimella niit\u00e4 voidaan k\u00e4ytt\u00e4\u00e4 porien kanssa.<\/p>\n<p>Kolme erilaista sienikovuutta tekev\u00e4t t\u00e4st\u00e4 sarjasta eritt\u00e4in monipuolisen ja sit\u00e4 voidaan k\u00e4ytt\u00e4\u00e4 erityyppisill\u00e4 pinnoilla.<\/p>\n<h3>Tuotteen ominaisuudet:<\/h3>\n<p>sienien halkaisija: 150mm<\/p>\n<p>kiinnitystyyppi: M14-kierre<\/p>\n<p><strong>musta kiillotussieni &#8211; kova &#8211;<\/strong>\u00a0halkaisijaltaan 150 mm ja paksuus 45 mm, suunniteltu toimimaan eritt\u00e4in hankaavien tahnojen kanssa<\/p>\n<p><strong>Punainen kiillotussieni &#8211; keskikova &#8211;<\/strong>\u00a0halkaisijaltaan 150 mm ja paksuus 45 mm, suunniteltu toimimaan keskihiovien tahnojen kanssa<\/p>\n<p><strong>Keltainen kiillotussieni &#8211; pehme\u00e4 &#8211;<\/strong>\u00a0halkaisijaltaan 150 mm ja paksuus 45 mm, suunniteltu toimimaan hieman hankaavien tahnojen kanssa<\/p>\n","protected":false},"excerpt":{"rendered":"<p>Kolmen laikan setti myllytyskoneisiin ja porakoneeseen. Geko<\/p>\n","protected":false},"featured_media":730,"template":"","meta":{"_monsterinsights_skip_tracking":false,"_monsterinsights_sitenote_active":false,"_monsterinsights_sitenote_note":"","_monsterinsights_sitenote_category":0,"neve_meta_sidebar":"","neve_meta_container":"","neve_meta_enable_content_width":"off","neve_meta_content_width":100,"neve_meta_title_alignment":"","neve_meta_author_avatar":"","neve_post_elements_order":"","neve_meta_disable_header":"","neve_meta_disable_footer":"","neve_meta_disable_title":"","_themeisle_gutenberg_block_has_review":false},"product_brand":[],"product_cat":[48,59],"product_tag":[],"class_list":{"0":"post-729","1":"product","2":"type-product","3":"status-publish","4":"has-post-thumbnail","6":"product_cat-tarvikkeet","7":"product_cat-puunaus","9":"first","10":"instock","11":"taxable","12":"shipping-taxable","13":"purchasable","14":"product-type-simple"},"supplier_id":null,"supplier_sku":"","barcode":null,"atum_controlled":true,"out_stock_date":null,"out_stock_threshold":null,"inheritable":false,"inbound_stock":0,"stock_on_hold":0,"sold_today":0,"sales_last_days":0,"reserved_stock":0,"customer_returns":0,"warehouse_damage":0,"lost_in_post":0,"other_logs":0,"out_stock_days":0,"lost_sales":0,"has_location":false,"update_date":"2026-04-21T00:15:34","atum_locations":[],"atum_stock_status":"instock","restock_status":false,"low_stock_amount":"","sales_update_date":"2026-04-21T00:15:34","calc_backorders":null,"aioseo_notices":[],"_links":{"self":[{"href":"https:\/\/www.jimport.fi\/index.php\/wp-json\/wp\/v2\/product\/729","targetHints":{"allow":["GET"]}}],"collection":[{"href":"https:\/\/www.jimport.fi\/index.php\/wp-json\/wp\/v2\/product"}],"about":[{"href":"https:\/\/www.jimport.fi\/index.php\/wp-json\/wp\/v2\/types\/product"}],"version-history":[{"count":3,"href":"https:\/\/www.jimport.fi\/index.php\/wp-json\/wp\/v2\/product\/729\/revisions"}],"predecessor-version":[{"id":4958,"href":"https:\/\/www.jimport.fi\/index.php\/wp-json\/wp\/v2\/product\/729\/revisions\/4958"}],"wp:featuredmedia":[{"embeddable":true,"href":"https:\/\/www.jimport.fi\/index.php\/wp-json\/wp\/v2\/media\/730"}],"wp:attachment":[{"href":"https:\/\/www.jimport.fi\/index.php\/wp-json\/wp\/v2\/media?parent=729"}],"wp:term":[{"taxonomy":"product_brand","embeddable":true,"href":"https:\/\/www.jimport.fi\/index.php\/wp-json\/wp\/v2\/product_brand?post=729"},{"taxonomy":"product_cat","embeddable":true,"href":"https:\/\/www.jimport.fi\/index.php\/wp-json\/wp\/v2\/product_cat?post=729"},{"taxonomy":"product_tag","embeddable":true,"href":"https:\/\/www.jimport.fi\/index.php\/wp-json\/wp\/v2\/product_tag?post=729"}],"curies":[{"name":"wp","href":"https:\/\/api.w.org\/{rel}","templated":true}]}}