{"id":7431,"date":"2024-12-11T15:03:13","date_gmt":"2024-12-11T12:03:13","guid":{"rendered":"https:\/\/www.jimport.fi\/?post_type=product&#038;p=7431"},"modified":"2024-12-18T19:31:49","modified_gmt":"2024-12-18T16:31:49","slug":"monitoimi-tyokalu","status":"publish","type":"product","link":"https:\/\/www.jimport.fi\/index.php\/tuote\/monitoimi-tyokalu\/","title":{"rendered":"Monitoimi-ty\u00f6kalu"},"content":{"rendered":"<p>Ei varmastikaan kannata polkupy\u00f6r\u00e4korjaamoa t\u00e4m\u00e4n varaan perustaa, mutta on oikein n\u00e4pp\u00e4r\u00e4 h\u00e4t\u00e4vara reissuilla ja jos jotain tenavien py\u00f6r\u00e4n satuloita pit\u00e4\u00e4 s\u00e4\u00e4dell\u00e4 v\u00e4h\u00e4n v\u00e4li\u00e4.<\/p>\n<p>Sis\u00e4lt\u00e4\u00e4 yleisimm\u00e4t avainkoot joita polkupy\u00f6riss\u00e4 yleens\u00e4 on.<\/p>\n<p>-Hylsyt 8, 9, 10mm<\/p>\n<p>-&#8221;kiintoavain&#8221; 8, 10, 15mm<\/p>\n<p>-Kuusiokolot 2, 2.5, 3, 4, 5, 6mm<\/p>\n<p>-Pinna-avain 14GE<\/p>\n","protected":false},"excerpt":{"rendered":"<p>Taskuun sopiva monitoimity\u00f6kalu esim. polkupy\u00f6r\u00e4n s\u00e4\u00e4t\u00e4miseen.<\/p>\n","protected":false},"featured_media":7433,"template":"","meta":{"_monsterinsights_skip_tracking":false,"_monsterinsights_sitenote_active":false,"_monsterinsights_sitenote_note":"","_monsterinsights_sitenote_category":0,"neve_meta_sidebar":"","neve_meta_container":"","neve_meta_enable_content_width":"off","neve_meta_content_width":100,"neve_meta_title_alignment":"","neve_meta_author_avatar":"","neve_post_elements_order":"","neve_meta_disable_header":"","neve_meta_disable_footer":"","neve_meta_disable_title":"","_themeisle_gutenberg_block_has_review":false},"product_brand":[],"product_cat":[100,91],"product_tag":[],"class_list":{"0":"post-7431","1":"product","2":"type-product","3":"status-publish","4":"has-post-thumbnail","6":"product_cat-ruuvimeisselit","7":"product_cat-tyokalusarjat","9":"first","10":"instock","11":"taxable","12":"shipping-taxable","13":"purchasable","14":"product-type-simple"},"supplier_id":null,"supplier_sku":"","barcode":null,"atum_controlled":true,"out_stock_date":null,"out_stock_threshold":null,"inheritable":false,"inbound_stock":0,"stock_on_hold":0,"sold_today":0,"sales_last_days":0,"reserved_stock":0,"customer_returns":0,"warehouse_damage":0,"lost_in_post":0,"other_logs":0,"out_stock_days":0,"lost_sales":0,"has_location":false,"update_date":"2026-04-30T00:31:54","atum_locations":[],"atum_stock_status":"instock","restock_status":false,"low_stock_amount":"","sales_update_date":"2026-04-30T00:31:54","calc_backorders":null,"aioseo_notices":[],"_links":{"self":[{"href":"https:\/\/www.jimport.fi\/index.php\/wp-json\/wp\/v2\/product\/7431","targetHints":{"allow":["GET"]}}],"collection":[{"href":"https:\/\/www.jimport.fi\/index.php\/wp-json\/wp\/v2\/product"}],"about":[{"href":"https:\/\/www.jimport.fi\/index.php\/wp-json\/wp\/v2\/types\/product"}],"version-history":[{"count":2,"href":"https:\/\/www.jimport.fi\/index.php\/wp-json\/wp\/v2\/product\/7431\/revisions"}],"predecessor-version":[{"id":7435,"href":"https:\/\/www.jimport.fi\/index.php\/wp-json\/wp\/v2\/product\/7431\/revisions\/7435"}],"wp:featuredmedia":[{"embeddable":true,"href":"https:\/\/www.jimport.fi\/index.php\/wp-json\/wp\/v2\/media\/7433"}],"wp:attachment":[{"href":"https:\/\/www.jimport.fi\/index.php\/wp-json\/wp\/v2\/media?parent=7431"}],"wp:term":[{"taxonomy":"product_brand","embeddable":true,"href":"https:\/\/www.jimport.fi\/index.php\/wp-json\/wp\/v2\/product_brand?post=7431"},{"taxonomy":"product_cat","embeddable":true,"href":"https:\/\/www.jimport.fi\/index.php\/wp-json\/wp\/v2\/product_cat?post=7431"},{"taxonomy":"product_tag","embeddable":true,"href":"https:\/\/www.jimport.fi\/index.php\/wp-json\/wp\/v2\/product_tag?post=7431"}],"curies":[{"name":"wp","href":"https:\/\/api.w.org\/{rel}","templated":true}]}}