{"id":7436,"date":"2024-12-11T15:21:07","date_gmt":"2024-12-11T12:21:07","guid":{"rendered":"https:\/\/www.jimport.fi\/?post_type=product&#038;p=7436"},"modified":"2024-12-11T15:21:08","modified_gmt":"2024-12-11T12:21:08","slug":"koukkuvaaka-50kg","status":"publish","type":"product","link":"https:\/\/www.jimport.fi\/index.php\/tuote\/koukkuvaaka-50kg\/","title":{"rendered":"Koukkuvaaka 50kg"},"content":{"rendered":"<div id=\"naglowek-kontrolka-78\" class=\"naglowek-kontrolki\">\n<div class=\"header-category\">\n<h4>KUVAUS<\/h4>\n<\/div>\n<\/div>\n<div class=\"pole-opis-wartosc\">\n<p>50 kg: n digitaalinen ripustusvaaka on v\u00e4ltt\u00e4m\u00e4t\u00f6n ty\u00f6kalu ulkoilun harrastajille, kalastajille ja kaikille, jotka tarvitsevat kannettavaa punnituslaitetta. Selke\u00e4n, taustavalaistun LCD-n\u00e4yt\u00f6n ansiosta mittakaava mahdollistaa tulosten helpon lukemisen haastavissakin valaistusolosuhteissa. Halusitpa sitten punnita retkeilyvarusteesi, matkamatkatavarasi tai p\u00e4iv\u00e4n saaliin, t\u00e4m\u00e4 vaaka takaa tarkat mitat jopa 50 kg asti. Tuote tarjoaa my\u00f6s mahdollisuuden valita erilaisia painoyksik\u00f6it\u00e4, mik\u00e4 parantaa sen monipuolisuutta ja k\u00e4ytt\u00f6mukavuutta.<\/p>\n<p><span class=\"wartosc\"><br \/>\n<\/span><\/p>\n<h4>T\u00e4rkeimm\u00e4t tuotteen ominaisuudet:<\/h4>\n<p><span class=\"wartosc\"><br \/>\n<\/span><\/p>\n<ul>\n<li style=\"list-style-type: none;\">\n<ul>\n<li><strong>Taustavalaistu LCD-n\u00e4ytt\u00f6<\/strong>\u00a0&#8211; Selke\u00e4, taustavalaistu n\u00e4ytt\u00f6 takaa tulosten mukavan lukemisen kaikissa valaistusolosuhteissa, jopa y\u00f6ll\u00e4 tai h\u00e4m\u00e4r\u00e4ss\u00e4.<\/li>\n<\/ul>\n<\/li>\n<\/ul>\n<ul>\n<li style=\"list-style-type: none;\">\n<ul>\n<li><strong>Mittaustarkkuus<\/strong>\u00a0\u2013 5 gramman tarkkuus v\u00e4lill\u00e4 0\u201310 kg ja 10 gramman tarkkuus v\u00e4lill\u00e4 10\u201350 kg takaa luotettavat tulokset, mik\u00e4 on ratkaisevan t\u00e4rke\u00e4\u00e4 kalastuksessa tai matkatavaroiden punnitsemisessa.<\/li>\n<\/ul>\n<\/li>\n<\/ul>\n<ul>\n<li style=\"list-style-type: none;\">\n<ul>\n<li><strong>Monitoiminnallisuus<\/strong>\u00a0&#8211; Kyky mitata nelj\u00e4ss\u00e4 painoyksik\u00f6ss\u00e4 (kg, lb, jin, oz) tekee t\u00e4st\u00e4 vaa&#8217;asta universaalin ja ihanteellisen erilaisiin teht\u00e4viin matkatavaroiden punnitsemisesta markkinointituotteisiin.<\/li>\n<\/ul>\n<\/li>\n<\/ul>\n<ul>\n<li style=\"list-style-type: none;\">\n<ul>\n<li><strong>Kompakti ja kevyt<\/strong>\u00a0&#8211; Pieni koko ja pieni paino tekev\u00e4t laitteesta helpon kuljettaa ja k\u00e4ytt\u00e4\u00e4 kent\u00e4ll\u00e4 lis\u00e4\u00e4m\u00e4tt\u00e4 tarpeetonta irtotavaraa matkatavaroihisi.<\/li>\n<\/ul>\n<\/li>\n<\/ul>\n<p><span class=\"wartosc\"><br \/>\n<\/span><\/p>\n<h4>K\u00e4ytt\u00f6esimerkkej\u00e4:<\/h4>\n<p><span class=\"wartosc\"><br \/>\n<\/span><\/p>\n<ul>\n<li style=\"list-style-type: none;\">\n<ul>\n<li><strong>Kalastus<\/strong>\u00a0\u2013 Punnitse pyyt\u00e4m\u00e4si kala tarkasti my\u00f6s huonoissa valaistusolosuhteissa.<\/li>\n<\/ul>\n<\/li>\n<\/ul>\n<ul>\n<li style=\"list-style-type: none;\">\n<ul>\n<li><strong>Matkustaminen<\/strong>\u00a0&#8211; Tarkista matkatavaroidesi paino ennen matkaa ylim\u00e4\u00e4r\u00e4isten matkatavaramaksujen v\u00e4ltt\u00e4miseksi.<\/li>\n<\/ul>\n<\/li>\n<\/ul>\n<ul>\n<li style=\"list-style-type: none;\">\n<ul>\n<li><strong>Ostokset ja kauppa<\/strong>\u00a0&#8211; Ihanteellinen tuotteiden punnitsemiseen markkinoilla tai myynnin aikana.<\/li>\n<\/ul>\n<\/li>\n<\/ul>\n<ul>\n<li style=\"list-style-type: none;\">\n<ul>\n<li><strong>Arkik\u00e4ytt\u00f6<\/strong>\u00a0\u2013 K\u00e4yt\u00e4nn\u00f6llinen ty\u00f6kalu erilaisten taloustavaroiden punnitsemiseen pakkauksista taloustavaroihin.<\/li>\n<\/ul>\n<\/li>\n<\/ul>\n<p><span class=\"wartosc\"><br \/>\n<\/span><\/p>\n<h4>Tekniset:<\/h4>\n<p><span class=\"wartosc\"><br \/>\n<\/span><\/p>\n<ul>\n<li style=\"list-style-type: none;\">\n<ul>\n<li>Tyyppi:\u00a0<strong>Digitaalinen riippuvaaka<\/strong><\/li>\n<\/ul>\n<\/li>\n<\/ul>\n<ul>\n<li style=\"list-style-type: none;\">\n<ul>\n<li>Enimm\u00e4iskapasiteetti:\u00a0<strong>50 kg<\/strong><\/li>\n<\/ul>\n<\/li>\n<\/ul>\n<ul>\n<li style=\"list-style-type: none;\">\n<ul>\n<li><span>Mittausalue:<\/span>\n<ul>\n<li style=\"list-style-type: none;\">\n<ul>\n<li><strong>0\u201310 kg<\/strong>\u00a0(tarkkuus 5 g)<\/li>\n<\/ul>\n<\/li>\n<\/ul>\n<ul>\n<li style=\"list-style-type: none;\">\n<ul>\n<li><strong>10\u201350 kg<\/strong>\u00a0(tarkkuus 10 g)<\/li>\n<\/ul>\n<\/li>\n<\/ul>\n<\/li>\n<\/ul>\n<\/li>\n<\/ul>\n<ul>\n<li style=\"list-style-type: none;\">\n<ul>\n<li>Painoyksik\u00f6t:\u00a0<strong>kg, lb, jin, oz<\/strong><\/li>\n<\/ul>\n<\/li>\n<\/ul>\n<ul>\n<li style=\"list-style-type: none;\">\n<ul>\n<li>N\u00e4ytt\u00f6:\u00a0<strong>taustavalaistu LCD<\/strong><\/li>\n<\/ul>\n<\/li>\n<\/ul>\n<ul>\n<li>Virtal\u00e4hde:\u00a0<strong>Paristot sis\u00e4ltyv\u00e4t toimitukseen<\/strong><\/li>\n<\/ul>\n<\/div>\n","protected":false},"excerpt":{"rendered":"<p>K\u00e4tev\u00e4 50kg koukkuvaaka kalaretkille ja kaikenlaisiin punnitustarpeisiin. Geko.<\/p>\n","protected":false},"featured_media":7437,"template":"","meta":{"_monsterinsights_skip_tracking":false,"_monsterinsights_sitenote_active":false,"_monsterinsights_sitenote_note":"","_monsterinsights_sitenote_category":0,"neve_meta_sidebar":"","neve_meta_container":"","neve_meta_enable_content_width":"off","neve_meta_content_width":100,"neve_meta_title_alignment":"","neve_meta_author_avatar":"","neve_post_elements_order":"","neve_meta_disable_header":"","neve_meta_disable_footer":"","neve_meta_disable_title":"","_themeisle_gutenberg_block_has_review":false},"product_brand":[],"product_cat":[47],"product_tag":[],"class_list":{"0":"post-7436","1":"product","2":"type-product","3":"status-publish","4":"has-post-thumbnail","6":"product_cat-mittaus","8":"first","9":"instock","10":"taxable","11":"shipping-taxable","12":"purchasable","13":"product-type-simple"},"supplier_id":null,"supplier_sku":"","barcode":null,"atum_controlled":true,"out_stock_date":null,"out_stock_threshold":null,"inheritable":false,"inbound_stock":0,"stock_on_hold":0,"sold_today":0,"sales_last_days":0,"reserved_stock":0,"customer_returns":0,"warehouse_damage":0,"lost_in_post":0,"other_logs":0,"out_stock_days":0,"lost_sales":0,"has_location":false,"update_date":"2026-04-21T00:15:29","atum_locations":[],"atum_stock_status":"instock","restock_status":false,"low_stock_amount":"","sales_update_date":"2026-04-21T00:15:29","calc_backorders":null,"aioseo_notices":[],"_links":{"self":[{"href":"https:\/\/www.jimport.fi\/index.php\/wp-json\/wp\/v2\/product\/7436","targetHints":{"allow":["GET"]}}],"collection":[{"href":"https:\/\/www.jimport.fi\/index.php\/wp-json\/wp\/v2\/product"}],"about":[{"href":"https:\/\/www.jimport.fi\/index.php\/wp-json\/wp\/v2\/types\/product"}],"version-history":[{"count":1,"href":"https:\/\/www.jimport.fi\/index.php\/wp-json\/wp\/v2\/product\/7436\/revisions"}],"predecessor-version":[{"id":7439,"href":"https:\/\/www.jimport.fi\/index.php\/wp-json\/wp\/v2\/product\/7436\/revisions\/7439"}],"wp:featuredmedia":[{"embeddable":true,"href":"https:\/\/www.jimport.fi\/index.php\/wp-json\/wp\/v2\/media\/7437"}],"wp:attachment":[{"href":"https:\/\/www.jimport.fi\/index.php\/wp-json\/wp\/v2\/media?parent=7436"}],"wp:term":[{"taxonomy":"product_brand","embeddable":true,"href":"https:\/\/www.jimport.fi\/index.php\/wp-json\/wp\/v2\/product_brand?post=7436"},{"taxonomy":"product_cat","embeddable":true,"href":"https:\/\/www.jimport.fi\/index.php\/wp-json\/wp\/v2\/product_cat?post=7436"},{"taxonomy":"product_tag","embeddable":true,"href":"https:\/\/www.jimport.fi\/index.php\/wp-json\/wp\/v2\/product_tag?post=7436"}],"curies":[{"name":"wp","href":"https:\/\/api.w.org\/{rel}","templated":true}]}}