{"id":7440,"date":"2024-12-11T15:31:16","date_gmt":"2024-12-11T12:31:16","guid":{"rendered":"https:\/\/www.jimport.fi\/?post_type=product&#038;p=7440"},"modified":"2024-12-11T15:31:17","modified_gmt":"2024-12-11T12:31:17","slug":"koukkuvaaka-300kg","status":"publish","type":"product","link":"https:\/\/www.jimport.fi\/index.php\/tuote\/koukkuvaaka-300kg\/","title":{"rendered":"Koukkuvaaka 300kg"},"content":{"rendered":"<div id=\"naglowek-kontrolka-78\" class=\"naglowek-kontrolki\">\n<div class=\"header-category\">\n<h4>KUVAUS<\/h4>\n<\/div>\n<\/div>\n<div class=\"pole-opis-wartosc\">\n<p><strong>Koukkuvaa&#8217;an<\/strong>\u00a0enimm\u00e4iskantavuus on<strong>\u00a0300 kg<\/strong>, joten se on v\u00e4ltt\u00e4m\u00e4t\u00f6n ty\u00f6kalu tarkkoihin painomittauksiin erilaisissa teollisuus- ja kotitalousymp\u00e4rist\u00f6iss\u00e4.\u00a0<strong>Taustavalaistun LCD-n\u00e4yt\u00f6n<\/strong>\u00a0ansiosta se tarjoaa erinomaisen tulosten luettavuuden my\u00f6s h\u00e4m\u00e4r\u00e4ss\u00e4.\u00a0<strong>Laite saa virtansa kolmesta AA-paristosta<\/strong>, jotka sis\u00e4ltyv\u00e4t pakkaukseen, v\u00e4lit\u00f6nt\u00e4 k\u00e4ytt\u00f6\u00e4 varten.<\/p>\n<h4>Tekniset:<\/h4>\n<p>Mittausalue:\u00a0<strong>0-300kg<\/strong><\/p>\n<p>Mittaustarkkuus:<\/p>\n<ul>\n<li><strong>0-50kg \/ 0,02kg<\/strong><\/li>\n<li><strong>50-100kg \/ 0,05kg<\/strong><\/li>\n<li><strong>100-300kg \/ 0,1kg<\/strong><\/li>\n<\/ul>\n<p>N\u00e4ytt\u00f6:\u00a0<strong>LCD, taustavalaistu<\/strong><\/p>\n<p><strong>Mittayksik\u00f6t: kg (kilogrammaa), lb (lb), N (newtonit)<\/strong><\/p>\n<p>Automaattinen virrankatkaisutoiminto:\u00a0<strong>Kyll\u00e4<\/strong><\/p>\n<p><strong>Toimintopainikkeet: on\/off, taara\/hold, yksikk\u00f6<\/strong><\/p>\n<h4>Tuotteen ominaisuudet:<\/h4>\n<ul>\n<li><strong>Suuri mittaustarkkuus:<\/strong>\u00a0Punnitustarkkuus on 0,02 kg v\u00e4lill\u00e4 0-50 kg, 0,05 kg 50-100 kg ja 0,1 kg 100-300 kg.<\/li>\n<\/ul>\n<ul>\n<li><strong>Yksik\u00f6iden monik\u00e4ytt\u00f6isyys:<\/strong>\u00a0Valitse kolmesta yksik\u00f6st\u00e4: kilogrammat (kg), paunat (lb) tai newtonit (N) r\u00e4\u00e4t\u00e4l\u00f6id\u00e4ksesi mittauksen tarpeisiisi.<\/li>\n<\/ul>\n<ul>\n<li><strong>Automaattinen virrans\u00e4\u00e4st\u00f6:<\/strong>\u00a0Automaattinen sammutustoiminto 60 sekunnin k\u00e4ytt\u00e4m\u00e4tt\u00f6myyden j\u00e4lkeen takaa pidemm\u00e4n k\u00e4ytt\u00f6ajan yhdell\u00e4 paristosarjalla.<\/li>\n<li><strong>Vankka rakenne:<\/strong>\u00a0Valmistettu kest\u00e4vist\u00e4 materiaaleista, mik\u00e4 takaa pitk\u00e4n k\u00e4ytt\u00f6i\u00e4n ja mekaanisten vaurioiden kest\u00e4vyyden.<\/li>\n<\/ul>\n<ul>\n<li><strong>Kompakti ja kevyt rakenne:<\/strong>\u00a0Vaaka on helppo kuljettaa ja varastoida, mik\u00e4 lis\u00e4\u00e4 sen monipuolisuutta.<\/li>\n<\/ul>\n<ul>\n<li><strong>Taara-toiminto:<\/strong>\u00a0Sen avulla vaaka voidaan taarata, kun pakkaus tai s\u00e4ili\u00f6 ripustetaan, mik\u00e4 mahdollistaa vain itse kuorman tarkan mittaamisen.<\/li>\n<\/ul>\n<ul>\n<li><strong>Intuitiivinen:<\/strong>\u00a0Yksinkertainen k\u00e4ytt\u00f6liittym\u00e4 &#8221;ON \/ OFF&#8221;, &#8221;HOLD\/TARE&#8221; ja &#8221;UNIT&#8221; -painikkeilla mahdollistaa nopean ja k\u00e4tev\u00e4n k\u00e4yt\u00f6n.<\/li>\n<\/ul>\n<ul>\n<li><strong>Suuri, helppolukuinen LCD-n\u00e4ytt\u00f6:<\/strong>\u00a0Taustavalon ansiosta tulokset on helppo lukea vaikeissakin valaistusolosuhteissa.<\/li>\n<\/ul>\n<h4>Esimerkkej\u00e4 Geko 300 kg koukkuvaa&#8217;an sovelluksista:<\/h4>\n<ul>\n<li><strong>Teollisuudessa ja varastoissa:<\/strong>\u00a0Kuormien, kuormalavojen, raaka-aineiden ja suurpakkausten punnitsemiseen.<\/li>\n<li><strong>Maataloudessa:<\/strong>\u00a0Ihanteellinen el\u00e4inten ja maatalouden raaka-aineiden, kuten viljan, rehun tai lannoitteiden, painon hallintaan.<\/li>\n<li><strong>Ty\u00f6pajoissa ja palveluissa:<\/strong>\u00a0Autonosien, ty\u00f6kalujen ja rakenneosien punnitsemiseen.<\/li>\n<li><strong>Kuljetus- ja logistiikkayrityksiss\u00e4:<\/strong>\u00a0L\u00e4hetysten ja kuormien tarkkaan punnitsemiseen ennen lastausta.<\/li>\n<li><strong>Kotitaloudessa:<\/strong>\u00a0Suurten ja ep\u00e4tavallisten esineiden, kuten huonekalujen, kodinkoneiden tai rakennusmateriaalien, punnitsemiseen.<\/li>\n<\/ul>\n<\/div>\n","protected":false},"excerpt":{"rendered":"<p>Koukkuvaaka 300kg, isompien kalojen ja tavaroiden punnitsemiseen. Geko.<\/p>\n","protected":false},"featured_media":7442,"template":"","meta":{"_monsterinsights_skip_tracking":false,"_monsterinsights_sitenote_active":false,"_monsterinsights_sitenote_note":"","_monsterinsights_sitenote_category":0,"neve_meta_sidebar":"","neve_meta_container":"","neve_meta_enable_content_width":"off","neve_meta_content_width":100,"neve_meta_title_alignment":"","neve_meta_author_avatar":"","neve_post_elements_order":"","neve_meta_disable_header":"","neve_meta_disable_footer":"","neve_meta_disable_title":"","_themeisle_gutenberg_block_has_review":false},"product_brand":[],"product_cat":[47],"product_tag":[],"class_list":{"0":"post-7440","1":"product","2":"type-product","3":"status-publish","4":"has-post-thumbnail","6":"product_cat-mittaus","8":"first","9":"instock","10":"taxable","11":"shipping-taxable","12":"purchasable","13":"product-type-simple"},"supplier_id":null,"supplier_sku":"","barcode":null,"atum_controlled":true,"out_stock_date":null,"out_stock_threshold":null,"inheritable":false,"inbound_stock":0,"stock_on_hold":0,"sold_today":0,"sales_last_days":0,"reserved_stock":0,"customer_returns":0,"warehouse_damage":0,"lost_in_post":0,"other_logs":0,"out_stock_days":0,"lost_sales":0,"has_location":false,"update_date":"2026-04-17T00:02:17","atum_locations":[],"atum_stock_status":"instock","restock_status":false,"low_stock_amount":"","sales_update_date":"2026-04-17T00:02:17","calc_backorders":null,"aioseo_notices":[],"_links":{"self":[{"href":"https:\/\/www.jimport.fi\/index.php\/wp-json\/wp\/v2\/product\/7440","targetHints":{"allow":["GET"]}}],"collection":[{"href":"https:\/\/www.jimport.fi\/index.php\/wp-json\/wp\/v2\/product"}],"about":[{"href":"https:\/\/www.jimport.fi\/index.php\/wp-json\/wp\/v2\/types\/product"}],"version-history":[{"count":1,"href":"https:\/\/www.jimport.fi\/index.php\/wp-json\/wp\/v2\/product\/7440\/revisions"}],"predecessor-version":[{"id":7444,"href":"https:\/\/www.jimport.fi\/index.php\/wp-json\/wp\/v2\/product\/7440\/revisions\/7444"}],"wp:featuredmedia":[{"embeddable":true,"href":"https:\/\/www.jimport.fi\/index.php\/wp-json\/wp\/v2\/media\/7442"}],"wp:attachment":[{"href":"https:\/\/www.jimport.fi\/index.php\/wp-json\/wp\/v2\/media?parent=7440"}],"wp:term":[{"taxonomy":"product_brand","embeddable":true,"href":"https:\/\/www.jimport.fi\/index.php\/wp-json\/wp\/v2\/product_brand?post=7440"},{"taxonomy":"product_cat","embeddable":true,"href":"https:\/\/www.jimport.fi\/index.php\/wp-json\/wp\/v2\/product_cat?post=7440"},{"taxonomy":"product_tag","embeddable":true,"href":"https:\/\/www.jimport.fi\/index.php\/wp-json\/wp\/v2\/product_tag?post=7440"}],"curies":[{"name":"wp","href":"https:\/\/api.w.org\/{rel}","templated":true}]}}