{"id":7448,"date":"2024-12-11T16:02:32","date_gmt":"2024-12-11T13:02:32","guid":{"rendered":"https:\/\/www.jimport.fi\/?post_type=product&#038;p=7448"},"modified":"2024-12-11T16:02:33","modified_gmt":"2024-12-11T13:02:33","slug":"otsavalo-3w-800mah","status":"publish","type":"product","link":"https:\/\/www.jimport.fi\/index.php\/tuote\/otsavalo-3w-800mah\/","title":{"rendered":"Otsavalo 3W 800mAh"},"content":{"rendered":"<div id=\"naglowek-kontrolka-78\" class=\"naglowek-kontrolki\">\n<div class=\"header-category\">\n<h4>KUVAUS<\/h4>\n<\/div>\n<\/div>\n<div class=\"pole-opis-wartosc\">\n<p>Ajovalaisin varustettu p\u00e4\u00e4valonl\u00e4hteell\u00e4 3W COB LED -moduulin ja 1W XPE LEDien muodossa. Kaksi ty\u00f6skentelytilaa mahdollistavat valinnan 3 W: n p\u00e4\u00e4valon tai 1 W: n kohdevalon v\u00e4lill\u00e4. Siin\u00e4 on s\u00e4\u00e4dett\u00e4v\u00e4 valokulman kaltevuus ja mukava, joustava p\u00e4\u00e4panta, jossa on keh\u00e4n s\u00e4\u00e4t\u00f6.<\/p>\n<p><span class=\"wartosc\"><br \/>\n<\/span><\/p>\n<h4>Tuotteen ominaisuudet:<\/h4>\n<p><span class=\"wartosc\"><br \/>\n<\/span><\/p>\n<ul>\n<li style=\"list-style-type: none;\">\n<ul>\n<li><strong>LED-valo:<\/strong>\u00a0Varustettu 3 W: n COB LED -moduulilla ja 1 W: n XPE-kohdevalolla.<\/li>\n<\/ul>\n<\/li>\n<\/ul>\n<ul>\n<li style=\"list-style-type: none;\">\n<ul>\n<li><strong>Sis\u00e4\u00e4nrakennettu 800mAh akku.<\/strong><\/li>\n<\/ul>\n<\/li>\n<\/ul>\n<ul>\n<li style=\"list-style-type: none;\">\n<ul>\n<li><strong>Kaksi valaistustilaa:<\/strong>\u00a0P\u00e4\u00e4valo ja kohdevalo.<\/li>\n<\/ul>\n<\/li>\n<\/ul>\n<ul>\n<li style=\"list-style-type: none;\">\n<ul>\n<li><strong>S\u00e4\u00e4dett\u00e4v\u00e4 p\u00e4\u00e4panta:<\/strong> Pehme\u00e4 ja joustava hihna keh\u00e4n s\u00e4\u00e4d\u00f6ll\u00e4 mahdollistaa valaisimen mukavan k\u00e4yt\u00f6n. Riippumatta teht\u00e4v\u00e4n ty\u00f6n tyypist\u00e4, valaisin pysyy tukevasti paikallaan.<\/li>\n<\/ul>\n<\/li>\n<\/ul>\n<ul>\n<li style=\"list-style-type: none;\">\n<ul>\n<li><strong>S\u00e4\u00e4dett\u00e4v\u00e4 valokulman kaltevuus:<\/strong> S\u00e4\u00e4d\u00e4 valo valaisemaan juuri sit\u00e4, mit\u00e4 tarvitset. Olitpa sitten korjaamassa autoa tai tutkimassa uusia polkuja<\/li>\n<\/ul>\n<\/li>\n<\/ul>\n<p><span class=\"wartosc\"><br \/>\n<\/span><\/p>\n<h4>Tekniset tiedot:<\/h4>\n<p><span class=\"wartosc\"><br \/>\n<\/span>Materiaali:<strong>\u00a0Muovi<\/strong><\/p>\n<p><span class=\"wartosc\"><br \/>\n<\/span>Valonl\u00e4hde:\u00a0<strong>3W COB LED \/ 1W XPE LED<\/strong><\/p>\n<p><span class=\"wartosc\"><br \/>\n<\/span>Valon voimakkuus:\u00a0<strong>200 lumenia<\/strong><\/p>\n<p><span class=\"wartosc\"><br \/>\n<\/span>Akun kapasiteetti:\u00a0<strong>800mAh<\/strong><\/p>\n<p><span class=\"wartosc\"><br \/>\n<\/span>Ty\u00f6tilat:\u00a0<strong>P\u00e4\u00e4valo \/ kohdevalo<\/strong><\/p>\n<p><span class=\"wartosc\"><br \/>\n<\/span>Latausportti:\u00a0<strong>Micro USB<\/strong><\/p>\n<\/div>\n","protected":false},"excerpt":{"rendered":"<p>Ladattava LED otsavalo kahdella erillisell\u00e4 valolla. Keltin.<\/p>\n","protected":false},"featured_media":7450,"template":"","meta":{"_monsterinsights_skip_tracking":false,"_monsterinsights_sitenote_active":false,"_monsterinsights_sitenote_note":"","_monsterinsights_sitenote_category":0,"neve_meta_sidebar":"","neve_meta_container":"","neve_meta_enable_content_width":"off","neve_meta_content_width":100,"neve_meta_title_alignment":"","neve_meta_author_avatar":"","neve_post_elements_order":"","neve_meta_disable_header":"","neve_meta_disable_footer":"","neve_meta_disable_title":"","_themeisle_gutenberg_block_has_review":false},"product_brand":[],"product_cat":[61],"product_tag":[],"class_list":{"0":"post-7448","1":"product","2":"type-product","3":"status-publish","4":"has-post-thumbnail","6":"product_cat-valoja","8":"first","9":"instock","10":"taxable","11":"shipping-taxable","12":"purchasable","13":"product-type-simple"},"supplier_id":null,"supplier_sku":"","barcode":null,"atum_controlled":true,"out_stock_date":null,"out_stock_threshold":null,"inheritable":false,"inbound_stock":0,"stock_on_hold":0,"sold_today":0,"sales_last_days":0,"reserved_stock":0,"customer_returns":0,"warehouse_damage":0,"lost_in_post":0,"other_logs":0,"out_stock_days":0,"lost_sales":0,"has_location":false,"update_date":"2026-04-18T00:02:20","atum_locations":[],"atum_stock_status":"instock","restock_status":false,"low_stock_amount":"","sales_update_date":"2026-04-18T00:02:20","calc_backorders":null,"aioseo_notices":[],"_links":{"self":[{"href":"https:\/\/www.jimport.fi\/index.php\/wp-json\/wp\/v2\/product\/7448","targetHints":{"allow":["GET"]}}],"collection":[{"href":"https:\/\/www.jimport.fi\/index.php\/wp-json\/wp\/v2\/product"}],"about":[{"href":"https:\/\/www.jimport.fi\/index.php\/wp-json\/wp\/v2\/types\/product"}],"version-history":[{"count":1,"href":"https:\/\/www.jimport.fi\/index.php\/wp-json\/wp\/v2\/product\/7448\/revisions"}],"predecessor-version":[{"id":7451,"href":"https:\/\/www.jimport.fi\/index.php\/wp-json\/wp\/v2\/product\/7448\/revisions\/7451"}],"wp:featuredmedia":[{"embeddable":true,"href":"https:\/\/www.jimport.fi\/index.php\/wp-json\/wp\/v2\/media\/7450"}],"wp:attachment":[{"href":"https:\/\/www.jimport.fi\/index.php\/wp-json\/wp\/v2\/media?parent=7448"}],"wp:term":[{"taxonomy":"product_brand","embeddable":true,"href":"https:\/\/www.jimport.fi\/index.php\/wp-json\/wp\/v2\/product_brand?post=7448"},{"taxonomy":"product_cat","embeddable":true,"href":"https:\/\/www.jimport.fi\/index.php\/wp-json\/wp\/v2\/product_cat?post=7448"},{"taxonomy":"product_tag","embeddable":true,"href":"https:\/\/www.jimport.fi\/index.php\/wp-json\/wp\/v2\/product_tag?post=7448"}],"curies":[{"name":"wp","href":"https:\/\/api.w.org\/{rel}","templated":true}]}}