{"id":7493,"date":"2024-12-12T13:52:30","date_gmt":"2024-12-12T10:52:30","guid":{"rendered":"https:\/\/www.jimport.fi\/?post_type=product&#038;p=7493"},"modified":"2024-12-12T13:55:29","modified_gmt":"2024-12-12T10:55:29","slug":"kasipumppu-8mm","status":"publish","type":"product","link":"https:\/\/www.jimport.fi\/index.php\/tuote\/kasipumppu-8mm\/","title":{"rendered":"K\u00e4sipumppu 8mm"},"content":{"rendered":"<div id=\"naglowek-kontrolka-78\" class=\"naglowek-kontrolki\">\n<div class=\"header-category\">\n<h4>KUVAUS<\/h4>\n<\/div>\n<\/div>\n<div class=\"pole-opis-wartosc\">\n<p>Dieselpolttoainepumpun ilmausty\u00f6kalu soveltuu dieselmoottoreiden nesteiden ilmaamiseen. Sit\u00e4 k\u00e4ytet\u00e4\u00e4n yleisimmin per\u00e4- tai sis\u00e4moottoreissa. Ihanteellinen polttoaineen sy\u00f6tt\u00e4miseen polttoainepumppuun polttoainesuodattimen vaihdon j\u00e4lkeen.<\/p>\n<p><span class=\"wartosc\">\u00a0<\/span><\/p>\n<h3>Tuotteen ominaisuudet<\/h3>\n<p><span class=\"wartosc\">\u00a0<\/span><\/p>\n<ul>\n<li style=\"list-style-type: none;\">\n<ul>\n<li>Toimii tyhji\u00f6periaatteella<\/li>\n<\/ul>\n<\/li>\n<\/ul>\n<ul>\n<li style=\"list-style-type: none;\">\n<ul>\n<li>Vain yksisuuntainen toiminto<\/li>\n<\/ul>\n<\/li>\n<\/ul>\n<ul>\n<li style=\"list-style-type: none;\">\n<ul>\n<li>Liitet\u00e4\u00e4n mink\u00e4 tahansa pituiseen letkuun<\/li>\n<\/ul>\n<\/li>\n<\/ul>\n<p><span class=\"wartosc\">\u00a0<\/span><\/p>\n<h4>Tekniset tiedot<\/h4>\n<p><span class=\"wartosc\">\u00a0<\/span><\/p>\n<ul>\n<li style=\"list-style-type: none;\">\n<ul>\n<li>Kokonaispituus: 150 mm<\/li>\n<\/ul>\n<\/li>\n<\/ul>\n<ul>\n<li>Tuloliittimet: 8 mm<\/li>\n<\/ul>\n<\/div>\n","protected":false},"excerpt":{"rendered":"<p>Laadukkaalta vaikuttava &#8221;p\u00e4ssin kives&#8221;\u00a0 diesel vehkeiden ilmaamiseen ja muihin k\u00e4ytt\u00f6tarkoituksiin ( bensan ja liuottimien kest\u00e4vyydest\u00e4 ei ole tietoa)<\/p>\n","protected":false},"featured_media":7496,"template":"","meta":{"_monsterinsights_skip_tracking":false,"_monsterinsights_sitenote_active":false,"_monsterinsights_sitenote_note":"","_monsterinsights_sitenote_category":0,"neve_meta_sidebar":"","neve_meta_container":"","neve_meta_enable_content_width":"off","neve_meta_content_width":100,"neve_meta_title_alignment":"","neve_meta_author_avatar":"","neve_post_elements_order":"","neve_meta_disable_header":"","neve_meta_disable_footer":"","neve_meta_disable_title":"","_themeisle_gutenberg_block_has_review":false},"product_brand":[],"product_cat":[52],"product_tag":[],"class_list":{"0":"post-7493","1":"product","2":"type-product","3":"status-publish","4":"has-post-thumbnail","6":"product_cat-huoltovalineet","8":"first","9":"instock","10":"taxable","11":"shipping-taxable","12":"purchasable","13":"product-type-simple"},"supplier_id":null,"supplier_sku":"","barcode":null,"atum_controlled":true,"out_stock_date":null,"out_stock_threshold":null,"inheritable":false,"inbound_stock":0,"stock_on_hold":0,"sold_today":0,"sales_last_days":0,"reserved_stock":0,"customer_returns":0,"warehouse_damage":0,"lost_in_post":0,"other_logs":0,"out_stock_days":0,"lost_sales":0,"has_location":false,"update_date":"2026-05-15T01:10:42","atum_locations":[],"atum_stock_status":"instock","restock_status":false,"low_stock_amount":"","sales_update_date":"2026-05-15T01:10:42","calc_backorders":null,"aioseo_notices":[],"_links":{"self":[{"href":"https:\/\/www.jimport.fi\/index.php\/wp-json\/wp\/v2\/product\/7493","targetHints":{"allow":["GET"]}}],"collection":[{"href":"https:\/\/www.jimport.fi\/index.php\/wp-json\/wp\/v2\/product"}],"about":[{"href":"https:\/\/www.jimport.fi\/index.php\/wp-json\/wp\/v2\/types\/product"}],"version-history":[{"count":1,"href":"https:\/\/www.jimport.fi\/index.php\/wp-json\/wp\/v2\/product\/7493\/revisions"}],"predecessor-version":[{"id":7497,"href":"https:\/\/www.jimport.fi\/index.php\/wp-json\/wp\/v2\/product\/7493\/revisions\/7497"}],"wp:featuredmedia":[{"embeddable":true,"href":"https:\/\/www.jimport.fi\/index.php\/wp-json\/wp\/v2\/media\/7496"}],"wp:attachment":[{"href":"https:\/\/www.jimport.fi\/index.php\/wp-json\/wp\/v2\/media?parent=7493"}],"wp:term":[{"taxonomy":"product_brand","embeddable":true,"href":"https:\/\/www.jimport.fi\/index.php\/wp-json\/wp\/v2\/product_brand?post=7493"},{"taxonomy":"product_cat","embeddable":true,"href":"https:\/\/www.jimport.fi\/index.php\/wp-json\/wp\/v2\/product_cat?post=7493"},{"taxonomy":"product_tag","embeddable":true,"href":"https:\/\/www.jimport.fi\/index.php\/wp-json\/wp\/v2\/product_tag?post=7493"}],"curies":[{"name":"wp","href":"https:\/\/api.w.org\/{rel}","templated":true}]}}