{"id":750,"date":"2022-06-10T11:33:58","date_gmt":"2022-06-10T11:33:58","guid":{"rendered":"https:\/\/www.jimport.fi\/?post_type=product&#038;p=750"},"modified":"2026-01-03T18:35:43","modified_gmt":"2026-01-03T15:35:43","slug":"juotoskolvi-100w","status":"publish","type":"product","link":"https:\/\/www.jimport.fi\/index.php\/tuote\/juotoskolvi-100w\/","title":{"rendered":"Kolvi 100W"},"content":{"rendered":"<h2>Tuotekuvaus<\/h2>\n<p>100W juotin taivutetulla k\u00e4rjell\u00e4. Ihanteellinen yleisk\u00e4ytt\u00f6iseen juottamiseen : s\u00e4hk\u00f6ty\u00f6t, harrastukset ja k\u00e4sity\u00f6t.<\/p>\n<h3>Tuotteen ominaisuudet<\/h3>\n<ul>\n<li>Teho 100 W<\/li>\n<li>Eristetty kahva, kumitettu kahva<\/li>\n<li>Pitk\u00e4ik\u00e4inen taivutettu k\u00e4rki<\/li>\n<\/ul>\n<h4>Tekniset tiedot:<\/h4>\n<ul>\n<li>tuloj\u00e4nnite: 230V \/ 50 Hz<\/li>\n<li>Virrankulutus: 100 W<\/li>\n<li>Esil\u00e4mmitysaika: 3 &#8211; 5 minuuttia<\/li>\n<li>Juotosl\u00e4mp\u00f6tila: 500 \u00b0C<\/li>\n<li>Juotosraudan k\u00e4rki: 45 asteen viisto taivutettu k\u00e4rki<\/li>\n<li>Virtajohdon pituus: 1,4 m<\/li>\n<\/ul>\n","protected":false},"excerpt":{"rendered":"<p>Tehokas kolvi 100W isompiin juotost\u00f6ihin ja muovin korjailuun. Geko<\/p>\n","protected":false},"featured_media":751,"template":"","meta":{"_monsterinsights_skip_tracking":false,"_monsterinsights_sitenote_active":false,"_monsterinsights_sitenote_note":"","_monsterinsights_sitenote_category":0,"neve_meta_sidebar":"","neve_meta_container":"","neve_meta_enable_content_width":"off","neve_meta_content_width":100,"neve_meta_title_alignment":"","neve_meta_author_avatar":"","neve_post_elements_order":"","neve_meta_disable_header":"","neve_meta_disable_footer":"","neve_meta_disable_title":"","_themeisle_gutenberg_block_has_review":false},"product_brand":[],"product_cat":[51,58],"product_tag":[],"class_list":{"0":"post-750","1":"product","2":"type-product","3":"status-publish","4":"has-post-thumbnail","6":"product_cat-sahkotyokalut","7":"product_cat-sahkotyokaluja","9":"first","10":"outofstock","11":"taxable","12":"shipping-taxable","13":"purchasable","14":"product-type-simple"},"supplier_id":null,"supplier_sku":"","barcode":null,"atum_controlled":true,"out_stock_date":"2026-01-03 18:35:43","out_stock_threshold":null,"inheritable":false,"inbound_stock":0,"stock_on_hold":0,"sold_today":0,"sales_last_days":0,"reserved_stock":0,"customer_returns":0,"warehouse_damage":0,"lost_in_post":0,"other_logs":0,"out_stock_days":129,"lost_sales":221,"has_location":false,"update_date":"2026-05-13T00:59:50","atum_locations":[],"atum_stock_status":"outofstock","restock_status":false,"low_stock_amount":"","sales_update_date":"2026-05-13T00:59:50","calc_backorders":null,"aioseo_notices":[],"_links":{"self":[{"href":"https:\/\/www.jimport.fi\/index.php\/wp-json\/wp\/v2\/product\/750","targetHints":{"allow":["GET"]}}],"collection":[{"href":"https:\/\/www.jimport.fi\/index.php\/wp-json\/wp\/v2\/product"}],"about":[{"href":"https:\/\/www.jimport.fi\/index.php\/wp-json\/wp\/v2\/types\/product"}],"version-history":[{"count":3,"href":"https:\/\/www.jimport.fi\/index.php\/wp-json\/wp\/v2\/product\/750\/revisions"}],"predecessor-version":[{"id":4982,"href":"https:\/\/www.jimport.fi\/index.php\/wp-json\/wp\/v2\/product\/750\/revisions\/4982"}],"wp:featuredmedia":[{"embeddable":true,"href":"https:\/\/www.jimport.fi\/index.php\/wp-json\/wp\/v2\/media\/751"}],"wp:attachment":[{"href":"https:\/\/www.jimport.fi\/index.php\/wp-json\/wp\/v2\/media?parent=750"}],"wp:term":[{"taxonomy":"product_brand","embeddable":true,"href":"https:\/\/www.jimport.fi\/index.php\/wp-json\/wp\/v2\/product_brand?post=750"},{"taxonomy":"product_cat","embeddable":true,"href":"https:\/\/www.jimport.fi\/index.php\/wp-json\/wp\/v2\/product_cat?post=750"},{"taxonomy":"product_tag","embeddable":true,"href":"https:\/\/www.jimport.fi\/index.php\/wp-json\/wp\/v2\/product_tag?post=750"}],"curies":[{"name":"wp","href":"https:\/\/api.w.org\/{rel}","templated":true}]}}