{"id":7583,"date":"2025-01-25T11:39:20","date_gmt":"2025-01-25T08:39:20","guid":{"rendered":"https:\/\/www.jimport.fi\/?post_type=product&#038;p=7583"},"modified":"2026-05-06T18:11:03","modified_gmt":"2026-05-06T15:11:03","slug":"hana-sodastream-pulloon","status":"publish","type":"product","link":"https:\/\/www.jimport.fi\/index.php\/tuote\/hana-sodastream-pulloon\/","title":{"rendered":"Adapteri Sodastream CO2 pulloon -hanalla"},"content":{"rendered":"<p>Hieman kehittyneempi adapteri malli Sodastream pullon hy\u00f6dynt\u00e4miseksi hitsausk\u00e4ytt\u00f6\u00f6n. T\u00e4ss\u00e4 etuna virtausmittarin asettuminen &#8221;luonnolliseen&#8221; asentoon, pulloa liitett\u00e4ess\u00e4 ei hiilidioksidia p\u00e4\u00e4se karkaamaan yht\u00e4\u00e4n ja pulloa ei tarvitse irrotella vuotojen est\u00e4miseksi, koska hanalla saa avattua\/suljettua pullon oman venttiilin. Tr21-4\/W21.8-14 kierteet. Sis\u00e4lt\u00e4\u00e4 tiivisteet molempiin p\u00e4ihin ja varatiivisteen pullolle.<\/p>\n","protected":false},"excerpt":{"rendered":"<p>Hana\/adapteri Sodastream pulloon, johon saat hitsausk\u00e4ytt\u00f6\u00f6n tarkoitetun hiilidioksidi virtausmittarin kiinni.<\/p>\n","protected":false},"featured_media":7585,"template":"","meta":{"_monsterinsights_skip_tracking":false,"_monsterinsights_sitenote_active":false,"_monsterinsights_sitenote_note":"","_monsterinsights_sitenote_category":0,"neve_meta_sidebar":"","neve_meta_container":"","neve_meta_enable_content_width":"off","neve_meta_content_width":100,"neve_meta_title_alignment":"","neve_meta_author_avatar":"","neve_post_elements_order":"","neve_meta_disable_header":"","neve_meta_disable_footer":"","neve_meta_disable_title":"","_themeisle_gutenberg_block_has_review":false},"product_brand":[],"product_cat":[141],"product_tag":[],"class_list":{"0":"post-7583","1":"product","2":"type-product","3":"status-publish","4":"has-post-thumbnail","6":"product_cat-hitsaus","8":"first","9":"instock","10":"sale","11":"taxable","12":"shipping-taxable","13":"purchasable","14":"product-type-simple"},"supplier_id":null,"supplier_sku":"","barcode":null,"atum_controlled":true,"out_stock_date":null,"out_stock_threshold":null,"inheritable":false,"inbound_stock":0,"stock_on_hold":0,"sold_today":0,"sales_last_days":1,"reserved_stock":0,"customer_returns":0,"warehouse_damage":0,"lost_in_post":0,"other_logs":0,"out_stock_days":0,"lost_sales":0,"has_location":false,"update_date":"2026-05-13T01:00:21","atum_locations":[],"atum_stock_status":"instock","restock_status":false,"low_stock_amount":"","sales_update_date":"2026-05-13T01:00:21","calc_backorders":null,"aioseo_notices":[],"_links":{"self":[{"href":"https:\/\/www.jimport.fi\/index.php\/wp-json\/wp\/v2\/product\/7583","targetHints":{"allow":["GET"]}}],"collection":[{"href":"https:\/\/www.jimport.fi\/index.php\/wp-json\/wp\/v2\/product"}],"about":[{"href":"https:\/\/www.jimport.fi\/index.php\/wp-json\/wp\/v2\/types\/product"}],"version-history":[{"count":4,"href":"https:\/\/www.jimport.fi\/index.php\/wp-json\/wp\/v2\/product\/7583\/revisions"}],"predecessor-version":[{"id":7795,"href":"https:\/\/www.jimport.fi\/index.php\/wp-json\/wp\/v2\/product\/7583\/revisions\/7795"}],"wp:featuredmedia":[{"embeddable":true,"href":"https:\/\/www.jimport.fi\/index.php\/wp-json\/wp\/v2\/media\/7585"}],"wp:attachment":[{"href":"https:\/\/www.jimport.fi\/index.php\/wp-json\/wp\/v2\/media?parent=7583"}],"wp:term":[{"taxonomy":"product_brand","embeddable":true,"href":"https:\/\/www.jimport.fi\/index.php\/wp-json\/wp\/v2\/product_brand?post=7583"},{"taxonomy":"product_cat","embeddable":true,"href":"https:\/\/www.jimport.fi\/index.php\/wp-json\/wp\/v2\/product_cat?post=7583"},{"taxonomy":"product_tag","embeddable":true,"href":"https:\/\/www.jimport.fi\/index.php\/wp-json\/wp\/v2\/product_tag?post=7583"}],"curies":[{"name":"wp","href":"https:\/\/api.w.org\/{rel}","templated":true}]}}