{"id":767,"date":"2022-06-10T13:22:22","date_gmt":"2022-06-10T13:22:22","guid":{"rendered":"https:\/\/www.jimport.fi\/?post_type=product&#038;p=767"},"modified":"2023-04-28T08:56:26","modified_gmt":"2023-04-28T08:56:26","slug":"kulmahiomakone-125mm-1200w","status":"publish","type":"product","link":"https:\/\/www.jimport.fi\/index.php\/tuote\/kulmahiomakone-125mm-1200w\/","title":{"rendered":"Kulmahiomakone 125mm 1200W"},"content":{"rendered":"<h2>Tuotekuvaus<\/h2>\n<p>Soveltuu muurauksen, betonin ja ter\u00e4ksen leikkaamiseen ja hiontaan.<\/p>\n<h3>Tuotteen ominaisuudet<\/h3>\n<ul>\n<li>Tehokas 1200W moottori<\/li>\n<li>Hiomalaikan halkaisija 125 mm<\/li>\n<li>Ergonominen pehme\u00e4 kahva<\/li>\n<li>S\u00e4\u00e4dett\u00e4v\u00e4 kahvan asento: vasen \/ oikea \/ ylh\u00e4\u00e4ll\u00e4<\/li>\n<li>Nopeudens\u00e4\u00e4t\u00f6valitsin &#8211; 6-vaihteinen<\/li>\n<li>Laikanvaihto lukitus<\/li>\n<li>Alumiininen vaihteiston kotelo<\/li>\n<li>Kest\u00e4v\u00e4 komposiittikotelo<\/li>\n<li>Helppo hiiliharjan vaihto<\/li>\n<\/ul>\n<h4>Tekniset tiedot<\/h4>\n<ul>\n<li>Moottorin teho: 1200 W<\/li>\n<li>tuloj\u00e4nnite: 230V \/ 50 Hz<\/li>\n<li>S\u00e4\u00e4dett\u00e4v\u00e4 nopeus: 3 000 &#8211; 12 000 rpm<\/li>\n<li>Hiomalaika: 125 mm<\/li>\n<li>Laikan kiinnitys: 22 mm<\/li>\n<li>Karan kierre: M14<\/li>\n<li>Suojausluokka: II<\/li>\n<\/ul>\n<h4>Pakkauksen sis\u00e4lt\u00f6:<\/h4>\n<ul>\n<li>kulmahiomakone<\/li>\n<li>lis\u00e4kahva<\/li>\n<li>laikkasuoja<\/li>\n<li>kuusiokoloavain<\/li>\n<li>2kpl hiiliharjaa<\/li>\n<\/ul>\n","protected":false},"excerpt":{"rendered":"<p>Tehokas r\u00e4ll\u00e4kk\u00e4 kierrostens\u00e4\u00e4d\u00f6ll\u00e4<\/p>\n","protected":false},"featured_media":768,"template":"","meta":{"_monsterinsights_skip_tracking":false,"_monsterinsights_sitenote_active":false,"_monsterinsights_sitenote_note":"","_monsterinsights_sitenote_category":0,"neve_meta_sidebar":"","neve_meta_container":"","neve_meta_enable_content_width":"off","neve_meta_content_width":100,"neve_meta_title_alignment":"","neve_meta_author_avatar":"","neve_post_elements_order":"","neve_meta_disable_header":"","neve_meta_disable_footer":"","neve_meta_disable_title":"","_themeisle_gutenberg_block_has_review":false},"product_brand":[],"product_cat":[58],"product_tag":[],"class_list":{"0":"post-767","1":"product","2":"type-product","3":"status-publish","4":"has-post-thumbnail","6":"product_cat-sahkotyokaluja","8":"first","9":"instock","10":"taxable","11":"shipping-taxable","12":"purchasable","13":"product-type-simple"},"supplier_id":null,"supplier_sku":"","barcode":null,"atum_controlled":true,"out_stock_date":null,"out_stock_threshold":null,"inheritable":false,"inbound_stock":0,"stock_on_hold":0,"sold_today":0,"sales_last_days":0,"reserved_stock":0,"customer_returns":0,"warehouse_damage":0,"lost_in_post":0,"other_logs":0,"out_stock_days":0,"lost_sales":0,"has_location":false,"update_date":"2026-05-13T01:00:00","atum_locations":[],"atum_stock_status":"instock","restock_status":false,"low_stock_amount":"","sales_update_date":"2026-05-13T01:00:00","calc_backorders":null,"aioseo_notices":[],"_links":{"self":[{"href":"https:\/\/www.jimport.fi\/index.php\/wp-json\/wp\/v2\/product\/767","targetHints":{"allow":["GET"]}}],"collection":[{"href":"https:\/\/www.jimport.fi\/index.php\/wp-json\/wp\/v2\/product"}],"about":[{"href":"https:\/\/www.jimport.fi\/index.php\/wp-json\/wp\/v2\/types\/product"}],"version-history":[{"count":4,"href":"https:\/\/www.jimport.fi\/index.php\/wp-json\/wp\/v2\/product\/767\/revisions"}],"predecessor-version":[{"id":5030,"href":"https:\/\/www.jimport.fi\/index.php\/wp-json\/wp\/v2\/product\/767\/revisions\/5030"}],"wp:featuredmedia":[{"embeddable":true,"href":"https:\/\/www.jimport.fi\/index.php\/wp-json\/wp\/v2\/media\/768"}],"wp:attachment":[{"href":"https:\/\/www.jimport.fi\/index.php\/wp-json\/wp\/v2\/media?parent=767"}],"wp:term":[{"taxonomy":"product_brand","embeddable":true,"href":"https:\/\/www.jimport.fi\/index.php\/wp-json\/wp\/v2\/product_brand?post=767"},{"taxonomy":"product_cat","embeddable":true,"href":"https:\/\/www.jimport.fi\/index.php\/wp-json\/wp\/v2\/product_cat?post=767"},{"taxonomy":"product_tag","embeddable":true,"href":"https:\/\/www.jimport.fi\/index.php\/wp-json\/wp\/v2\/product_tag?post=767"}],"curies":[{"name":"wp","href":"https:\/\/api.w.org\/{rel}","templated":true}]}}