{"id":7703,"date":"2025-03-08T11:28:39","date_gmt":"2025-03-08T08:28:39","guid":{"rendered":"https:\/\/www.jimport.fi\/?post_type=product&#038;p=7703"},"modified":"2025-05-28T13:58:17","modified_gmt":"2025-05-28T10:58:17","slug":"muovinkorjaussarja-70w","status":"publish","type":"product","link":"https:\/\/www.jimport.fi\/index.php\/tuote\/muovinkorjaussarja-70w\/","title":{"rendered":"Muovinkorjaussarja 70W"},"content":{"rendered":"<div id=\"naglowek-kontrolka-78\" class=\"naglowek-kontrolki\">\n<div class=\"header-category\">\n<h4>KUVAUS<\/h4>\n<\/div>\n<\/div>\n<div class=\"pole-opis-wartosc\">\n<p><strong>Muovinhitsauslaite, jonka teho on 70 W<\/strong>, varustettu 200 erityyppisell\u00e4 niitill\u00e4. T\u00e4m\u00e4 ty\u00f6kalu tekee korjaus- tai projektity\u00f6st\u00e4si nopeaa, tarkkaa ja eritt\u00e4in tehokasta.<\/p>\n<p><span class=\"wartosc\">\u00a0<\/span><\/p>\n<ul>\n<li style=\"list-style-type: none;\">\n<ul>\n<li><strong>Teho:<\/strong>\u00a070W<\/li>\n<\/ul>\n<\/li>\n<\/ul>\n<ul>\n<li style=\"list-style-type: none;\">\n<ul>\n<li><strong>Virtal\u00e4hde:<\/strong>\u00a0230V<\/li>\n<\/ul>\n<\/li>\n<\/ul>\n<ul>\n<li style=\"list-style-type: none;\">\n<ul>\n<li><strong>Niitin l\u00e4mp\u00f6tila:<\/strong>\u00a0jopa 600 \u00b0C<\/li>\n<\/ul>\n<\/li>\n<\/ul>\n<ul>\n<li style=\"list-style-type: none;\">\n<ul>\n<li><strong>Elektrodien leveys niitin kiinnityskohdassa:<\/strong>\u00a013-15 mm<\/li>\n<\/ul>\n<\/li>\n<\/ul>\n<ul>\n<li style=\"list-style-type: none;\">\n<ul>\n<li><strong>Virtajohdon pituus:<\/strong>\u00a0155 cm<\/li>\n<\/ul>\n<\/li>\n<\/ul>\n<ul>\n<li style=\"list-style-type: none;\">\n<ul>\n<li><strong>L\u00e4mmitys:<\/strong>\u00a03 sekunnissa<\/li>\n<\/ul>\n<\/li>\n<\/ul>\n<p><span class=\"wartosc\"><br \/>\n<\/span>Sovellus:<\/p>\n<p><span class=\"wartosc\">\u00a0<\/span><\/p>\n<ul>\n<li style=\"list-style-type: none;\">\n<ul>\n<li><strong>Muovien hitsaus<\/strong>, aukkojen poistaminen ja reikien korjaaminen<\/li>\n<\/ul>\n<\/li>\n<\/ul>\n<ul>\n<li style=\"list-style-type: none;\">\n<ul>\n<li>erilaisten halkeamien korjaaminen: vaakasuora, pystysuora, pitk\u00e4 ja lyhyt,<\/li>\n<\/ul>\n<\/li>\n<\/ul>\n<ul>\n<li style=\"list-style-type: none;\">\n<ul>\n<li>l\u00e4mp\u00f6leikkaus,<\/li>\n<\/ul>\n<\/li>\n<\/ul>\n<ul>\n<li style=\"list-style-type: none;\">\n<ul>\n<li>lyijyn juottaminen,<\/li>\n<\/ul>\n<\/li>\n<\/ul>\n<ul>\n<li style=\"list-style-type: none;\">\n<ul>\n<li>kuuma tasoitus.<\/li>\n<\/ul>\n<\/li>\n<\/ul>\n<p><span class=\"wartosc\"><br \/>\n<\/span>Tuotteen ominaisuudet:<\/p>\n<p><span class=\"wartosc\">\u00a0<\/span><\/p>\n<ul>\n<li style=\"list-style-type: none;\">\n<ul>\n<li><strong>4 tyyppi\u00e4 niittej\u00e4:<\/strong>\u00a0Mukana tulevilla 4 erityyppisell\u00e4 niitill\u00e4 voit mukauttaa hitsauskoneen erityyppisiin muoveihin ja projekteihin.<\/li>\n<\/ul>\n<\/li>\n<\/ul>\n<ul>\n<li style=\"list-style-type: none;\">\n<ul>\n<li><strong>Yleinen sovellus:<\/strong>\u00a0Ihanteellinen k\u00e4ytett\u00e4v\u00e4ksi kotona, ty\u00f6pajassa tai jopa tuotantolaitoksessa. T\u00e4ydellinen muoviesineiden korjaamiseen, prototyyppien luomiseen tai vaikkapa taiteelliseen ty\u00f6h\u00f6n.<\/li>\n<\/ul>\n<\/li>\n<\/ul>\n<p><span class=\"wartosc\"><br \/>\n<\/span>Sarjaan sis\u00e4ltyy:<\/p>\n<p><span class=\"wartosc\">\u00a0<\/span><\/p>\n<ul>\n<li style=\"list-style-type: none;\">\n<ul>\n<li>70 W muovinen hitsauskone<\/li>\n<\/ul>\n<\/li>\n<\/ul>\n<ul>\n<li style=\"list-style-type: none;\">\n<ul>\n<li>200 niitti\u00e4\n<ul>\n<li style=\"list-style-type: none;\">\n<ul>\n<li>litte\u00e4 &#8211; 50 kpl.<\/li>\n<\/ul>\n<\/li>\n<\/ul>\n<ul>\n<li style=\"list-style-type: none;\">\n<ul>\n<li>sis\u00e4inen &#8211; 50 kpl.<\/li>\n<\/ul>\n<\/li>\n<\/ul>\n<ul>\n<li style=\"list-style-type: none;\">\n<ul>\n<li>suora &#8211; 50 kpl.<\/li>\n<\/ul>\n<\/li>\n<\/ul>\n<ul>\n<li style=\"list-style-type: none;\">\n<ul>\n<li>ontelo &#8211; 50 kpl.<\/li>\n<\/ul>\n<\/li>\n<\/ul>\n<\/li>\n<\/ul>\n<\/li>\n<\/ul>\n<ul>\n<li style=\"list-style-type: none;\">\n<ul>\n<li>Pihdit<\/li>\n<\/ul>\n<\/li>\n<\/ul>\n<ul>\n<li style=\"list-style-type: none;\">\n<ul>\n<li>Verhoilu veitsi<\/li>\n<\/ul>\n<\/li>\n<\/ul>\n<ul>\n<li>Kaikki pakattu k\u00e4tev\u00e4\u00e4n kannettavaan muovikoteloon<\/li>\n<li><\/li>\n<li><a href=\"https:\/\/www.jimport.fi\/wp-content\/uploads\/2025\/03\/instrukcja-2.pdf\">K\u00e4ytt\u00f6ohje <\/a><\/li>\n<\/ul>\n<\/div>\n","protected":false},"excerpt":{"rendered":"<p>Muovinhitsaus- \/ kuumaniittauslaite 70watin teholla. Mukana sivuleikkurit, veitsi ja 200 kpl niittej\u00e4. Geko.<\/p>\n","protected":false},"featured_media":7707,"template":"","meta":{"_monsterinsights_skip_tracking":false,"_monsterinsights_sitenote_active":false,"_monsterinsights_sitenote_note":"","_monsterinsights_sitenote_category":0,"neve_meta_sidebar":"","neve_meta_container":"","neve_meta_enable_content_width":"off","neve_meta_content_width":100,"neve_meta_title_alignment":"","neve_meta_author_avatar":"","neve_post_elements_order":"","neve_meta_disable_header":"","neve_meta_disable_footer":"","neve_meta_disable_title":"","_themeisle_gutenberg_block_has_review":false},"product_brand":[],"product_cat":[139],"product_tag":[],"class_list":{"0":"post-7703","1":"product","2":"type-product","3":"status-publish","4":"has-post-thumbnail","6":"product_cat-muovinkorjaus","8":"first","9":"instock","10":"taxable","11":"shipping-taxable","12":"purchasable","13":"product-type-simple"},"supplier_id":null,"supplier_sku":"","barcode":null,"atum_controlled":true,"out_stock_date":null,"out_stock_threshold":null,"inheritable":false,"inbound_stock":0,"stock_on_hold":0,"sold_today":0,"sales_last_days":0,"reserved_stock":0,"customer_returns":0,"warehouse_damage":0,"lost_in_post":0,"other_logs":0,"out_stock_days":0,"lost_sales":0,"has_location":false,"update_date":"2026-05-13T00:59:47","atum_locations":[],"atum_stock_status":"instock","restock_status":false,"low_stock_amount":"","sales_update_date":"2026-05-13T00:59:47","calc_backorders":null,"aioseo_notices":[],"_links":{"self":[{"href":"https:\/\/www.jimport.fi\/index.php\/wp-json\/wp\/v2\/product\/7703","targetHints":{"allow":["GET"]}}],"collection":[{"href":"https:\/\/www.jimport.fi\/index.php\/wp-json\/wp\/v2\/product"}],"about":[{"href":"https:\/\/www.jimport.fi\/index.php\/wp-json\/wp\/v2\/types\/product"}],"version-history":[{"count":3,"href":"https:\/\/www.jimport.fi\/index.php\/wp-json\/wp\/v2\/product\/7703\/revisions"}],"predecessor-version":[{"id":7711,"href":"https:\/\/www.jimport.fi\/index.php\/wp-json\/wp\/v2\/product\/7703\/revisions\/7711"}],"wp:featuredmedia":[{"embeddable":true,"href":"https:\/\/www.jimport.fi\/index.php\/wp-json\/wp\/v2\/media\/7707"}],"wp:attachment":[{"href":"https:\/\/www.jimport.fi\/index.php\/wp-json\/wp\/v2\/media?parent=7703"}],"wp:term":[{"taxonomy":"product_brand","embeddable":true,"href":"https:\/\/www.jimport.fi\/index.php\/wp-json\/wp\/v2\/product_brand?post=7703"},{"taxonomy":"product_cat","embeddable":true,"href":"https:\/\/www.jimport.fi\/index.php\/wp-json\/wp\/v2\/product_cat?post=7703"},{"taxonomy":"product_tag","embeddable":true,"href":"https:\/\/www.jimport.fi\/index.php\/wp-json\/wp\/v2\/product_tag?post=7703"}],"curies":[{"name":"wp","href":"https:\/\/api.w.org\/{rel}","templated":true}]}}