{"id":7712,"date":"2025-03-08T12:01:40","date_gmt":"2025-03-08T09:01:40","guid":{"rendered":"https:\/\/www.jimport.fi\/?post_type=product&#038;p=7712"},"modified":"2025-03-08T12:01:40","modified_gmt":"2025-03-08T09:01:40","slug":"varoitusvilkku-paristoilla","status":"publish","type":"product","link":"https:\/\/www.jimport.fi\/index.php\/tuote\/varoitusvilkku-paristoilla\/","title":{"rendered":"Varoitusvilkku paristoilla"},"content":{"rendered":"<p>KUVAUS<\/p>\n<p>12+3 LED-diodia<\/p>\n<p>&nbsp;<\/p>\n<p>Valaisin on varustettu 12 oranssilla LED-diodilla ja lis\u00e4ksi 3 valkoisella LED-diodilla. LED-diodit l\u00e4hett\u00e4v\u00e4t kirkasta, energiatehokasta valoa, joka on pitk\u00e4ik\u00e4ist\u00e4 ja kest\u00e4v\u00e4\u00e4.<\/p>\n<p>&nbsp;<\/p>\n<h4>Magneettikiinnitys<\/h4>\n<p>&nbsp;<\/p>\n<p>Valaisin voidaan helposti kiinnitt\u00e4\u00e4 metallipintoihin sen pohjassa olevan sis\u00e4\u00e4nrakennetun magneetin ansiosta. T\u00e4m\u00e4 mahdollistaa asennuksen ajoneuvoihin, koneisiin tai muihin metalliesineisiin alueen merkitsemiseksi tai valaisemiseksi.<\/p>\n<p>&nbsp;<\/p>\n<h4>Ripustuskoukku<\/h4>\n<p>&nbsp;<\/p>\n<p>Lis\u00e4koukku mahdollistaa valon ripustamisen, mik\u00e4 on hy\u00f6dyllist\u00e4, kun magneettikiinnitys ei ole mahdollista.<\/p>\n<p>&nbsp;<\/p>\n<h4>9 Valaistustilat<\/h4>\n<p>&nbsp;<\/p>\n<p>Valaisimessa on 9 erilaista valaistustilaa, joiden avulla sit\u00e4 voidaan s\u00e4\u00e4t\u00e4\u00e4 tiettyihin tilanteisiin. Voit valita tasaisen valon, vilkkuvan, sykkiv\u00e4n ja muiden tehosteiden tarpeidesi mukaan.<\/p>\n<p>&nbsp;<\/p>\n<h4>Paristok\u00e4ytt\u00f6inen 3&#215;1,5V AAA\/R03<\/h4>\n<p>&nbsp;<\/p>\n<p>Valo saa virtansa kolmesta AAA-paristosta, joiden j\u00e4nnite on 1,5 V. T\u00e4m\u00e4 on suosittu ja helposti saatavilla oleva akkutyyppi.<\/p>\n<p>&nbsp;<\/p>\n<h4>Akun k\u00e4ytt\u00f6aika jopa 50 tuntia<\/h4>\n<p>&nbsp;<\/p>\n<p>LED-diodien alhaisen energiankulutuksen ansiosta valo voi toimia pidemm\u00e4n aikaa yhdell\u00e4 paristosarjalla, jopa 50 tuntia valaistustilasta riippuen.<\/p>\n<p>&nbsp;<\/p>\n<h4>K\u00e4ytt\u00f6l\u00e4mp\u00f6tila -20 \u00b0C &#8211; 50 \u00b0C<\/h4>\n<p>&nbsp;<\/p>\n<p>Valaisin on suunniteltu toimimaan laajalla l\u00e4mp\u00f6tila-alueella, joten se soveltuu k\u00e4ytett\u00e4v\u00e4ksi sek\u00e4 kylmiss\u00e4 ett\u00e4 kuumissa s\u00e4\u00e4olosuhteissa.<\/p>\n<p>&nbsp;<\/p>\n<h4>IP67-kest\u00e4vyys<\/h4>\n<p>&nbsp;<\/p>\n<p>T\u00e4m\u00e4 tarkoittaa, ett\u00e4 valo kest\u00e4\u00e4 p\u00f6ly\u00e4 ja lyhytaikaista veteen upottamista. T\u00e4m\u00e4n ansiosta sit\u00e4 voidaan k\u00e4ytt\u00e4\u00e4 erilaisissa s\u00e4\u00e4- ja maasto-olosuhteissa.<\/p>\n","protected":false},"excerpt":{"rendered":"<p>Taskukokoinen varoitusvilkku &#8221;majakka&#8221; Magneetilla ja koukulla tilap\u00e4isiin ja pysyv\u00e4mpiin vilkuttelutarpeisiin. Hyv\u00e4 olla vaikka matkoilla autossa mukana (n\u00e4kyy huomattavasti paremmin pime\u00e4ll\u00e4, kuin perinteinen kolmio). Taskulamppu ominaisuutta voi k\u00e4ytt\u00e4\u00e4, vaikka lukuvalona. Geko.<\/p>\n","protected":false},"featured_media":7716,"template":"","meta":{"_monsterinsights_skip_tracking":false,"_monsterinsights_sitenote_active":false,"_monsterinsights_sitenote_note":"","_monsterinsights_sitenote_category":0,"neve_meta_sidebar":"","neve_meta_container":"","neve_meta_enable_content_width":"off","neve_meta_content_width":100,"neve_meta_title_alignment":"","neve_meta_author_avatar":"","neve_post_elements_order":"","neve_meta_disable_header":"","neve_meta_disable_footer":"","neve_meta_disable_title":"","_themeisle_gutenberg_block_has_review":false},"product_brand":[],"product_cat":[61],"product_tag":[],"class_list":{"0":"post-7712","1":"product","2":"type-product","3":"status-publish","4":"has-post-thumbnail","6":"product_cat-valoja","8":"first","9":"instock","10":"taxable","11":"shipping-taxable","12":"purchasable","13":"product-type-simple"},"supplier_id":null,"supplier_sku":"","barcode":null,"atum_controlled":true,"out_stock_date":null,"out_stock_threshold":null,"inheritable":false,"inbound_stock":0,"stock_on_hold":0,"sold_today":0,"sales_last_days":0,"reserved_stock":0,"customer_returns":0,"warehouse_damage":0,"lost_in_post":0,"other_logs":0,"out_stock_days":0,"lost_sales":0,"has_location":false,"update_date":"2026-05-13T01:00:24","atum_locations":[],"atum_stock_status":"instock","restock_status":false,"low_stock_amount":"","sales_update_date":"2026-05-13T01:00:24","calc_backorders":null,"aioseo_notices":[],"_links":{"self":[{"href":"https:\/\/www.jimport.fi\/index.php\/wp-json\/wp\/v2\/product\/7712","targetHints":{"allow":["GET"]}}],"collection":[{"href":"https:\/\/www.jimport.fi\/index.php\/wp-json\/wp\/v2\/product"}],"about":[{"href":"https:\/\/www.jimport.fi\/index.php\/wp-json\/wp\/v2\/types\/product"}],"version-history":[{"count":1,"href":"https:\/\/www.jimport.fi\/index.php\/wp-json\/wp\/v2\/product\/7712\/revisions"}],"predecessor-version":[{"id":7717,"href":"https:\/\/www.jimport.fi\/index.php\/wp-json\/wp\/v2\/product\/7712\/revisions\/7717"}],"wp:featuredmedia":[{"embeddable":true,"href":"https:\/\/www.jimport.fi\/index.php\/wp-json\/wp\/v2\/media\/7716"}],"wp:attachment":[{"href":"https:\/\/www.jimport.fi\/index.php\/wp-json\/wp\/v2\/media?parent=7712"}],"wp:term":[{"taxonomy":"product_brand","embeddable":true,"href":"https:\/\/www.jimport.fi\/index.php\/wp-json\/wp\/v2\/product_brand?post=7712"},{"taxonomy":"product_cat","embeddable":true,"href":"https:\/\/www.jimport.fi\/index.php\/wp-json\/wp\/v2\/product_cat?post=7712"},{"taxonomy":"product_tag","embeddable":true,"href":"https:\/\/www.jimport.fi\/index.php\/wp-json\/wp\/v2\/product_tag?post=7712"}],"curies":[{"name":"wp","href":"https:\/\/api.w.org\/{rel}","templated":true}]}}