{"id":7718,"date":"2025-03-08T12:52:07","date_gmt":"2025-03-08T09:52:07","guid":{"rendered":"https:\/\/www.jimport.fi\/?post_type=product&#038;p=7718"},"modified":"2026-01-08T00:37:40","modified_gmt":"2026-01-07T21:37:40","slug":"hiilidioksidi-virtaussaadin","status":"publish","type":"product","link":"https:\/\/www.jimport.fi\/index.php\/tuote\/hiilidioksidi-virtaussaadin\/","title":{"rendered":"Hiilidioksidi virtauss\u00e4\u00e4din"},"content":{"rendered":"<h4>CO2\/s\u00e4\u00e4timen p\u00e4\u00e4ominaisuudet:<\/h4>\n<ul>\n<li><strong>Tarkka virtauksen s\u00e4\u00e4t\u00f6:<\/strong> S\u00e4\u00e4din mahdollistaa kaasuvirran tarkan ohjauksen, jolloin se voidaan mukauttaa hitsaus- tai leikkausprosessien yksil\u00f6llisiin tarpeisiin ja vaatimuksiin. N\u00e4in voit saavuttaa optimaaliset tulokset ja erinomaisen laadukkaan ty\u00f6n.<\/li>\n<li><strong>Kaksi painemittaria:<\/strong>\u00a0S\u00e4\u00e4din on varustettu kahdella painemittarilla, joiden avulla voit seurata virtausta ja tulopainetta. T\u00e4m\u00e4 antaa sinulle t\u00e4yden hallinnan ty\u00f6skennelless\u00e4si ja voit seurata tarkasti paineen muutoksia k\u00e4yt\u00f6n aikana.<\/li>\n<\/ul>\n<h4>Tekniset:<\/h4>\n<p>Kaasutyyppi:\u00a0<strong>CO2, Argon, CO2\/Argon-seos<\/strong><\/p>\n<p>Tulokierre:\u00a0<strong>L21,8&#215;1\/14<\/strong><\/p>\n<p>Mutterin kierre ulostulossa:\u00a0<strong>G1\/4<\/strong><\/p>\n<p>Ulostulotappi:\u00a0<strong>6,3 mm<\/strong><\/p>\n<p>Tulopaine:\u00a0<strong>230 bar<\/strong><\/p>\n<p>Ulostulopaine:\u00a0<strong>0-5 bar<\/strong><\/p>\n<p>Virtausnopeus:\u00a0<strong>24 l\/min<\/strong><\/p>\n","protected":false},"excerpt":{"rendered":"<p>Co2 virtauss\u00e4\u00e4din vaativampaan k\u00e4ytt\u00f6\u00f6n. Sopii vain hiilidioksidi pulloihin. Geko.<\/p>\n","protected":false},"featured_media":7721,"template":"","meta":{"_monsterinsights_skip_tracking":false,"_monsterinsights_sitenote_active":false,"_monsterinsights_sitenote_note":"","_monsterinsights_sitenote_category":0,"neve_meta_sidebar":"","neve_meta_container":"","neve_meta_enable_content_width":"off","neve_meta_content_width":100,"neve_meta_title_alignment":"","neve_meta_author_avatar":"","neve_post_elements_order":"","neve_meta_disable_header":"","neve_meta_disable_footer":"","neve_meta_disable_title":"","_themeisle_gutenberg_block_has_review":false},"product_brand":[],"product_cat":[141],"product_tag":[],"class_list":{"0":"post-7718","1":"product","2":"type-product","3":"status-publish","4":"has-post-thumbnail","6":"product_cat-hitsaus","8":"first","9":"outofstock","10":"taxable","11":"shipping-taxable","12":"purchasable","13":"product-type-simple"},"supplier_id":null,"supplier_sku":"","barcode":null,"atum_controlled":true,"out_stock_date":"2026-01-08 00:37:40","out_stock_threshold":null,"inheritable":false,"inbound_stock":0,"stock_on_hold":0,"sold_today":0,"sales_last_days":0,"reserved_stock":0,"customer_returns":0,"warehouse_damage":0,"lost_in_post":0,"other_logs":0,"out_stock_days":125,"lost_sales":875,"has_location":false,"update_date":"2026-05-13T01:00:09","atum_locations":[],"atum_stock_status":"outofstock","restock_status":false,"low_stock_amount":"","sales_update_date":"2026-05-13T01:00:09","calc_backorders":null,"aioseo_notices":[],"_links":{"self":[{"href":"https:\/\/www.jimport.fi\/index.php\/wp-json\/wp\/v2\/product\/7718","targetHints":{"allow":["GET"]}}],"collection":[{"href":"https:\/\/www.jimport.fi\/index.php\/wp-json\/wp\/v2\/product"}],"about":[{"href":"https:\/\/www.jimport.fi\/index.php\/wp-json\/wp\/v2\/types\/product"}],"version-history":[{"count":1,"href":"https:\/\/www.jimport.fi\/index.php\/wp-json\/wp\/v2\/product\/7718\/revisions"}],"predecessor-version":[{"id":7722,"href":"https:\/\/www.jimport.fi\/index.php\/wp-json\/wp\/v2\/product\/7718\/revisions\/7722"}],"wp:featuredmedia":[{"embeddable":true,"href":"https:\/\/www.jimport.fi\/index.php\/wp-json\/wp\/v2\/media\/7721"}],"wp:attachment":[{"href":"https:\/\/www.jimport.fi\/index.php\/wp-json\/wp\/v2\/media?parent=7718"}],"wp:term":[{"taxonomy":"product_brand","embeddable":true,"href":"https:\/\/www.jimport.fi\/index.php\/wp-json\/wp\/v2\/product_brand?post=7718"},{"taxonomy":"product_cat","embeddable":true,"href":"https:\/\/www.jimport.fi\/index.php\/wp-json\/wp\/v2\/product_cat?post=7718"},{"taxonomy":"product_tag","embeddable":true,"href":"https:\/\/www.jimport.fi\/index.php\/wp-json\/wp\/v2\/product_tag?post=7718"}],"curies":[{"name":"wp","href":"https:\/\/api.w.org\/{rel}","templated":true}]}}