{"id":7723,"date":"2025-03-08T15:38:33","date_gmt":"2025-03-08T12:38:33","guid":{"rendered":"https:\/\/www.jimport.fi\/?post_type=product&#038;p=7723"},"modified":"2025-06-26T19:20:36","modified_gmt":"2025-06-26T16:20:36","slug":"taktinen-puukko-215-105mm","status":"publish","type":"product","link":"https:\/\/www.jimport.fi\/index.php\/tuote\/taktinen-puukko-215-105mm\/","title":{"rendered":"Taktinen puukko 215\/105mm"},"content":{"rendered":"<div id=\"naglowek-kontrolka-78\" class=\"naglowek-kontrolki\">\n<div class=\"header-category\">\n<h4>KUVAUS<\/h4>\n<\/div>\n<\/div>\n<div class=\"pole-opis-wartosc\">\n<h4>BLACK SURVIVAL SERIES Puukko \u2013 monipuolisuutta, kevytt\u00e4 muotoilua ja luotettavuutta!<\/h4>\n<p><span class=\"wartosc\"><br \/>\n<\/span>Arvostatko kompakteja ja kest\u00e4vi\u00e4 ty\u00f6kaluja? BLACK SURVIVAL SERIES -taktinen puukkopuukko on suunniteltu toiminnalliseksi ja helppok\u00e4ytt\u00f6iseksi kaikissa olosuhteissa. T\u00e4ydellinen jokap\u00e4iv\u00e4isiin teht\u00e4viin, selviytymiseen ja ulkoseikkailuihin.<\/p>\n<p><span class=\"wartosc\"><br \/>\n<\/span><\/p>\n<h4>Tekniset:<\/h4>\n<p><span class=\"wartosc\"><br \/>\n<\/span><\/p>\n<ul>\n<li style=\"list-style-type: none;\">\n<ul>\n<li>Veitsen tyyppi:\u00a0<strong>Kiinte\u00e4 ter\u00e4<\/strong><\/li>\n<\/ul>\n<\/li>\n<\/ul>\n<ul>\n<li style=\"list-style-type: none;\">\n<ul>\n<li>Ter\u00e4profiili:\u00a0<strong>Suora selk\u00e4<\/strong><\/li>\n<\/ul>\n<\/li>\n<\/ul>\n<ul>\n<li style=\"list-style-type: none;\">\n<ul>\n<li>Ter\u00e4n tyyppi:\u00a0<strong>Suora reuna<\/strong><\/li>\n<\/ul>\n<\/li>\n<\/ul>\n<ul>\n<li style=\"list-style-type: none;\">\n<ul>\n<li>Kokonaispituus:\u00a0<strong>215 mm<\/strong><\/li>\n<\/ul>\n<\/li>\n<\/ul>\n<ul>\n<li style=\"list-style-type: none;\">\n<ul>\n<li>Ter\u00e4n pituus:\u00a0<strong>105 mm<\/strong><\/li>\n<\/ul>\n<\/li>\n<\/ul>\n<ul>\n<li style=\"list-style-type: none;\">\n<ul>\n<li>Kahvan pituus:\u00a0<strong>110 mm<\/strong><\/li>\n<\/ul>\n<\/li>\n<\/ul>\n<ul>\n<li style=\"list-style-type: none;\">\n<ul>\n<li>Ter\u00e4n leveys:\u00a0<strong>20 mm<\/strong><\/li>\n<\/ul>\n<\/li>\n<\/ul>\n<ul>\n<li style=\"list-style-type: none;\">\n<ul>\n<li>Ter\u00e4n paksuus:\u00a0<strong>2,0 mm<\/strong><\/li>\n<\/ul>\n<\/li>\n<\/ul>\n<ul>\n<li style=\"list-style-type: none;\">\n<ul>\n<li>Paino:\u00a0<strong>100 g<\/strong><\/li>\n<\/ul>\n<\/li>\n<\/ul>\n<ul>\n<li style=\"list-style-type: none;\">\n<ul>\n<li>Ter\u00e4n materiaali:\u00a0<strong>Ruostumaton ter\u00e4s 420J2<\/strong><\/li>\n<\/ul>\n<\/li>\n<\/ul>\n<ul>\n<li style=\"list-style-type: none;\">\n<ul>\n<li>Kahvan materiaali:\u00a0<strong>Muovi (PP+TPR)<\/strong><\/li>\n<\/ul>\n<\/li>\n<\/ul>\n<ul>\n<li style=\"list-style-type: none;\">\n<ul>\n<li>Kotelo: Muovia<\/li>\n<\/ul>\n<\/li>\n<\/ul>\n<p><span class=\"wartosc\"><br \/>\n<\/span><\/p>\n<h4>Tuotteen ominaisuudet:<\/h4>\n<p><span class=\"wartosc\"><br \/>\n<\/span><strong>Kiinte\u00e4n ter\u00e4n rakenne:<\/strong><\/p>\n<p><span class=\"wartosc\"><br \/>\n<\/span>Vankka kiinte\u00e4 ter\u00e4rakenne takaa kest\u00e4vyyden ja vakauden intensiivisen k\u00e4yt\u00f6n aikana.<\/p>\n<p><span class=\"wartosc\"><br \/>\n<\/span><strong>Ter\u00e4n profiili:<\/strong><\/p>\n<p><span class=\"wartosc\"><br \/>\n<\/span><\/p>\n<ul>\n<li style=\"list-style-type: none;\">\n<ul>\n<li><strong>Suora selk\u00e4:<\/strong>\u00a0Klassinen muoto, joka on ihanteellinen tarkkoihin ja monipuolisiin teht\u00e4viin.<\/li>\n<\/ul>\n<\/li>\n<\/ul>\n<ul>\n<li style=\"list-style-type: none;\">\n<ul>\n<li><strong>Suoraviivainen:<\/strong>\u00a0T\u00e4ydellinen erilaisten materiaalien tarkkaan leikkaamiseen.<\/li>\n<\/ul>\n<\/li>\n<\/ul>\n<p><span class=\"wartosc\"><br \/>\n<\/span><strong>Kompakti ja kest\u00e4v\u00e4 ter\u00e4:<\/strong><\/p>\n<p><span class=\"wartosc\"><br \/>\n<\/span><\/p>\n<ul>\n<li style=\"list-style-type: none;\">\n<ul>\n<li><strong>Mitat:<\/strong>\u00a0Ter\u00e4n pituus 105 mm, leveys 20 mm ja paksuus 2,0 mm, mik\u00e4 tarjoaa kevyen mutta vahvan muotoilun.<\/li>\n<\/ul>\n<\/li>\n<\/ul>\n<ul>\n<li style=\"list-style-type: none;\">\n<ul>\n<li><strong>Materiaali:<\/strong>\u00a0Valmistettu 420J2 ruostumattomasta ter\u00e4ksest\u00e4, korroosionkest\u00e4v\u00e4, helppo teroittaa ja ihanteellinen vaikeisiin olosuhteisiin.<\/li>\n<\/ul>\n<\/li>\n<\/ul>\n<p><span class=\"wartosc\"><br \/>\n<\/span><strong>Ergonominen kahva:<\/strong><\/p>\n<p><span class=\"wartosc\"><br \/>\n<\/span><\/p>\n<ul>\n<li style=\"list-style-type: none;\">\n<ul>\n<li><strong>Pituus:<\/strong>\u00a0110 mm, suunniteltu PP+TPR-muovista turvallisen ja mukavan otteen takaamiseksi my\u00f6s m\u00e4riss\u00e4 olosuhteissa.<\/li>\n<\/ul>\n<\/li>\n<\/ul>\n<p><span class=\"wartosc\"><br \/>\n<\/span><strong>Kevyt suojavaippa:<\/strong><\/p>\n<p><span class=\"wartosc\"><br \/>\n<\/span><\/p>\n<ul>\n<li style=\"list-style-type: none;\">\n<ul>\n<li><strong>Materiaali:<\/strong>\u00a0Kest\u00e4v\u00e4 muovi, joka suojaa ter\u00e4\u00e4 ja s\u00e4ilytt\u00e4\u00e4 turvallisesti.<\/li>\n<\/ul>\n<\/li>\n<\/ul>\n<ul>\n<li style=\"list-style-type: none;\">\n<ul>\n<li><strong>Vy\u00f6pidike:<\/strong>\u00a0Mahdollistaa k\u00e4tev\u00e4n kantamisen ja nopean p\u00e4\u00e4syn veitseen.<\/li>\n<\/ul>\n<\/li>\n<\/ul>\n<p><span class=\"wartosc\"><br \/>\n<\/span><\/p>\n<h4>Miksi valita BLACK SURVIVAL SERIES?<\/h4>\n<p><span class=\"wartosc\"><br \/>\n<\/span><\/p>\n<ul>\n<li style=\"list-style-type: none;\">\n<ul>\n<li><strong>Kevyt ja k\u00e4tev\u00e4:<\/strong>\u00a0Kompakti muotoilu, joka sopii t\u00e4ydellisesti sek\u00e4 ulko- ett\u00e4 jokap\u00e4iv\u00e4iseen k\u00e4ytt\u00f6\u00f6n.<\/li>\n<\/ul>\n<\/li>\n<\/ul>\n<ul>\n<li style=\"list-style-type: none;\">\n<ul>\n<li><strong>Laadukkaat materiaalit:<\/strong>\u00a0Kest\u00e4v\u00e4 ruostumattomasta ter\u00e4ksest\u00e4 valmistettu ter\u00e4 ja ergonominen kahva.<\/li>\n<\/ul>\n<\/li>\n<\/ul>\n<ul>\n<li style=\"list-style-type: none;\">\n<ul>\n<li><strong>K\u00e4yt\u00e4nn\u00f6llinen tuppi:<\/strong>\u00a0Varmistaa turvallisuuden ja helpon siirrett\u00e4vyyden.<\/li>\n<\/ul>\n<\/li>\n<\/ul>\n<p><span class=\"wartosc\"><br \/>\n<\/span><strong>BLACK SURVIVAL SERIES PUUKKO <\/strong>\u00a0tarjoaa t\u00e4ydellisen yhdistelm\u00e4n yksinkertaisuutta, toimivuutta ja kest\u00e4vyytt\u00e4. Ihanteellinen p\u00e4ivitt\u00e4isiin teht\u00e4viin ja ulkoilmaretkille.<\/p>\n<\/div>\n","protected":false},"excerpt":{"rendered":"<p>Periaatteessa sama kuin normaali timpurin puukko, mutta on panostettu enemm\u00e4n ergonomiaan ja keveyteen- siit\u00e4 t\u00e4m\u00e4 taktisuus\/survival teema.<\/p>\n","protected":false},"featured_media":7727,"template":"","meta":{"_monsterinsights_skip_tracking":false,"_monsterinsights_sitenote_active":false,"_monsterinsights_sitenote_note":"","_monsterinsights_sitenote_category":0,"neve_meta_sidebar":"","neve_meta_container":"","neve_meta_enable_content_width":"off","neve_meta_content_width":100,"neve_meta_title_alignment":"","neve_meta_author_avatar":"","neve_post_elements_order":"","neve_meta_disable_header":"","neve_meta_disable_footer":"","neve_meta_disable_title":"","_themeisle_gutenberg_block_has_review":false},"product_brand":[],"product_cat":[42],"product_tag":[],"class_list":{"0":"post-7723","1":"product","2":"type-product","3":"status-publish","4":"has-post-thumbnail","6":"product_cat-terat","8":"first","9":"instock","10":"taxable","11":"shipping-taxable","12":"purchasable","13":"product-type-simple"},"supplier_id":null,"supplier_sku":"","barcode":null,"atum_controlled":true,"out_stock_date":null,"out_stock_threshold":null,"inheritable":false,"inbound_stock":0,"stock_on_hold":0,"sold_today":0,"sales_last_days":0,"reserved_stock":0,"customer_returns":0,"warehouse_damage":0,"lost_in_post":0,"other_logs":0,"out_stock_days":0,"lost_sales":0,"has_location":false,"update_date":"2026-04-30T00:31:56","atum_locations":[],"atum_stock_status":"instock","restock_status":false,"low_stock_amount":"","sales_update_date":"2026-04-30T00:31:56","calc_backorders":null,"aioseo_notices":[],"_links":{"self":[{"href":"https:\/\/www.jimport.fi\/index.php\/wp-json\/wp\/v2\/product\/7723","targetHints":{"allow":["GET"]}}],"collection":[{"href":"https:\/\/www.jimport.fi\/index.php\/wp-json\/wp\/v2\/product"}],"about":[{"href":"https:\/\/www.jimport.fi\/index.php\/wp-json\/wp\/v2\/types\/product"}],"version-history":[{"count":1,"href":"https:\/\/www.jimport.fi\/index.php\/wp-json\/wp\/v2\/product\/7723\/revisions"}],"predecessor-version":[{"id":7728,"href":"https:\/\/www.jimport.fi\/index.php\/wp-json\/wp\/v2\/product\/7723\/revisions\/7728"}],"wp:featuredmedia":[{"embeddable":true,"href":"https:\/\/www.jimport.fi\/index.php\/wp-json\/wp\/v2\/media\/7727"}],"wp:attachment":[{"href":"https:\/\/www.jimport.fi\/index.php\/wp-json\/wp\/v2\/media?parent=7723"}],"wp:term":[{"taxonomy":"product_brand","embeddable":true,"href":"https:\/\/www.jimport.fi\/index.php\/wp-json\/wp\/v2\/product_brand?post=7723"},{"taxonomy":"product_cat","embeddable":true,"href":"https:\/\/www.jimport.fi\/index.php\/wp-json\/wp\/v2\/product_cat?post=7723"},{"taxonomy":"product_tag","embeddable":true,"href":"https:\/\/www.jimport.fi\/index.php\/wp-json\/wp\/v2\/product_tag?post=7723"}],"curies":[{"name":"wp","href":"https:\/\/api.w.org\/{rel}","templated":true}]}}