{"id":7736,"date":"2025-03-08T16:25:32","date_gmt":"2025-03-08T13:25:32","guid":{"rendered":"https:\/\/www.jimport.fi\/?post_type=product&#038;p=7736"},"modified":"2025-03-08T16:25:32","modified_gmt":"2025-03-08T13:25:32","slug":"saksisarja-3os-140-170-210mm","status":"publish","type":"product","link":"https:\/\/www.jimport.fi\/index.php\/tuote\/saksisarja-3os-140-170-210mm\/","title":{"rendered":"Saksisarja 3os 140\/170\/210mm"},"content":{"rendered":"<div id=\"naglowek-kontrolka-78\" class=\"naglowek-kontrolki\">\n<div class=\"header-category\">\n<h4>KUVAUS<\/h4>\n<\/div>\n<\/div>\n<div class=\"pole-opis-wartosc\">\n<p><strong>Saksisarja, joka sis\u00e4lt\u00e4\u00e4 210 mm toimistosakset, 140 mm ja 170 mm yleissakset.<\/strong>\u00a0<strong>Ter\u00e4t<\/strong><strong>\u00a02Cr13 ruostumattomasta ter\u00e4ksest\u00e4.<\/strong><\/p>\n<h4>Setti sis\u00e4lt\u00e4\u00e4:<\/h4>\n<ul>\n<li>Toimistosakset 210 mm<\/li>\n<li>140 mm yleissakset<\/li>\n<li>170 mm monik\u00e4ytt\u00f6iset sakset<\/li>\n<\/ul>\n<h4>Tekniset:<\/h4>\n<p>Ter\u00e4t:\u00a0<strong>Ruostumaton ter\u00e4s 2Cr13<\/strong><\/p>\n<p>Terien paksuus:\u00a0<strong>1,8<\/strong>\u00a0<strong>\/ 1,5 \/ 1,5<\/strong><strong>\u00a0mm<\/strong><\/p>\n<p>Kokonaispituus:\u00a0<strong>230<\/strong><strong>\u00a0\/\u00a0<\/strong><strong>170 \/ 140 mm<\/strong><\/p>\n<p>Kahvan materiaali:<strong>\u00a0PP (polypropeeni) ja TPR (termoplastinen kumi)<\/strong><\/p>\n<\/div>\n","protected":false},"excerpt":{"rendered":"<p>Monik\u00e4ytt\u00f6inen saksisetti kotiin tai pajalle.<\/p>\n","protected":false},"featured_media":7738,"template":"","meta":{"_monsterinsights_skip_tracking":false,"_monsterinsights_sitenote_active":false,"_monsterinsights_sitenote_note":"","_monsterinsights_sitenote_category":0,"neve_meta_sidebar":"","neve_meta_container":"","neve_meta_enable_content_width":"off","neve_meta_content_width":100,"neve_meta_title_alignment":"","neve_meta_author_avatar":"","neve_post_elements_order":"","neve_meta_disable_header":"","neve_meta_disable_footer":"","neve_meta_disable_title":"","_themeisle_gutenberg_block_has_review":false},"product_brand":[],"product_cat":[101],"product_tag":[],"class_list":{"0":"post-7736","1":"product","2":"type-product","3":"status-publish","4":"has-post-thumbnail","6":"product_cat-katkaisu","8":"first","9":"instock","10":"taxable","11":"shipping-taxable","12":"purchasable","13":"product-type-simple"},"supplier_id":null,"supplier_sku":"","barcode":null,"atum_controlled":true,"out_stock_date":null,"out_stock_threshold":null,"inheritable":false,"inbound_stock":0,"stock_on_hold":0,"sold_today":0,"sales_last_days":0,"reserved_stock":0,"customer_returns":0,"warehouse_damage":0,"lost_in_post":0,"other_logs":0,"out_stock_days":0,"lost_sales":0,"has_location":false,"update_date":"2026-05-13T00:59:50","atum_locations":[],"atum_stock_status":"instock","restock_status":false,"low_stock_amount":"","sales_update_date":"2026-05-13T00:59:50","calc_backorders":null,"aioseo_notices":[],"_links":{"self":[{"href":"https:\/\/www.jimport.fi\/index.php\/wp-json\/wp\/v2\/product\/7736","targetHints":{"allow":["GET"]}}],"collection":[{"href":"https:\/\/www.jimport.fi\/index.php\/wp-json\/wp\/v2\/product"}],"about":[{"href":"https:\/\/www.jimport.fi\/index.php\/wp-json\/wp\/v2\/types\/product"}],"version-history":[{"count":1,"href":"https:\/\/www.jimport.fi\/index.php\/wp-json\/wp\/v2\/product\/7736\/revisions"}],"predecessor-version":[{"id":7739,"href":"https:\/\/www.jimport.fi\/index.php\/wp-json\/wp\/v2\/product\/7736\/revisions\/7739"}],"wp:featuredmedia":[{"embeddable":true,"href":"https:\/\/www.jimport.fi\/index.php\/wp-json\/wp\/v2\/media\/7738"}],"wp:attachment":[{"href":"https:\/\/www.jimport.fi\/index.php\/wp-json\/wp\/v2\/media?parent=7736"}],"wp:term":[{"taxonomy":"product_brand","embeddable":true,"href":"https:\/\/www.jimport.fi\/index.php\/wp-json\/wp\/v2\/product_brand?post=7736"},{"taxonomy":"product_cat","embeddable":true,"href":"https:\/\/www.jimport.fi\/index.php\/wp-json\/wp\/v2\/product_cat?post=7736"},{"taxonomy":"product_tag","embeddable":true,"href":"https:\/\/www.jimport.fi\/index.php\/wp-json\/wp\/v2\/product_tag?post=7736"}],"curies":[{"name":"wp","href":"https:\/\/api.w.org\/{rel}","templated":true}]}}