{"id":779,"date":"2022-06-10T14:24:02","date_gmt":"2022-06-10T14:24:02","guid":{"rendered":"https:\/\/www.jimport.fi\/?post_type=product&#038;p=779"},"modified":"2025-11-04T22:24:58","modified_gmt":"2025-11-04T19:24:58","slug":"ruuvinvaantimen-kulma-adapteri-2","status":"publish","type":"product","link":"https:\/\/www.jimport.fi\/index.php\/tuote\/ruuvinvaantimen-kulma-adapteri-2\/","title":{"rendered":"Kulmavaihde porakoneeseen"},"content":{"rendered":"<h2>Tuotekuvaus<\/h2>\n<h3>Tuotteen ominaisuudet<\/h3>\n<ul>\n<li>T\u00e4ydellinen ratkaisu ty\u00f6skentelyyn vaikeap\u00e4\u00e4syisiss\u00e4 paikoissa<\/li>\n<li>Valmistettu ruostumattomasta ter\u00e4ksest\u00e4<\/li>\n<\/ul>\n<h4>Tekniset tiedot:<\/h4>\n<p>Kuusiovarsi:\u00a0<strong>1\/4&#8243;<\/strong><\/p>\n<p>Suurin py\u00f6rimisnopeus:\u00a0<strong>1200 rpm<\/strong><\/p>\n<p>Suurin v\u00e4\u00e4nt\u00f6momentti:\u00a0<strong>12 Nm<\/strong><\/p>\n<p>Taivutus:\u00a0<strong>105\u00b0<\/strong><\/p>\n<p>Pituus:\u00a0<strong>130 mm<\/strong><\/p>\n","protected":false},"excerpt":{"rendered":"<p>Kulmavaihde ruuvinv\u00e4\u00e4ntimeen\/porakoneeseen 1\/4&#8243; 130mm<\/p>\n","protected":false},"featured_media":780,"template":"","meta":{"_monsterinsights_skip_tracking":false,"_monsterinsights_sitenote_active":false,"_monsterinsights_sitenote_note":"","_monsterinsights_sitenote_category":0,"neve_meta_sidebar":"","neve_meta_container":"","neve_meta_enable_content_width":"off","neve_meta_content_width":100,"neve_meta_title_alignment":"","neve_meta_author_avatar":"","neve_post_elements_order":"","neve_meta_disable_header":"","neve_meta_disable_footer":"","neve_meta_disable_title":"","_themeisle_gutenberg_block_has_review":false},"product_brand":[],"product_cat":[58],"product_tag":[],"class_list":{"0":"post-779","1":"product","2":"type-product","3":"status-publish","4":"has-post-thumbnail","6":"product_cat-sahkotyokaluja","8":"first","9":"instock","10":"taxable","11":"shipping-taxable","12":"purchasable","13":"product-type-simple"},"supplier_id":null,"supplier_sku":"","barcode":null,"atum_controlled":true,"out_stock_date":null,"out_stock_threshold":null,"inheritable":false,"inbound_stock":0,"stock_on_hold":0,"sold_today":0,"sales_last_days":0,"reserved_stock":0,"customer_returns":0,"warehouse_damage":0,"lost_in_post":0,"other_logs":0,"out_stock_days":0,"lost_sales":0,"has_location":false,"update_date":"2026-04-17T00:01:57","atum_locations":[],"atum_stock_status":"instock","restock_status":false,"low_stock_amount":"","sales_update_date":"2026-04-17T00:01:57","calc_backorders":null,"aioseo_notices":[],"_links":{"self":[{"href":"https:\/\/www.jimport.fi\/index.php\/wp-json\/wp\/v2\/product\/779","targetHints":{"allow":["GET"]}}],"collection":[{"href":"https:\/\/www.jimport.fi\/index.php\/wp-json\/wp\/v2\/product"}],"about":[{"href":"https:\/\/www.jimport.fi\/index.php\/wp-json\/wp\/v2\/types\/product"}],"version-history":[{"count":3,"href":"https:\/\/www.jimport.fi\/index.php\/wp-json\/wp\/v2\/product\/779\/revisions"}],"predecessor-version":[{"id":5020,"href":"https:\/\/www.jimport.fi\/index.php\/wp-json\/wp\/v2\/product\/779\/revisions\/5020"}],"wp:featuredmedia":[{"embeddable":true,"href":"https:\/\/www.jimport.fi\/index.php\/wp-json\/wp\/v2\/media\/780"}],"wp:attachment":[{"href":"https:\/\/www.jimport.fi\/index.php\/wp-json\/wp\/v2\/media?parent=779"}],"wp:term":[{"taxonomy":"product_brand","embeddable":true,"href":"https:\/\/www.jimport.fi\/index.php\/wp-json\/wp\/v2\/product_brand?post=779"},{"taxonomy":"product_cat","embeddable":true,"href":"https:\/\/www.jimport.fi\/index.php\/wp-json\/wp\/v2\/product_cat?post=779"},{"taxonomy":"product_tag","embeddable":true,"href":"https:\/\/www.jimport.fi\/index.php\/wp-json\/wp\/v2\/product_tag?post=779"}],"curies":[{"name":"wp","href":"https:\/\/api.w.org\/{rel}","templated":true}]}}