{"id":7888,"date":"2025-06-03T12:37:48","date_gmt":"2025-06-03T09:37:48","guid":{"rendered":"https:\/\/www.jimport.fi\/?post_type=product&#038;p=7888"},"modified":"2025-06-03T12:37:49","modified_gmt":"2025-06-03T09:37:49","slug":"bmw-jakopaan-ajoitustyokalut","status":"publish","type":"product","link":"https:\/\/www.jimport.fi\/index.php\/tuote\/bmw-jakopaan-ajoitustyokalut\/","title":{"rendered":"BMW jakop\u00e4\u00e4n ajoitusty\u00f6kalut"},"content":{"rendered":"","protected":false},"excerpt":{"rendered":"<p>Bensiinimoottorin ajoitus-\/lukitussarja-BMW 1.8-2.0.<\/p>\n<p><strong>Mallit:<\/strong><\/p>\n<table>\n<tbody>\n<tr>\n<td>Moottorit N42 \/ N46 \/ N46T Valvetronicilla<\/td>\n<\/tr>\n<tr>\n<td>Sarja 1: E87 118i\/120i (04-10)<\/td>\n<\/tr>\n<tr>\n<td>Sarja 3: E46 316i\/316ti Compact, 318ti Compact (01-05), 318i (01-07), E90 318i (05-08)<\/td>\n<\/tr>\n<tr>\n<td>Sarja 5: E90 520i (04-08), X3 E83 2.0i (05-09)<\/td>\n<\/tr>\n<\/tbody>\n<\/table>\n<p><strong>Moottorityypit: BMW: N46, B18, B20B, B20, N42, B18A, B20A, N46T (moottorit VALVETRONIC-j\u00e4rjestelm\u00e4ll\u00e4)<\/strong><\/p>\n","protected":false},"featured_media":7891,"template":"","meta":{"_monsterinsights_skip_tracking":false,"_monsterinsights_sitenote_active":false,"_monsterinsights_sitenote_note":"","_monsterinsights_sitenote_category":0,"neve_meta_sidebar":"","neve_meta_container":"","neve_meta_enable_content_width":"off","neve_meta_content_width":100,"neve_meta_title_alignment":"","neve_meta_author_avatar":"","neve_post_elements_order":"","neve_meta_disable_header":"","neve_meta_disable_footer":"","neve_meta_disable_title":"","_themeisle_gutenberg_block_has_review":false},"product_brand":[],"product_cat":[144],"product_tag":[],"class_list":{"0":"post-7888","1":"product","2":"type-product","3":"status-publish","4":"has-post-thumbnail","6":"product_cat-jakopaan-ajoitustyokalut","8":"first","9":"instock","10":"taxable","11":"shipping-taxable","12":"purchasable","13":"product-type-simple"},"supplier_id":null,"supplier_sku":"","barcode":null,"atum_controlled":true,"out_stock_date":null,"out_stock_threshold":null,"inheritable":false,"inbound_stock":null,"stock_on_hold":0,"sold_today":0,"sales_last_days":0,"reserved_stock":null,"customer_returns":null,"warehouse_damage":null,"lost_in_post":null,"other_logs":null,"out_stock_days":0,"lost_sales":0,"has_location":false,"update_date":"2026-05-13T00:59:50","atum_locations":[],"atum_stock_status":"instock","restock_status":false,"low_stock_amount":"","sales_update_date":"2026-05-13T00:59:50","calc_backorders":null,"aioseo_notices":[],"_links":{"self":[{"href":"https:\/\/www.jimport.fi\/index.php\/wp-json\/wp\/v2\/product\/7888","targetHints":{"allow":["GET"]}}],"collection":[{"href":"https:\/\/www.jimport.fi\/index.php\/wp-json\/wp\/v2\/product"}],"about":[{"href":"https:\/\/www.jimport.fi\/index.php\/wp-json\/wp\/v2\/types\/product"}],"version-history":[{"count":1,"href":"https:\/\/www.jimport.fi\/index.php\/wp-json\/wp\/v2\/product\/7888\/revisions"}],"predecessor-version":[{"id":7892,"href":"https:\/\/www.jimport.fi\/index.php\/wp-json\/wp\/v2\/product\/7888\/revisions\/7892"}],"wp:featuredmedia":[{"embeddable":true,"href":"https:\/\/www.jimport.fi\/index.php\/wp-json\/wp\/v2\/media\/7891"}],"wp:attachment":[{"href":"https:\/\/www.jimport.fi\/index.php\/wp-json\/wp\/v2\/media?parent=7888"}],"wp:term":[{"taxonomy":"product_brand","embeddable":true,"href":"https:\/\/www.jimport.fi\/index.php\/wp-json\/wp\/v2\/product_brand?post=7888"},{"taxonomy":"product_cat","embeddable":true,"href":"https:\/\/www.jimport.fi\/index.php\/wp-json\/wp\/v2\/product_cat?post=7888"},{"taxonomy":"product_tag","embeddable":true,"href":"https:\/\/www.jimport.fi\/index.php\/wp-json\/wp\/v2\/product_tag?post=7888"}],"curies":[{"name":"wp","href":"https:\/\/api.w.org\/{rel}","templated":true}]}}