{"id":7898,"date":"2025-06-03T13:27:28","date_gmt":"2025-06-03T10:27:28","guid":{"rendered":"https:\/\/www.jimport.fi\/?post_type=product&#038;p=7898"},"modified":"2026-01-03T12:50:45","modified_gmt":"2026-01-03T09:50:45","slug":"vag-2-5-tdi-pd-jakopaan-lukitussarja","status":"publish","type":"product","link":"https:\/\/www.jimport.fi\/index.php\/tuote\/vag-2-5-tdi-pd-jakopaan-lukitussarja\/","title":{"rendered":"VAG 2.5 TDI PD jakop\u00e4\u00e4n ajoitusty\u00f6kalut"},"content":{"rendered":"","protected":false},"excerpt":{"rendered":"<div id=\"naglowek-kontrolka-78\" class=\"naglowek-kontrolki\">\n<div class=\"header-category\">\n<h4>KUVAUS<\/h4>\n<h4>Jakop\u00e4\u00e4n lukitussarja VAG 2.5 TDI PD -moottorille<\/h4>\n<\/div>\n<\/div>\n<div class=\"pole-opis-wartosc\">\n<p><strong>K\u00e4ytt\u00f6:<\/strong><\/p>\n<table>\n<tbody>\n<tr>\n<td>VW Transporter T5<\/td>\n<\/tr>\n<tr>\n<td>Touareg 2.5 TDI PD\u00a0 vuodesta 2003-<\/td>\n<\/tr>\n<\/tbody>\n<\/table>\n<p><strong>Moottorikoodit: AXD, AXE, BAC, BLJ, BLK, BPD, BPC, BPE<\/strong><\/p>\n<\/div>\n","protected":false},"featured_media":7901,"template":"","meta":{"_monsterinsights_skip_tracking":false,"_monsterinsights_sitenote_active":false,"_monsterinsights_sitenote_note":"","_monsterinsights_sitenote_category":0,"neve_meta_sidebar":"","neve_meta_container":"","neve_meta_enable_content_width":"off","neve_meta_content_width":100,"neve_meta_title_alignment":"","neve_meta_author_avatar":"","neve_post_elements_order":"","neve_meta_disable_header":"","neve_meta_disable_footer":"","neve_meta_disable_title":"","_themeisle_gutenberg_block_has_review":false},"product_brand":[],"product_cat":[144],"product_tag":[],"class_list":{"0":"post-7898","1":"product","2":"type-product","3":"status-publish","4":"has-post-thumbnail","6":"product_cat-jakopaan-ajoitustyokalut","8":"first","9":"outofstock","10":"taxable","11":"shipping-taxable","12":"purchasable","13":"product-type-simple"},"supplier_id":null,"supplier_sku":"","barcode":null,"atum_controlled":true,"out_stock_date":"2026-01-03 12:50:45","out_stock_threshold":null,"inheritable":false,"inbound_stock":null,"stock_on_hold":0,"sold_today":0,"sales_last_days":0,"reserved_stock":null,"customer_returns":null,"warehouse_damage":null,"lost_in_post":null,"other_logs":null,"out_stock_days":101,"lost_sales":2294,"has_location":false,"update_date":"2026-04-15T03:44:26","atum_locations":[],"atum_stock_status":"outofstock","restock_status":false,"low_stock_amount":"","sales_update_date":"2026-04-15T03:44:26","calc_backorders":null,"aioseo_notices":[],"_links":{"self":[{"href":"https:\/\/www.jimport.fi\/index.php\/wp-json\/wp\/v2\/product\/7898","targetHints":{"allow":["GET"]}}],"collection":[{"href":"https:\/\/www.jimport.fi\/index.php\/wp-json\/wp\/v2\/product"}],"about":[{"href":"https:\/\/www.jimport.fi\/index.php\/wp-json\/wp\/v2\/types\/product"}],"version-history":[{"count":2,"href":"https:\/\/www.jimport.fi\/index.php\/wp-json\/wp\/v2\/product\/7898\/revisions"}],"predecessor-version":[{"id":8021,"href":"https:\/\/www.jimport.fi\/index.php\/wp-json\/wp\/v2\/product\/7898\/revisions\/8021"}],"wp:featuredmedia":[{"embeddable":true,"href":"https:\/\/www.jimport.fi\/index.php\/wp-json\/wp\/v2\/media\/7901"}],"wp:attachment":[{"href":"https:\/\/www.jimport.fi\/index.php\/wp-json\/wp\/v2\/media?parent=7898"}],"wp:term":[{"taxonomy":"product_brand","embeddable":true,"href":"https:\/\/www.jimport.fi\/index.php\/wp-json\/wp\/v2\/product_brand?post=7898"},{"taxonomy":"product_cat","embeddable":true,"href":"https:\/\/www.jimport.fi\/index.php\/wp-json\/wp\/v2\/product_cat?post=7898"},{"taxonomy":"product_tag","embeddable":true,"href":"https:\/\/www.jimport.fi\/index.php\/wp-json\/wp\/v2\/product_tag?post=7898"}],"curies":[{"name":"wp","href":"https:\/\/api.w.org\/{rel}","templated":true}]}}