{"id":7903,"date":"2025-06-03T13:35:20","date_gmt":"2025-06-03T10:35:20","guid":{"rendered":"https:\/\/www.jimport.fi\/?post_type=product&#038;p=7903"},"modified":"2026-04-20T22:04:38","modified_gmt":"2026-04-20T19:04:38","slug":"bmw-2-0-3-0d-jakopaan-ajoitustyokalut","status":"publish","type":"product","link":"https:\/\/www.jimport.fi\/index.php\/tuote\/bmw-2-0-3-0d-jakopaan-ajoitustyokalut\/","title":{"rendered":"BMW 2.0\/3.0D Jakop\u00e4\u00e4n ajoitusty\u00f6kalut"},"content":{"rendered":"","protected":false},"excerpt":{"rendered":"<p><span>Jakop\u00e4\u00e4n ajoitusty\u00f6kalut BMW 2.0\/3.0D<\/span><\/p>\n<p><strong>K\u00e4ytt\u00e4\u00e4:<\/strong><\/p>\n<table>\n<tbody>\n<tr>\n<td>BMW:<\/td>\n<td>118d E87 (03-07)<br \/>\n120d E87 (03-07)<br \/>\n318d\/td E46 E90\/91 (00-08)<br \/>\n320d\/crd E46 E90\/91 (97-08)<br \/>\n325d E90\/91\/92\/93 (06-10)<br \/>\n330d\/xd\/crd E46 E90\/91\/92\/93 (98-08)<br \/>\n325d E90\/9111 \/92 (06-10)<br \/>\n520d E39 E60\/61 (99-10)<br \/>\n525d\/xd E39 E60\/61 (99-10)<br \/>\n530d\/xd E39 E60\/61 (98-10)<br \/>\n535d E60\/61 (04-10)<br \/>\n635d E63\/64 (04-10)<br \/>\n730d E38 E65\/66 (03-10)<br \/>\nX3 2,0d E83 (03-07)<br \/>\nX3 3.0d E83 (03-10)<br \/>\nX5 3.0d E53 E70 (00-10)<\/td>\n<\/tr>\n<\/tbody>\n<\/table>\n<p><strong>Moottorityypit: M47, M47TU, M47T2, M57, M57TU, M57TU2<\/strong><\/p>\n","protected":false},"featured_media":7906,"template":"","meta":{"_monsterinsights_skip_tracking":false,"_monsterinsights_sitenote_active":false,"_monsterinsights_sitenote_note":"","_monsterinsights_sitenote_category":0,"neve_meta_sidebar":"","neve_meta_container":"","neve_meta_enable_content_width":"off","neve_meta_content_width":100,"neve_meta_title_alignment":"","neve_meta_author_avatar":"","neve_post_elements_order":"","neve_meta_disable_header":"","neve_meta_disable_footer":"","neve_meta_disable_title":"","_themeisle_gutenberg_block_has_review":false},"product_brand":[],"product_cat":[144],"product_tag":[],"class_list":{"0":"post-7903","1":"product","2":"type-product","3":"status-publish","4":"has-post-thumbnail","6":"product_cat-jakopaan-ajoitustyokalut","8":"first","9":"outofstock","10":"taxable","11":"shipping-taxable","12":"purchasable","13":"product-type-simple"},"supplier_id":null,"supplier_sku":"","barcode":null,"atum_controlled":true,"out_stock_date":"2026-04-20 22:04:38","out_stock_threshold":null,"inheritable":false,"inbound_stock":null,"stock_on_hold":0,"sold_today":0,"sales_last_days":1,"reserved_stock":null,"customer_returns":null,"warehouse_damage":null,"lost_in_post":null,"other_logs":null,"out_stock_days":9,"lost_sales":37,"has_location":false,"update_date":"2026-04-30T00:31:56","atum_locations":[],"atum_stock_status":"outofstock","restock_status":false,"low_stock_amount":"","sales_update_date":"2026-04-30T00:31:56","calc_backorders":null,"aioseo_notices":[],"_links":{"self":[{"href":"https:\/\/www.jimport.fi\/index.php\/wp-json\/wp\/v2\/product\/7903","targetHints":{"allow":["GET"]}}],"collection":[{"href":"https:\/\/www.jimport.fi\/index.php\/wp-json\/wp\/v2\/product"}],"about":[{"href":"https:\/\/www.jimport.fi\/index.php\/wp-json\/wp\/v2\/types\/product"}],"version-history":[{"count":1,"href":"https:\/\/www.jimport.fi\/index.php\/wp-json\/wp\/v2\/product\/7903\/revisions"}],"predecessor-version":[{"id":7907,"href":"https:\/\/www.jimport.fi\/index.php\/wp-json\/wp\/v2\/product\/7903\/revisions\/7907"}],"wp:featuredmedia":[{"embeddable":true,"href":"https:\/\/www.jimport.fi\/index.php\/wp-json\/wp\/v2\/media\/7906"}],"wp:attachment":[{"href":"https:\/\/www.jimport.fi\/index.php\/wp-json\/wp\/v2\/media?parent=7903"}],"wp:term":[{"taxonomy":"product_brand","embeddable":true,"href":"https:\/\/www.jimport.fi\/index.php\/wp-json\/wp\/v2\/product_brand?post=7903"},{"taxonomy":"product_cat","embeddable":true,"href":"https:\/\/www.jimport.fi\/index.php\/wp-json\/wp\/v2\/product_cat?post=7903"},{"taxonomy":"product_tag","embeddable":true,"href":"https:\/\/www.jimport.fi\/index.php\/wp-json\/wp\/v2\/product_tag?post=7903"}],"curies":[{"name":"wp","href":"https:\/\/api.w.org\/{rel}","templated":true}]}}