{"id":7912,"date":"2025-06-03T14:02:08","date_gmt":"2025-06-03T11:02:08","guid":{"rendered":"https:\/\/www.jimport.fi\/?post_type=product&#038;p=7912"},"modified":"2025-06-03T14:02:09","modified_gmt":"2025-06-03T11:02:09","slug":"vw-audi-2-4-3-2-fsi-jakopaan-ajoitustyokalut","status":"publish","type":"product","link":"https:\/\/www.jimport.fi\/index.php\/tuote\/vw-audi-2-4-3-2-fsi-jakopaan-ajoitustyokalut\/","title":{"rendered":"VW \/ AUDI 2.4\/3.2 FSI Jakop\u00e4\u00e4n ajoitusty\u00f6kalut"},"content":{"rendered":"","protected":false},"excerpt":{"rendered":"<div id=\"naglowek-kontrolka-78\" class=\"naglowek-kontrolki\">\n<div class=\"header-category\">\n<h4>KUVAUS<\/h4>\n<\/div>\n<\/div>\n<div class=\"pole-opis-wartosc\">\n<p>Ajoituksen lukitus ja s\u00e4\u00e4t\u00f6sarja.<\/p>\n<p><strong>K\u00e4ytt\u00e4\u00e4:<\/strong><\/p>\n<table>\n<tbody>\n<tr>\n<td>VW<\/td>\n<td>Jetta vuodesta 2005v.<\/td>\n<\/tr>\n<tr>\n<td>AUDI<\/td>\n<td>A4, RS4, S5, A6 \/ Allroad, A8, S8, R8, Q7 vuodesta 2005.<\/td>\n<\/tr>\n<tr>\n<td>LDV Maxus (05-08) VM2516L moottorit<\/td>\n<\/tr>\n<\/tbody>\n<\/table>\n<h4>Moottorin koodit:<\/h4>\n<p>2.4 V6 \u2013 BDW<br \/>\n3.2 V6 FSI \u2013 AUK, BGP, BGQ, BKH, BPK<br \/>\n4.2 V8 FSI \u2013 BVJ, BNS, BYH, CAUA<br \/>\n5.2 V10 FSI \u2013 BXA, BSM<\/p>\n<p><strong>Sarjan sis\u00e4lt\u00f6<\/strong><\/p>\n<ul>\n<li>nokka-akselin ty\u00f6kalu 2kpl. OEM-nro T40072<\/li>\n<li>kampiakselin lukitustappi OEM-nro T40069<\/li>\n<li>Kiristinty\u00f6kalu OEM-nro T40071<\/li>\n<\/ul>\n<\/div>\n","protected":false},"featured_media":7914,"template":"","meta":{"_monsterinsights_skip_tracking":false,"_monsterinsights_sitenote_active":false,"_monsterinsights_sitenote_note":"","_monsterinsights_sitenote_category":0,"neve_meta_sidebar":"","neve_meta_container":"","neve_meta_enable_content_width":"off","neve_meta_content_width":100,"neve_meta_title_alignment":"","neve_meta_author_avatar":"","neve_post_elements_order":"","neve_meta_disable_header":"","neve_meta_disable_footer":"","neve_meta_disable_title":"","_themeisle_gutenberg_block_has_review":false},"product_brand":[],"product_cat":[144],"product_tag":[],"class_list":{"0":"post-7912","1":"product","2":"type-product","3":"status-publish","4":"has-post-thumbnail","6":"product_cat-jakopaan-ajoitustyokalut","8":"first","9":"instock","10":"taxable","11":"shipping-taxable","12":"purchasable","13":"product-type-simple"},"supplier_id":null,"supplier_sku":"","barcode":null,"atum_controlled":true,"out_stock_date":null,"out_stock_threshold":null,"inheritable":false,"inbound_stock":null,"stock_on_hold":0,"sold_today":0,"sales_last_days":0,"reserved_stock":null,"customer_returns":null,"warehouse_damage":null,"lost_in_post":null,"other_logs":null,"out_stock_days":0,"lost_sales":0,"has_location":false,"update_date":"2026-04-16T00:01:24","atum_locations":[],"atum_stock_status":"instock","restock_status":false,"low_stock_amount":"","sales_update_date":"2026-04-16T00:01:24","calc_backorders":null,"aioseo_notices":[],"_links":{"self":[{"href":"https:\/\/www.jimport.fi\/index.php\/wp-json\/wp\/v2\/product\/7912","targetHints":{"allow":["GET"]}}],"collection":[{"href":"https:\/\/www.jimport.fi\/index.php\/wp-json\/wp\/v2\/product"}],"about":[{"href":"https:\/\/www.jimport.fi\/index.php\/wp-json\/wp\/v2\/types\/product"}],"version-history":[{"count":1,"href":"https:\/\/www.jimport.fi\/index.php\/wp-json\/wp\/v2\/product\/7912\/revisions"}],"predecessor-version":[{"id":7915,"href":"https:\/\/www.jimport.fi\/index.php\/wp-json\/wp\/v2\/product\/7912\/revisions\/7915"}],"wp:featuredmedia":[{"embeddable":true,"href":"https:\/\/www.jimport.fi\/index.php\/wp-json\/wp\/v2\/media\/7914"}],"wp:attachment":[{"href":"https:\/\/www.jimport.fi\/index.php\/wp-json\/wp\/v2\/media?parent=7912"}],"wp:term":[{"taxonomy":"product_brand","embeddable":true,"href":"https:\/\/www.jimport.fi\/index.php\/wp-json\/wp\/v2\/product_brand?post=7912"},{"taxonomy":"product_cat","embeddable":true,"href":"https:\/\/www.jimport.fi\/index.php\/wp-json\/wp\/v2\/product_cat?post=7912"},{"taxonomy":"product_tag","embeddable":true,"href":"https:\/\/www.jimport.fi\/index.php\/wp-json\/wp\/v2\/product_tag?post=7912"}],"curies":[{"name":"wp","href":"https:\/\/api.w.org\/{rel}","templated":true}]}}