{"id":7920,"date":"2025-06-03T14:20:56","date_gmt":"2025-06-03T11:20:56","guid":{"rendered":"https:\/\/www.jimport.fi\/?post_type=product&#038;p=7920"},"modified":"2025-11-28T11:10:46","modified_gmt":"2025-11-28T08:10:46","slug":"opel-1-0-1-4-12-16v-jakopaan-ajoitustyokalut","status":"publish","type":"product","link":"https:\/\/www.jimport.fi\/index.php\/tuote\/opel-1-0-1-4-12-16v-jakopaan-ajoitustyokalut\/","title":{"rendered":"Opel 1.0-1.4 12\/16V Jakop\u00e4\u00e4n ajoitusty\u00f6kalut"},"content":{"rendered":"","protected":false},"excerpt":{"rendered":"<div id=\"naglowek-kontrolka-78\" class=\"naglowek-kontrolki\">\n<div class=\"header-category\">\n<h4><\/h4>\n<\/div>\n<\/div>\n<div class=\"pole-opis-wartosc\">\n<p><strong>K\u00e4ytt\u00f6:<\/strong><\/p>\n<table>\n<tbody>\n<tr>\n<td>Opel 1.0 12V, 1.2 16V, 1.4 16V<\/td>\n<td><\/td>\n<\/tr>\n<tr>\n<td>Asennettu malleihin:<\/td>\n<td>Agila, Corsa B + C, Astra G (97-06)<\/td>\n<\/tr>\n<\/tbody>\n<\/table>\n<p><strong>Moottorityypit: X10XE, Z10XE, Z10XEP, X12XE, Z12XE, Z12XEP, Z14XEP<\/strong><\/p>\n<p><strong>Setti sis\u00e4lt\u00e4\u00e4<\/strong><\/p>\n<ul>\n<li>1 nokka-akselin lukitusty\u00f6kalu<\/li>\n<li>1 Lukituspultti<\/li>\n<li>1 ketjun lukitusty\u00f6kalu<\/li>\n<li>1 kampiakselin lukitusty\u00f6kalu<\/li>\n<\/ul>\n<\/div>\n","protected":false},"featured_media":7923,"template":"","meta":{"_monsterinsights_skip_tracking":false,"_monsterinsights_sitenote_active":false,"_monsterinsights_sitenote_note":"","_monsterinsights_sitenote_category":0,"neve_meta_sidebar":"","neve_meta_container":"","neve_meta_enable_content_width":"off","neve_meta_content_width":100,"neve_meta_title_alignment":"","neve_meta_author_avatar":"","neve_post_elements_order":"","neve_meta_disable_header":"","neve_meta_disable_footer":"","neve_meta_disable_title":"","_themeisle_gutenberg_block_has_review":false},"product_brand":[],"product_cat":[144],"product_tag":[],"class_list":{"0":"post-7920","1":"product","2":"type-product","3":"status-publish","4":"has-post-thumbnail","6":"product_cat-jakopaan-ajoitustyokalut","8":"first","9":"outofstock","10":"taxable","11":"shipping-taxable","12":"purchasable","13":"product-type-simple"},"supplier_id":null,"supplier_sku":"","barcode":null,"atum_controlled":true,"out_stock_date":"2025-11-28 11:10:46","out_stock_threshold":null,"inheritable":false,"inbound_stock":null,"stock_on_hold":0,"sold_today":0,"sales_last_days":0,"reserved_stock":null,"customer_returns":null,"warehouse_damage":null,"lost_in_post":null,"other_logs":null,"out_stock_days":165,"lost_sales":565,"has_location":false,"update_date":"2026-05-13T00:59:50","atum_locations":[],"atum_stock_status":"outofstock","restock_status":false,"low_stock_amount":"","sales_update_date":"2026-05-13T00:59:50","calc_backorders":null,"aioseo_notices":[],"_links":{"self":[{"href":"https:\/\/www.jimport.fi\/index.php\/wp-json\/wp\/v2\/product\/7920","targetHints":{"allow":["GET"]}}],"collection":[{"href":"https:\/\/www.jimport.fi\/index.php\/wp-json\/wp\/v2\/product"}],"about":[{"href":"https:\/\/www.jimport.fi\/index.php\/wp-json\/wp\/v2\/types\/product"}],"version-history":[{"count":1,"href":"https:\/\/www.jimport.fi\/index.php\/wp-json\/wp\/v2\/product\/7920\/revisions"}],"predecessor-version":[{"id":7924,"href":"https:\/\/www.jimport.fi\/index.php\/wp-json\/wp\/v2\/product\/7920\/revisions\/7924"}],"wp:featuredmedia":[{"embeddable":true,"href":"https:\/\/www.jimport.fi\/index.php\/wp-json\/wp\/v2\/media\/7923"}],"wp:attachment":[{"href":"https:\/\/www.jimport.fi\/index.php\/wp-json\/wp\/v2\/media?parent=7920"}],"wp:term":[{"taxonomy":"product_brand","embeddable":true,"href":"https:\/\/www.jimport.fi\/index.php\/wp-json\/wp\/v2\/product_brand?post=7920"},{"taxonomy":"product_cat","embeddable":true,"href":"https:\/\/www.jimport.fi\/index.php\/wp-json\/wp\/v2\/product_cat?post=7920"},{"taxonomy":"product_tag","embeddable":true,"href":"https:\/\/www.jimport.fi\/index.php\/wp-json\/wp\/v2\/product_tag?post=7920"}],"curies":[{"name":"wp","href":"https:\/\/api.w.org\/{rel}","templated":true}]}}