{"id":7930,"date":"2025-06-03T14:41:39","date_gmt":"2025-06-03T11:41:39","guid":{"rendered":"https:\/\/www.jimport.fi\/?post_type=product&#038;p=7930"},"modified":"2025-06-03T14:41:40","modified_gmt":"2025-06-03T11:41:40","slug":"ford-mazda-volvo-ajoitustyokalut-5os","status":"publish","type":"product","link":"https:\/\/www.jimport.fi\/index.php\/tuote\/ford-mazda-volvo-ajoitustyokalut-5os\/","title":{"rendered":"Ford\/ Mazda\/ Volvo ajoitusty\u00f6kalut 5os"},"content":{"rendered":"","protected":false},"excerpt":{"rendered":"<div id=\"naglowek-kontrolka-78\" class=\"naglowek-kontrolki\">\n<div class=\"header-category\">\n<h4>KUVAUS<\/h4>\n<\/div>\n<\/div>\n<div class=\"pole-opis-wartosc\">\n<h3>Jakop\u00e4\u00e4n ajoitusty\u00f6kalut Ford Mazda Volvo 1.25-2.3 16V<\/h3>\n<p>Fiesta, Puma, Focus, Focus C-MAX, Escort, Orion, Mondeo, Cougar, Courier, Tourneo, Transit, Fusion, Connect (93-10r.):<\/p>\n<p>Moottorit hihnalla ja jakoketjulla: 1,25 \/ 1,4 \/ 1,6 \/ 1,8 \/ 2,0 16V<\/p>\n<p><strong>Moottorin koodit:<\/strong><\/p>\n<p>ALDA, AOBA, AOBC, AODA, AODB, AODE, AOWA, AOWB, ASDA, ASDB, CDBB, CGBA, CGBB, CHBA, CHBB, CJBA, CJBB, CSDA, CSDB, DHA, DHB, DHC, DHD, DHE, DHF, DHG, DYDF, EDBA, EDBB, EDBC, EDBD, EDDB, EDDC, EDDD, EDDF, EYDB, EYDC, EYDD, EYDE, EYDF, EYDG, EYDI, EYDJ, EYDL, EYPA, EYPC, F8JA, F8JB, FHA, FHB, FHD, FHF, FUJA, FUJB, FXDA, FXDB, FXDC, FXDD, FXJA, FXJB, FXJC, FYDA, FYDB, FYDC, FYDD, FYDH, FYJA, FYJB, FYJC, GZ, GZFA, GZFB, GZFC, HMDA, HWDA, HWDB, L1F, L1J, L1L, L1N, L1Q, L1T, L1V, L1W, M7JA, M7JB, N4JB, NGA, NGB, NGC, NGD, Q7DA, QQDA, QQDB, QQDC, RKA, RKB, RKF, RKH, RKJ, RKK, RTJA, RTJB, SEBA, SEWA, SHDA, SHDB, SHDC, SNJA, SNJB, SPJA, SPJC, STJA, STJB, SYDA, TBBA, TBBB, TBWA, TBWB, UTJA, YF,<\/p>\n<p><strong>MAZDA<\/strong><\/p>\n<p>121 (95-00), 2 (02-07), 3 (03-), 5 (05-), 6 (02-), MX-5 (05-), MPV (02-05), Tribute (01-04),<\/p>\n<p>Moottorit: 1,25 \/ 1,4 \/ 1,6 \/ 1,8 \/ 2,0 \/ 2,3 16V.<\/p>\n<p><strong>Moottorin koodit:<\/strong>\u00a0DHA, F8JA, F8JB, FUJA, FUJB, FXJA, FXJB, FYJA, L3, L8, LF, YF,<\/p>\n<p><strong>VOLVO<\/strong><\/p>\n<p>S40 \/ V50 (04-10), C30 (06-10),<\/p>\n<p>Moottorit: 1,6 \/ 1,8 \/ 2,0 16V.<\/p>\n<p><strong>Moottorin koodit:<\/strong>\u00a0B4164S3, B4184S11, B42043S<\/p>\n<\/div>\n","protected":false},"featured_media":7932,"template":"","meta":{"_monsterinsights_skip_tracking":false,"_monsterinsights_sitenote_active":false,"_monsterinsights_sitenote_note":"","_monsterinsights_sitenote_category":0,"neve_meta_sidebar":"","neve_meta_container":"","neve_meta_enable_content_width":"off","neve_meta_content_width":100,"neve_meta_title_alignment":"","neve_meta_author_avatar":"","neve_post_elements_order":"","neve_meta_disable_header":"","neve_meta_disable_footer":"","neve_meta_disable_title":"","_themeisle_gutenberg_block_has_review":false},"product_brand":[],"product_cat":[144],"product_tag":[],"class_list":{"0":"post-7930","1":"product","2":"type-product","3":"status-publish","4":"has-post-thumbnail","6":"product_cat-jakopaan-ajoitustyokalut","8":"first","9":"instock","10":"taxable","11":"shipping-taxable","12":"purchasable","13":"product-type-simple"},"supplier_id":null,"supplier_sku":"","barcode":null,"atum_controlled":true,"out_stock_date":null,"out_stock_threshold":null,"inheritable":false,"inbound_stock":0,"stock_on_hold":0,"sold_today":0,"sales_last_days":0,"reserved_stock":0,"customer_returns":0,"warehouse_damage":0,"lost_in_post":0,"other_logs":0,"out_stock_days":0,"lost_sales":0,"has_location":false,"update_date":"2026-05-13T00:59:50","atum_locations":[],"atum_stock_status":"instock","restock_status":false,"low_stock_amount":"","sales_update_date":"2026-05-13T00:59:50","calc_backorders":null,"aioseo_notices":[],"_links":{"self":[{"href":"https:\/\/www.jimport.fi\/index.php\/wp-json\/wp\/v2\/product\/7930","targetHints":{"allow":["GET"]}}],"collection":[{"href":"https:\/\/www.jimport.fi\/index.php\/wp-json\/wp\/v2\/product"}],"about":[{"href":"https:\/\/www.jimport.fi\/index.php\/wp-json\/wp\/v2\/types\/product"}],"version-history":[{"count":1,"href":"https:\/\/www.jimport.fi\/index.php\/wp-json\/wp\/v2\/product\/7930\/revisions"}],"predecessor-version":[{"id":7933,"href":"https:\/\/www.jimport.fi\/index.php\/wp-json\/wp\/v2\/product\/7930\/revisions\/7933"}],"wp:featuredmedia":[{"embeddable":true,"href":"https:\/\/www.jimport.fi\/index.php\/wp-json\/wp\/v2\/media\/7932"}],"wp:attachment":[{"href":"https:\/\/www.jimport.fi\/index.php\/wp-json\/wp\/v2\/media?parent=7930"}],"wp:term":[{"taxonomy":"product_brand","embeddable":true,"href":"https:\/\/www.jimport.fi\/index.php\/wp-json\/wp\/v2\/product_brand?post=7930"},{"taxonomy":"product_cat","embeddable":true,"href":"https:\/\/www.jimport.fi\/index.php\/wp-json\/wp\/v2\/product_cat?post=7930"},{"taxonomy":"product_tag","embeddable":true,"href":"https:\/\/www.jimport.fi\/index.php\/wp-json\/wp\/v2\/product_tag?post=7930"}],"curies":[{"name":"wp","href":"https:\/\/api.w.org\/{rel}","templated":true}]}}