{"id":7950,"date":"2025-06-03T15:51:13","date_gmt":"2025-06-03T12:51:13","guid":{"rendered":"https:\/\/www.jimport.fi\/?post_type=product&#038;p=7950"},"modified":"2025-06-03T15:51:13","modified_gmt":"2025-06-03T12:51:13","slug":"vag-v6-v8-jakopaan-ajoitustyokalut","status":"publish","type":"product","link":"https:\/\/www.jimport.fi\/index.php\/tuote\/vag-v6-v8-jakopaan-ajoitustyokalut\/","title":{"rendered":"VAG V6\/V8 jakop\u00e4\u00e4n ajoitusty\u00f6kalut"},"content":{"rendered":"","protected":false},"excerpt":{"rendered":"<div id=\"naglowek-kontrolka-78\" class=\"naglowek-kontrolki\">\n<div class=\"header-category\">\n<h4>KUVAUS<\/h4>\n<\/div>\n<\/div>\n<div class=\"pole-opis-wartosc\">\n<div>Jakop\u00e4\u00e4n ajoitussarja AUDI VW V6 V8 TDI<\/div>\n<div><\/div>\n<div>Sarja erikoisty\u00f6kaluja VAG (V6\/V8 TDi) -ajoneuvojen moottoreiden nokka-akselin kohdistamiseen<\/div>\n<div><\/div>\n<div><strong>K\u00e4ytt\u00e4\u00e4:<\/strong><\/div>\n<div><\/div>\n<div>\n<table>\n<tbody>\n<tr>\n<td>AUDI<\/td>\n<td>A4, A6, A8, Allroad 2.5 V6 TDI (97-08) ja A8 3.3 V8 TDI<\/td>\n<\/tr>\n<tr>\n<td>VW<\/td>\n<td>Passat 2.5 V6 TDI (98-05)<\/td>\n<\/tr>\n<tr>\n<td>\u0160KODA<\/td>\n<td>Suberb 2,5 V6 TDI (02-08)<\/td>\n<\/tr>\n<\/tbody>\n<\/table>\n<p>&nbsp;<\/p>\n<\/div>\n<div><strong>Moottorityypit: AFB, AKN, AKE, AYM, BAU, BCZ, BDG, BDH, BFC<\/strong><\/div>\n<div><\/div>\n<div>Sarja sis\u00e4lt\u00e4\u00e4 ylim\u00e4\u00e4r\u00e4isen tapin polttoainepumpun lukitsemiseen ja lambda-offset-happianturin v\u00e4\u00e4ntimen 22mm.<\/div>\n<\/div>\n","protected":false},"featured_media":7953,"template":"","meta":{"_monsterinsights_skip_tracking":false,"_monsterinsights_sitenote_active":false,"_monsterinsights_sitenote_note":"","_monsterinsights_sitenote_category":0,"neve_meta_sidebar":"","neve_meta_container":"","neve_meta_enable_content_width":"off","neve_meta_content_width":100,"neve_meta_title_alignment":"","neve_meta_author_avatar":"","neve_post_elements_order":"","neve_meta_disable_header":"","neve_meta_disable_footer":"","neve_meta_disable_title":"","_themeisle_gutenberg_block_has_review":false},"product_brand":[],"product_cat":[144],"product_tag":[],"class_list":{"0":"post-7950","1":"product","2":"type-product","3":"status-publish","4":"has-post-thumbnail","6":"product_cat-jakopaan-ajoitustyokalut","8":"first","9":"instock","10":"taxable","11":"shipping-taxable","12":"purchasable","13":"product-type-simple"},"supplier_id":null,"supplier_sku":"","barcode":null,"atum_controlled":true,"out_stock_date":null,"out_stock_threshold":null,"inheritable":false,"inbound_stock":0,"stock_on_hold":0,"sold_today":0,"sales_last_days":0,"reserved_stock":0,"customer_returns":0,"warehouse_damage":0,"lost_in_post":0,"other_logs":0,"out_stock_days":0,"lost_sales":0,"has_location":false,"update_date":"2026-05-13T01:00:23","atum_locations":[],"atum_stock_status":"instock","restock_status":false,"low_stock_amount":"","sales_update_date":"2026-05-13T01:00:23","calc_backorders":null,"aioseo_notices":[],"_links":{"self":[{"href":"https:\/\/www.jimport.fi\/index.php\/wp-json\/wp\/v2\/product\/7950","targetHints":{"allow":["GET"]}}],"collection":[{"href":"https:\/\/www.jimport.fi\/index.php\/wp-json\/wp\/v2\/product"}],"about":[{"href":"https:\/\/www.jimport.fi\/index.php\/wp-json\/wp\/v2\/types\/product"}],"version-history":[{"count":1,"href":"https:\/\/www.jimport.fi\/index.php\/wp-json\/wp\/v2\/product\/7950\/revisions"}],"predecessor-version":[{"id":7954,"href":"https:\/\/www.jimport.fi\/index.php\/wp-json\/wp\/v2\/product\/7950\/revisions\/7954"}],"wp:featuredmedia":[{"embeddable":true,"href":"https:\/\/www.jimport.fi\/index.php\/wp-json\/wp\/v2\/media\/7953"}],"wp:attachment":[{"href":"https:\/\/www.jimport.fi\/index.php\/wp-json\/wp\/v2\/media?parent=7950"}],"wp:term":[{"taxonomy":"product_brand","embeddable":true,"href":"https:\/\/www.jimport.fi\/index.php\/wp-json\/wp\/v2\/product_brand?post=7950"},{"taxonomy":"product_cat","embeddable":true,"href":"https:\/\/www.jimport.fi\/index.php\/wp-json\/wp\/v2\/product_cat?post=7950"},{"taxonomy":"product_tag","embeddable":true,"href":"https:\/\/www.jimport.fi\/index.php\/wp-json\/wp\/v2\/product_tag?post=7950"}],"curies":[{"name":"wp","href":"https:\/\/api.w.org\/{rel}","templated":true}]}}