{"id":7955,"date":"2025-06-03T15:59:11","date_gmt":"2025-06-03T12:59:11","guid":{"rendered":"https:\/\/www.jimport.fi\/?post_type=product&#038;p=7955"},"modified":"2025-06-03T15:59:14","modified_gmt":"2025-06-03T12:59:14","slug":"chrysler-jeep-2-5-2-8-crd-jakopaan-ajoitustyokalut","status":"publish","type":"product","link":"https:\/\/www.jimport.fi\/index.php\/tuote\/chrysler-jeep-2-5-2-8-crd-jakopaan-ajoitustyokalut\/","title":{"rendered":"Chrysler\/ Jeep 2.5\/2.8 CRD jakop\u00e4\u00e4n ajoitusty\u00f6kalut"},"content":{"rendered":"","protected":false},"excerpt":{"rendered":"<table>\n<tbody>\n<tr>\n<td>Chrysler Voyager, Grand Voyager moottorit R2516C, R2516L, R2816K<\/td>\n<\/tr>\n<tr>\n<td>Jeep Cherokee (01-08) moottorit 2,5 \/ 2,8<\/td>\n<\/tr>\n<tr>\n<td>LDV Maxus (05-08) moottorit VM2516L<\/td>\n<\/tr>\n<\/tbody>\n<\/table>\n<p><strong>Moottoreiden koodit: R2516C, R2516L, R2816K, VM2516L<\/strong><\/p>\n","protected":false},"featured_media":7958,"template":"","meta":{"_monsterinsights_skip_tracking":false,"_monsterinsights_sitenote_active":false,"_monsterinsights_sitenote_note":"","_monsterinsights_sitenote_category":0,"neve_meta_sidebar":"","neve_meta_container":"","neve_meta_enable_content_width":"off","neve_meta_content_width":100,"neve_meta_title_alignment":"","neve_meta_author_avatar":"","neve_post_elements_order":"","neve_meta_disable_header":"","neve_meta_disable_footer":"","neve_meta_disable_title":"","_themeisle_gutenberg_block_has_review":false},"product_brand":[],"product_cat":[144],"product_tag":[],"class_list":{"0":"post-7955","1":"product","2":"type-product","3":"status-publish","4":"has-post-thumbnail","6":"product_cat-jakopaan-ajoitustyokalut","8":"first","9":"instock","10":"taxable","11":"shipping-taxable","12":"purchasable","13":"product-type-simple"},"supplier_id":null,"supplier_sku":"","barcode":null,"atum_controlled":true,"out_stock_date":null,"out_stock_threshold":null,"inheritable":false,"inbound_stock":0,"stock_on_hold":0,"sold_today":0,"sales_last_days":0,"reserved_stock":0,"customer_returns":0,"warehouse_damage":0,"lost_in_post":0,"other_logs":0,"out_stock_days":0,"lost_sales":0,"has_location":false,"update_date":"2026-05-13T01:00:23","atum_locations":[],"atum_stock_status":"instock","restock_status":false,"low_stock_amount":"","sales_update_date":"2026-05-13T01:00:23","calc_backorders":null,"aioseo_notices":[],"_links":{"self":[{"href":"https:\/\/www.jimport.fi\/index.php\/wp-json\/wp\/v2\/product\/7955","targetHints":{"allow":["GET"]}}],"collection":[{"href":"https:\/\/www.jimport.fi\/index.php\/wp-json\/wp\/v2\/product"}],"about":[{"href":"https:\/\/www.jimport.fi\/index.php\/wp-json\/wp\/v2\/types\/product"}],"version-history":[{"count":1,"href":"https:\/\/www.jimport.fi\/index.php\/wp-json\/wp\/v2\/product\/7955\/revisions"}],"predecessor-version":[{"id":7959,"href":"https:\/\/www.jimport.fi\/index.php\/wp-json\/wp\/v2\/product\/7955\/revisions\/7959"}],"wp:featuredmedia":[{"embeddable":true,"href":"https:\/\/www.jimport.fi\/index.php\/wp-json\/wp\/v2\/media\/7958"}],"wp:attachment":[{"href":"https:\/\/www.jimport.fi\/index.php\/wp-json\/wp\/v2\/media?parent=7955"}],"wp:term":[{"taxonomy":"product_brand","embeddable":true,"href":"https:\/\/www.jimport.fi\/index.php\/wp-json\/wp\/v2\/product_brand?post=7955"},{"taxonomy":"product_cat","embeddable":true,"href":"https:\/\/www.jimport.fi\/index.php\/wp-json\/wp\/v2\/product_cat?post=7955"},{"taxonomy":"product_tag","embeddable":true,"href":"https:\/\/www.jimport.fi\/index.php\/wp-json\/wp\/v2\/product_tag?post=7955"}],"curies":[{"name":"wp","href":"https:\/\/api.w.org\/{rel}","templated":true}]}}