{"id":7967,"date":"2025-06-03T16:30:12","date_gmt":"2025-06-03T13:30:12","guid":{"rendered":"https:\/\/www.jimport.fi\/?post_type=product&#038;p=7967"},"modified":"2025-07-08T00:58:06","modified_gmt":"2025-07-07T21:58:06","slug":"ford-1-6-ti-vct-jakopaan-ajoitustyokalut","status":"publish","type":"product","link":"https:\/\/www.jimport.fi\/index.php\/tuote\/ford-1-6-ti-vct-jakopaan-ajoitustyokalut\/","title":{"rendered":"Ford 1.6 TI-VCT jakop\u00e4\u00e4n ajoitusty\u00f6kalut"},"content":{"rendered":"","protected":false},"excerpt":{"rendered":"<div id=\"naglowek-kontrolka-78\" class=\"naglowek-kontrolki\">\n<div class=\"header-category\">\n<h4>Jakop\u00e4\u00e4nlukko Ford 1.6 TI-VCT<\/h4>\n<\/div>\n<\/div>\n<div class=\"pole-opis-wartosc\">\n<p>Ajoituslukko on suunniteltu Ford-henkil\u00f6autoille, jotka on varustettu 1.6 TI-VCT (muuttuva venttiiliajoitus) bensiinimoottoreilla. Lukko mahdollistaa jakohihnan vaihdon ja ajoituksen s\u00e4\u00e4d\u00f6n.<\/p>\n<ul>\n<li>C-MAX (07-12)<\/li>\n<li>Fiesta (08-12)<\/li>\n<li>Focus (04-12)<\/li>\n<li>Focus C-MAX (03-07)<\/li>\n<li>Grand C-MAX (10-12)<\/li>\n<li>Mondeo (07-10)<\/li>\n<\/ul>\n<p><strong>Moottori:<\/strong>\u00a01.6 TI-VCT<\/p>\n<p>HXJA, HXJB, HXDA, IQDA, IQDB, PNBA, PNDA, RHBA, SIDA, 1.6Ti-VCTFFV<\/p>\n<\/div>\n","protected":false},"featured_media":7969,"template":"","meta":{"_monsterinsights_skip_tracking":false,"_monsterinsights_sitenote_active":false,"_monsterinsights_sitenote_note":"","_monsterinsights_sitenote_category":0,"neve_meta_sidebar":"","neve_meta_container":"","neve_meta_enable_content_width":"off","neve_meta_content_width":100,"neve_meta_title_alignment":"","neve_meta_author_avatar":"","neve_post_elements_order":"","neve_meta_disable_header":"","neve_meta_disable_footer":"","neve_meta_disable_title":"","_themeisle_gutenberg_block_has_review":false},"product_brand":[],"product_cat":[144],"product_tag":[],"class_list":{"0":"post-7967","1":"product","2":"type-product","3":"status-publish","4":"has-post-thumbnail","6":"product_cat-jakopaan-ajoitustyokalut","8":"first","9":"outofstock","10":"taxable","11":"shipping-taxable","12":"purchasable","13":"product-type-simple"},"supplier_id":null,"supplier_sku":"","barcode":null,"atum_controlled":true,"out_stock_date":"2025-07-08 00:58:06","out_stock_threshold":null,"inheritable":false,"inbound_stock":null,"stock_on_hold":0,"sold_today":0,"sales_last_days":0,"reserved_stock":null,"customer_returns":null,"warehouse_damage":null,"lost_in_post":null,"other_logs":null,"out_stock_days":281,"lost_sales":762,"has_location":false,"update_date":"2026-04-16T00:01:22","atum_locations":[],"atum_stock_status":"outofstock","restock_status":false,"low_stock_amount":"","sales_update_date":"2026-04-16T00:01:22","calc_backorders":null,"aioseo_notices":[],"_links":{"self":[{"href":"https:\/\/www.jimport.fi\/index.php\/wp-json\/wp\/v2\/product\/7967","targetHints":{"allow":["GET"]}}],"collection":[{"href":"https:\/\/www.jimport.fi\/index.php\/wp-json\/wp\/v2\/product"}],"about":[{"href":"https:\/\/www.jimport.fi\/index.php\/wp-json\/wp\/v2\/types\/product"}],"version-history":[{"count":1,"href":"https:\/\/www.jimport.fi\/index.php\/wp-json\/wp\/v2\/product\/7967\/revisions"}],"predecessor-version":[{"id":7970,"href":"https:\/\/www.jimport.fi\/index.php\/wp-json\/wp\/v2\/product\/7967\/revisions\/7970"}],"wp:featuredmedia":[{"embeddable":true,"href":"https:\/\/www.jimport.fi\/index.php\/wp-json\/wp\/v2\/media\/7969"}],"wp:attachment":[{"href":"https:\/\/www.jimport.fi\/index.php\/wp-json\/wp\/v2\/media?parent=7967"}],"wp:term":[{"taxonomy":"product_brand","embeddable":true,"href":"https:\/\/www.jimport.fi\/index.php\/wp-json\/wp\/v2\/product_brand?post=7967"},{"taxonomy":"product_cat","embeddable":true,"href":"https:\/\/www.jimport.fi\/index.php\/wp-json\/wp\/v2\/product_cat?post=7967"},{"taxonomy":"product_tag","embeddable":true,"href":"https:\/\/www.jimport.fi\/index.php\/wp-json\/wp\/v2\/product_tag?post=7967"}],"curies":[{"name":"wp","href":"https:\/\/api.w.org\/{rel}","templated":true}]}}