{"id":7971,"date":"2025-06-03T16:42:50","date_gmt":"2025-06-03T13:42:50","guid":{"rendered":"https:\/\/www.jimport.fi\/?post_type=product&#038;p=7971"},"modified":"2026-02-18T21:50:12","modified_gmt":"2026-02-18T18:50:12","slug":"opel-nissan-renault-1-6-2-0-2-3-dci-cdti-jakopaan-ajoitustyokalut","status":"publish","type":"product","link":"https:\/\/www.jimport.fi\/index.php\/tuote\/opel-nissan-renault-1-6-2-0-2-3-dci-cdti-jakopaan-ajoitustyokalut\/","title":{"rendered":"Opel, Nissan, Renault 1.6\/2.0\/2.3 DCI CDTI jakop\u00e4\u00e4n ajoitusty\u00f6kalut"},"content":{"rendered":"","protected":false},"excerpt":{"rendered":"<div id=\"naglowek-kontrolka-78\" class=\"naglowek-kontrolki\">\n<div class=\"header-category\">\n<hr \/>\n<h4><span style=\"\">KUVAUS<\/span><\/h4>\n<\/div>\n<\/div>\n<div class=\"pole-opis-wartosc\">\n<p>Ajoitusty\u00f6kalusarja OPEL NISSAN RENAULT 1.6 2.0 2.3 DCI TDCI. K\u00e4ytet\u00e4\u00e4n kampiakselin lukitsemiseen jakoketjun vaihtamiseksi.<\/p>\n<p><span class=\"wartosc\"><br \/>\n<\/span><\/p>\n<h4>Pakkauksen sis\u00e4lt\u00f6:<\/h4>\n<p><span class=\"wartosc\"><br \/>\n<\/span><\/p>\n<ul>\n<li style=\"list-style-type: none;\">\n<ul>\n<li>Kampiakselin kiinnitysty\u00f6kalu<\/li>\n<\/ul>\n<\/li>\n<\/ul>\n<ul>\n<li style=\"list-style-type: none;\">\n<ul>\n<li>Lis\u00e4hihnankiristimen lukitustappi<\/li>\n<\/ul>\n<\/li>\n<\/ul>\n<ul>\n<li style=\"list-style-type: none;\">\n<ul>\n<li>Kampiakselin hihnapy\u00f6r\u00e4n kiinnitysty\u00f6kalu (OEM: MOT 1770 \/ EN48334)<\/li>\n<\/ul>\n<\/li>\n<\/ul>\n<ul>\n<li style=\"list-style-type: none;\">\n<ul>\n<li>Nokka-akselin s\u00e4\u00e4t\u00f6ty\u00f6kalu (OEM: MOT1769 \/ EN48332)<\/li>\n<\/ul>\n<\/li>\n<\/ul>\n<ul>\n<li style=\"list-style-type: none;\">\n<ul>\n<li>Nokka-akselin hammaspy\u00f6r\u00e4n suuntauskiinnike (OEM: MOT 1773 \/ EN48331)<\/li>\n<\/ul>\n<\/li>\n<\/ul>\n<ul>\n<li style=\"list-style-type: none;\">\n<ul>\n<li>Kampiakselin lukitustappi (OEM: MOT1776 \/ EN48330)<\/li>\n<\/ul>\n<\/li>\n<\/ul>\n<ul>\n<li style=\"list-style-type: none;\">\n<ul>\n<li>Ketjunkiristimen lukitustappi<\/li>\n<\/ul>\n<\/li>\n<\/ul>\n<ul>\n<li style=\"list-style-type: none;\">\n<ul>\n<li>M6-pultti (k\u00e4ytett\u00e4v\u00e4ksi nokka-akselin s\u00e4\u00e4t\u00f6ty\u00f6kalun kanssa)<\/li>\n<\/ul>\n<\/li>\n<\/ul>\n<ul>\n<li style=\"list-style-type: none;\">\n<ul>\n<li>4 mm:n kuusioavain (k\u00e4ytett\u00e4v\u00e4ksi kohdistuskannattimen kanssa)<\/li>\n<\/ul>\n<\/li>\n<\/ul>\n<p><span class=\"wartosc\"><br \/>\n<\/span><\/p>\n<h4>Sovellus<\/h4>\n<p><span class=\"wartosc\"><br \/>\n<\/span><\/p>\n<ul>\n<li style=\"list-style-type: none;\">\n<ul>\n<li>Nissan: Primastar X83 (06-10), Qashqai\/Qashqai+2 J10 (07-10), X-Trail T31 (07-14)<\/li>\n<\/ul>\n<\/li>\n<\/ul>\n<ul>\n<li style=\"list-style-type: none;\">\n<ul>\n<li>Renault: Espace\/Grand Espace IV (06-10), Kaleos (08-11), Laguna ll (05-07), Laguna lll (07-14), Master lll (10-15), Megane ll (06-10), Scenic\/Grand Scenic ll (06-09), Scenic\/Grand Scenic lll (09-15), Trafic ll (06-12), Vel Satis (05-10)<\/li>\n<\/ul>\n<\/li>\n<\/ul>\n<ul>\n<li style=\"list-style-type: none;\">\n<ul>\n<li>Opel: Movano-B (10-15), Vivaro (06-15)<\/li>\n<\/ul>\n<\/li>\n<\/ul>\n<p><span class=\"wartosc\"><br \/>\n<\/span><\/p>\n<h4>Moottoreiden koodit<\/h4>\n<p><span class=\"wartosc\"><br \/>\n<\/span><\/p>\n<ul>\n<li style=\"list-style-type: none;\">\n<ul>\n<li>Renault: M9R 700, M9R 721, M9R 724, M9R 740, M9R 742, M9R 746, M9R 760, M9R 761, M9R 780, M9R 802, M9R 805, M9R 830, M9R 832, M9R 833;<\/li>\n<\/ul>\n<\/li>\n<\/ul>\n<ul>\n<li style=\"list-style-type: none;\">\n<ul>\n<li>Nissan: M9R 780, M9R 830, M9R 832, M9R 833;<\/li>\n<\/ul>\n<\/li>\n<\/ul>\n<ul>\n<li>Opel: M9R 780, M9R 782, M9R 784<\/li>\n<\/ul>\n<\/div>\n","protected":false},"featured_media":7974,"template":"","meta":{"_monsterinsights_skip_tracking":false,"_monsterinsights_sitenote_active":false,"_monsterinsights_sitenote_note":"","_monsterinsights_sitenote_category":0,"neve_meta_sidebar":"","neve_meta_container":"","neve_meta_enable_content_width":"off","neve_meta_content_width":100,"neve_meta_title_alignment":"","neve_meta_author_avatar":"","neve_post_elements_order":"","neve_meta_disable_header":"","neve_meta_disable_footer":"","neve_meta_disable_title":"","_themeisle_gutenberg_block_has_review":false},"product_brand":[],"product_cat":[144],"product_tag":[],"class_list":{"0":"post-7971","1":"product","2":"type-product","3":"status-publish","4":"has-post-thumbnail","6":"product_cat-jakopaan-ajoitustyokalut","8":"first","9":"outofstock","10":"taxable","11":"shipping-taxable","12":"purchasable","13":"product-type-simple"},"supplier_id":null,"supplier_sku":"","barcode":null,"atum_controlled":true,"out_stock_date":"2026-02-18 21:50:12","out_stock_threshold":null,"inheritable":false,"inbound_stock":null,"stock_on_hold":0,"sold_today":0,"sales_last_days":0,"reserved_stock":null,"customer_returns":null,"warehouse_damage":null,"lost_in_post":null,"other_logs":null,"out_stock_days":56,"lost_sales":392,"has_location":false,"update_date":"2026-04-16T00:01:13","atum_locations":[],"atum_stock_status":"outofstock","restock_status":false,"low_stock_amount":"","sales_update_date":"2026-04-16T00:01:13","calc_backorders":null,"aioseo_notices":[],"_links":{"self":[{"href":"https:\/\/www.jimport.fi\/index.php\/wp-json\/wp\/v2\/product\/7971","targetHints":{"allow":["GET"]}}],"collection":[{"href":"https:\/\/www.jimport.fi\/index.php\/wp-json\/wp\/v2\/product"}],"about":[{"href":"https:\/\/www.jimport.fi\/index.php\/wp-json\/wp\/v2\/types\/product"}],"version-history":[{"count":1,"href":"https:\/\/www.jimport.fi\/index.php\/wp-json\/wp\/v2\/product\/7971\/revisions"}],"predecessor-version":[{"id":7975,"href":"https:\/\/www.jimport.fi\/index.php\/wp-json\/wp\/v2\/product\/7971\/revisions\/7975"}],"wp:featuredmedia":[{"embeddable":true,"href":"https:\/\/www.jimport.fi\/index.php\/wp-json\/wp\/v2\/media\/7974"}],"wp:attachment":[{"href":"https:\/\/www.jimport.fi\/index.php\/wp-json\/wp\/v2\/media?parent=7971"}],"wp:term":[{"taxonomy":"product_brand","embeddable":true,"href":"https:\/\/www.jimport.fi\/index.php\/wp-json\/wp\/v2\/product_brand?post=7971"},{"taxonomy":"product_cat","embeddable":true,"href":"https:\/\/www.jimport.fi\/index.php\/wp-json\/wp\/v2\/product_cat?post=7971"},{"taxonomy":"product_tag","embeddable":true,"href":"https:\/\/www.jimport.fi\/index.php\/wp-json\/wp\/v2\/product_tag?post=7971"}],"curies":[{"name":"wp","href":"https:\/\/api.w.org\/{rel}","templated":true}]}}