{"id":7976,"date":"2025-06-03T16:50:20","date_gmt":"2025-06-03T13:50:20","guid":{"rendered":"https:\/\/www.jimport.fi\/?post_type=product&#038;p=7976"},"modified":"2025-06-03T19:58:54","modified_gmt":"2025-06-03T16:58:54","slug":"bmw-jakopaan-lukitussarja-n40-n45","status":"publish","type":"product","link":"https:\/\/www.jimport.fi\/index.php\/tuote\/bmw-jakopaan-lukitussarja-n40-n45\/","title":{"rendered":"BMW jakop\u00e4\u00e4n ajoitusty\u00f6kalut N40 N45"},"content":{"rendered":"","protected":false},"excerpt":{"rendered":"<div id=\"naglowek-kontrolka-78\" class=\"naglowek-kontrolki\">\n<div class=\"header-category\">\n<h4>KUVAUS<\/h4>\n<\/div>\n<\/div>\n<div class=\"pole-opis-wartosc\">\n<h3>Ajoituslukko BMW N40 N45 N45T<\/h3>\n<p>Lukkosarja, joka on suunniteltu\u00a0<strong>BMW-autoille<\/strong>, joissa\u00a0<strong>on 1.6 bensiinimoottori<\/strong>. T\u00e4m\u00e4 sarja mahdollistaa\u00a0<strong>ammattimaisen ja tarkan ajoituksen s\u00e4\u00e4d\u00f6n<\/strong>, mik\u00e4 on eritt\u00e4in t\u00e4rke\u00e4\u00e4 edistyksellisille moottoreille.<br \/>\nLukko sopii BMW-autoihin, joissa on moottorikoodit: N40, N45, N45T.<\/p>\n<h4>Tuotteen ominaisuudet:<\/h4>\n<ul>\n<li>\u00a0valmistettu korkealaatuisista materiaaleista<\/li>\n<li><strong>yhteensopiva moottoreiden kanssa, joilla on seuraava koodi:\u00a0<\/strong>N40, N45, N45T<\/li>\n<\/ul>\n<h4>Tekniset:<\/h4>\n<ul>\n<li>Sovellus: BMW<\/li>\n<li>Sarja 1: E87 116i (04-07r)<\/li>\n<li>Sarja 3: E46 316i\/316ti (01-06r)<\/li>\n<li>Moottorikoodit: N40, N45, N45T<\/li>\n<\/ul>\n<\/div>\n","protected":false},"featured_media":7978,"template":"","meta":{"_monsterinsights_skip_tracking":false,"_monsterinsights_sitenote_active":false,"_monsterinsights_sitenote_note":"","_monsterinsights_sitenote_category":0,"neve_meta_sidebar":"","neve_meta_container":"","neve_meta_enable_content_width":"off","neve_meta_content_width":100,"neve_meta_title_alignment":"","neve_meta_author_avatar":"","neve_post_elements_order":"","neve_meta_disable_header":"","neve_meta_disable_footer":"","neve_meta_disable_title":"","_themeisle_gutenberg_block_has_review":false},"product_brand":[],"product_cat":[144],"product_tag":[],"class_list":{"0":"post-7976","1":"product","2":"type-product","3":"status-publish","4":"has-post-thumbnail","6":"product_cat-jakopaan-ajoitustyokalut","8":"first","9":"instock","10":"taxable","11":"shipping-taxable","12":"purchasable","13":"product-type-simple"},"supplier_id":null,"supplier_sku":"","barcode":null,"atum_controlled":true,"out_stock_date":null,"out_stock_threshold":null,"inheritable":false,"inbound_stock":null,"stock_on_hold":0,"sold_today":0,"sales_last_days":0,"reserved_stock":null,"customer_returns":null,"warehouse_damage":null,"lost_in_post":null,"other_logs":null,"out_stock_days":0,"lost_sales":0,"has_location":false,"update_date":"2026-04-16T00:01:21","atum_locations":[],"atum_stock_status":"instock","restock_status":false,"low_stock_amount":"","sales_update_date":"2026-04-16T00:01:21","calc_backorders":null,"aioseo_notices":[],"_links":{"self":[{"href":"https:\/\/www.jimport.fi\/index.php\/wp-json\/wp\/v2\/product\/7976","targetHints":{"allow":["GET"]}}],"collection":[{"href":"https:\/\/www.jimport.fi\/index.php\/wp-json\/wp\/v2\/product"}],"about":[{"href":"https:\/\/www.jimport.fi\/index.php\/wp-json\/wp\/v2\/types\/product"}],"version-history":[{"count":2,"href":"https:\/\/www.jimport.fi\/index.php\/wp-json\/wp\/v2\/product\/7976\/revisions"}],"predecessor-version":[{"id":8022,"href":"https:\/\/www.jimport.fi\/index.php\/wp-json\/wp\/v2\/product\/7976\/revisions\/8022"}],"wp:featuredmedia":[{"embeddable":true,"href":"https:\/\/www.jimport.fi\/index.php\/wp-json\/wp\/v2\/media\/7978"}],"wp:attachment":[{"href":"https:\/\/www.jimport.fi\/index.php\/wp-json\/wp\/v2\/media?parent=7976"}],"wp:term":[{"taxonomy":"product_brand","embeddable":true,"href":"https:\/\/www.jimport.fi\/index.php\/wp-json\/wp\/v2\/product_brand?post=7976"},{"taxonomy":"product_cat","embeddable":true,"href":"https:\/\/www.jimport.fi\/index.php\/wp-json\/wp\/v2\/product_cat?post=7976"},{"taxonomy":"product_tag","embeddable":true,"href":"https:\/\/www.jimport.fi\/index.php\/wp-json\/wp\/v2\/product_tag?post=7976"}],"curies":[{"name":"wp","href":"https:\/\/api.w.org\/{rel}","templated":true}]}}