{"id":7980,"date":"2025-06-03T16:58:03","date_gmt":"2025-06-03T13:58:03","guid":{"rendered":"https:\/\/www.jimport.fi\/?post_type=product&#038;p=7980"},"modified":"2025-06-03T16:58:04","modified_gmt":"2025-06-03T13:58:04","slug":"fiat-citroen-peugeot-2-3-3-0-jakopaan-ajoitustyokalut","status":"publish","type":"product","link":"https:\/\/www.jimport.fi\/index.php\/tuote\/fiat-citroen-peugeot-2-3-3-0-jakopaan-ajoitustyokalut\/","title":{"rendered":"Fiat Citroen Peugeot 2.3-3.0 Jakop\u00e4\u00e4n ajoitusty\u00f6kalut"},"content":{"rendered":"","protected":false},"excerpt":{"rendered":"<div id=\"naglowek-kontrolka-78\" class=\"naglowek-kontrolki\">\n<div class=\"header-category\">\n<h4>KUVAUS<\/h4>\n<\/div>\n<\/div>\n<div class=\"pole-opis-wartosc\">\n<h3>Ajoituksen lukitustappisarja 2.3 JTD \/ 3.0 JTD \/ 3.0 HDI<\/h3>\n<p><strong>Ajoituksen lukitustappisarja.<\/strong>\u00a0Suunniteltu\u00a0<strong>IVECO-, CITROEN- JA FIAT-pakettiautoihin,<\/strong>\u00a0joissa on\u00a0<strong>2.3 JTD, 3.0 JTD, 3.0 HDI -dieselmoottorit.<\/strong><\/p>\n<h4>K\u00e4ytt\u00e4\u00e4:<\/h4>\n<ul>\n<li>FIAT Ducato, IVECO Daily 2002-2009<\/li>\n<li>CITRO\u00cbN-Relay, Jumper III 2006-2009<\/li>\n<li>PEUGEOT Boxer III 2006-2009<\/li>\n<\/ul>\n<h4>Moottorit:<\/h4>\n<ul>\n<li>2.3 JTD \u2013 moottorikoodit: F1AE0481C, F1AE0481D, F1AE0481N,<\/li>\n<li>3.0 JTD \u2013 moottorikoodi: F1CE0481D (2004-)<\/li>\n<li>3.0HDI \u2013 moottorikoodi: F30DT<\/li>\n<\/ul>\n<\/div>\n","protected":false},"featured_media":7981,"template":"","meta":{"_monsterinsights_skip_tracking":false,"_monsterinsights_sitenote_active":false,"_monsterinsights_sitenote_note":"","_monsterinsights_sitenote_category":0,"neve_meta_sidebar":"","neve_meta_container":"","neve_meta_enable_content_width":"off","neve_meta_content_width":100,"neve_meta_title_alignment":"","neve_meta_author_avatar":"","neve_post_elements_order":"","neve_meta_disable_header":"","neve_meta_disable_footer":"","neve_meta_disable_title":"","_themeisle_gutenberg_block_has_review":false},"product_brand":[],"product_cat":[144],"product_tag":[],"class_list":{"0":"post-7980","1":"product","2":"type-product","3":"status-publish","4":"has-post-thumbnail","6":"product_cat-jakopaan-ajoitustyokalut","8":"first","9":"instock","10":"taxable","11":"shipping-taxable","12":"purchasable","13":"product-type-simple"},"supplier_id":null,"supplier_sku":"","barcode":null,"atum_controlled":true,"out_stock_date":null,"out_stock_threshold":null,"inheritable":false,"inbound_stock":0,"stock_on_hold":0,"sold_today":0,"sales_last_days":0,"reserved_stock":0,"customer_returns":0,"warehouse_damage":0,"lost_in_post":0,"other_logs":0,"out_stock_days":0,"lost_sales":0,"has_location":false,"update_date":"2026-05-13T01:00:23","atum_locations":[],"atum_stock_status":"instock","restock_status":false,"low_stock_amount":"","sales_update_date":"2026-05-13T01:00:23","calc_backorders":null,"aioseo_notices":[],"_links":{"self":[{"href":"https:\/\/www.jimport.fi\/index.php\/wp-json\/wp\/v2\/product\/7980","targetHints":{"allow":["GET"]}}],"collection":[{"href":"https:\/\/www.jimport.fi\/index.php\/wp-json\/wp\/v2\/product"}],"about":[{"href":"https:\/\/www.jimport.fi\/index.php\/wp-json\/wp\/v2\/types\/product"}],"version-history":[{"count":1,"href":"https:\/\/www.jimport.fi\/index.php\/wp-json\/wp\/v2\/product\/7980\/revisions"}],"predecessor-version":[{"id":7982,"href":"https:\/\/www.jimport.fi\/index.php\/wp-json\/wp\/v2\/product\/7980\/revisions\/7982"}],"wp:featuredmedia":[{"embeddable":true,"href":"https:\/\/www.jimport.fi\/index.php\/wp-json\/wp\/v2\/media\/7981"}],"wp:attachment":[{"href":"https:\/\/www.jimport.fi\/index.php\/wp-json\/wp\/v2\/media?parent=7980"}],"wp:term":[{"taxonomy":"product_brand","embeddable":true,"href":"https:\/\/www.jimport.fi\/index.php\/wp-json\/wp\/v2\/product_brand?post=7980"},{"taxonomy":"product_cat","embeddable":true,"href":"https:\/\/www.jimport.fi\/index.php\/wp-json\/wp\/v2\/product_cat?post=7980"},{"taxonomy":"product_tag","embeddable":true,"href":"https:\/\/www.jimport.fi\/index.php\/wp-json\/wp\/v2\/product_tag?post=7980"}],"curies":[{"name":"wp","href":"https:\/\/api.w.org\/{rel}","templated":true}]}}