{"id":7983,"date":"2025-06-03T17:07:16","date_gmt":"2025-06-03T14:07:16","guid":{"rendered":"https:\/\/www.jimport.fi\/?post_type=product&#038;p=7983"},"modified":"2025-06-03T17:07:17","modified_gmt":"2025-06-03T14:07:17","slug":"ford-ldv-2-0-2-2-2-4-tdci-jakopaan-ajoitustyokalut","status":"publish","type":"product","link":"https:\/\/www.jimport.fi\/index.php\/tuote\/ford-ldv-2-0-2-2-2-4-tdci-jakopaan-ajoitustyokalut\/","title":{"rendered":"Ford LDV 2.0 2.2 2.4 TDCI jakop\u00e4\u00e4n ajoitusty\u00f6kalut"},"content":{"rendered":"","protected":false},"excerpt":{"rendered":"<div id=\"naglowek-kontrolka-78\" class=\"naglowek-kontrolki\">\n<div class=\"header-category\">\n<h4>KUVAUS<\/h4>\n<\/div>\n<\/div>\n<div class=\"pole-opis-wartosc\">\n<p>Sarjaa k\u00e4ytet\u00e4\u00e4n moottorin ajoitusasennon ja ruiskutuspumpun asettamiseen Ford TDDi- ja TDCi-moottoreissa.<\/p>\n<p><span class=\"wartosc\"><br \/>\n<\/span>OEM-ty\u00f6kalut: 21-262 \/ 21-234 \/ 21-263 \/ 303-732 \/ 21-260 \/ 303-734 \/ 999-7169 \/ 303-735 \/ 310-083A<\/p>\n<p><span class=\"wartosc\"><br \/>\n<\/span><\/p>\n<h4>Mallit<\/h4>\n<p><span class=\"wartosc\"><br \/>\n<\/span><\/p>\n<ul>\n<li style=\"list-style-type: none;\">\n<ul>\n<li>Mondeo 2.0L \/ 2.2L \/ 2.4L (TDCi \/ TDCi) 01-07<\/li>\n<\/ul>\n<\/li>\n<\/ul>\n<ul>\n<li style=\"list-style-type: none;\">\n<ul>\n<li>Transit 2.0L \/ 2.2L \/ 2.4L (TDDi \/ TDCi) 00-08<\/li>\n<\/ul>\n<\/li>\n<\/ul>\n<ul>\n<li style=\"list-style-type: none;\">\n<ul>\n<li>Jaguar X-Type 2.0L \/ 2.2L D<\/li>\n<\/ul>\n<\/li>\n<\/ul>\n<p><span class=\"wartosc\"><br \/>\n<\/span>Moottorin koodi: ABFA \/ D3FA \/ F3FA \/ D5BA \/ D6BA \/ FMBA \/ FMBB \/ FIFA \/ HJBA \/ HJBB \/ HJBC \/ HJBE \/ N7BA \/ N7BB \/ SDBA \/ QJBA \/ QJBB \/ QJBC \/ QJBD \/ QJBS \/ D2FA \/ D4FA \/ D0FA \/ F4FA \/ FXFA \/ H9FA \/ H9FB \/ JXFA \/ PHFA \/ ZSD424.<\/p>\n<\/div>\n","protected":false},"featured_media":7986,"template":"","meta":{"_monsterinsights_skip_tracking":false,"_monsterinsights_sitenote_active":false,"_monsterinsights_sitenote_note":"","_monsterinsights_sitenote_category":0,"neve_meta_sidebar":"","neve_meta_container":"","neve_meta_enable_content_width":"off","neve_meta_content_width":100,"neve_meta_title_alignment":"","neve_meta_author_avatar":"","neve_post_elements_order":"","neve_meta_disable_header":"","neve_meta_disable_footer":"","neve_meta_disable_title":"","_themeisle_gutenberg_block_has_review":false},"product_brand":[],"product_cat":[144],"product_tag":[],"class_list":{"0":"post-7983","1":"product","2":"type-product","3":"status-publish","4":"has-post-thumbnail","6":"product_cat-jakopaan-ajoitustyokalut","8":"first","9":"instock","10":"taxable","11":"shipping-taxable","12":"purchasable","13":"product-type-simple"},"supplier_id":null,"supplier_sku":"","barcode":null,"atum_controlled":true,"out_stock_date":null,"out_stock_threshold":null,"inheritable":false,"inbound_stock":0,"stock_on_hold":0,"sold_today":0,"sales_last_days":0,"reserved_stock":0,"customer_returns":0,"warehouse_damage":0,"lost_in_post":0,"other_logs":0,"out_stock_days":0,"lost_sales":0,"has_location":false,"update_date":"2026-05-13T01:00:23","atum_locations":[],"atum_stock_status":"instock","restock_status":false,"low_stock_amount":"","sales_update_date":"2026-05-13T01:00:23","calc_backorders":null,"aioseo_notices":[],"_links":{"self":[{"href":"https:\/\/www.jimport.fi\/index.php\/wp-json\/wp\/v2\/product\/7983","targetHints":{"allow":["GET"]}}],"collection":[{"href":"https:\/\/www.jimport.fi\/index.php\/wp-json\/wp\/v2\/product"}],"about":[{"href":"https:\/\/www.jimport.fi\/index.php\/wp-json\/wp\/v2\/types\/product"}],"version-history":[{"count":1,"href":"https:\/\/www.jimport.fi\/index.php\/wp-json\/wp\/v2\/product\/7983\/revisions"}],"predecessor-version":[{"id":7987,"href":"https:\/\/www.jimport.fi\/index.php\/wp-json\/wp\/v2\/product\/7983\/revisions\/7987"}],"wp:featuredmedia":[{"embeddable":true,"href":"https:\/\/www.jimport.fi\/index.php\/wp-json\/wp\/v2\/media\/7986"}],"wp:attachment":[{"href":"https:\/\/www.jimport.fi\/index.php\/wp-json\/wp\/v2\/media?parent=7983"}],"wp:term":[{"taxonomy":"product_brand","embeddable":true,"href":"https:\/\/www.jimport.fi\/index.php\/wp-json\/wp\/v2\/product_brand?post=7983"},{"taxonomy":"product_cat","embeddable":true,"href":"https:\/\/www.jimport.fi\/index.php\/wp-json\/wp\/v2\/product_cat?post=7983"},{"taxonomy":"product_tag","embeddable":true,"href":"https:\/\/www.jimport.fi\/index.php\/wp-json\/wp\/v2\/product_tag?post=7983"}],"curies":[{"name":"wp","href":"https:\/\/api.w.org\/{rel}","templated":true}]}}