{"id":8000,"date":"2025-06-03T18:12:29","date_gmt":"2025-06-03T15:12:29","guid":{"rendered":"https:\/\/www.jimport.fi\/?post_type=product&#038;p=8000"},"modified":"2025-07-17T15:35:56","modified_gmt":"2025-07-17T12:35:56","slug":"vag-tdi-jakopaan-ajoitustyokalut-6os","status":"publish","type":"product","link":"https:\/\/www.jimport.fi\/index.php\/tuote\/vag-tdi-jakopaan-ajoitustyokalut-6os\/","title":{"rendered":"VAG TDI jakop\u00e4\u00e4n ajoitusty\u00f6kalut 6os"},"content":{"rendered":"","protected":false},"excerpt":{"rendered":"<div id=\"naglowek-kontrolka-78\" class=\"naglowek-kontrolki\">\n<div class=\"header-category\">\n<h4>KUVAUS<\/h4>\n<\/div>\n<\/div>\n<div class=\"pole-opis-wartosc\">\n<p><strong>Dieselmoottorin jakop\u00e4\u00e4n lukitusty\u00f6kalut VAG<\/strong><\/p>\n<p>K\u00e4ytt\u00f6:<\/p>\n<p>VW Lupo, Fox, Polo, Golf, Golf Plus, Bora, Jetta, Beetle, Scirocco, Passat, Sharan, Touran, Tiguan, Caddy, Transporter (98-11)<\/p>\n<p>AUDI A2, A3, A4, A5, A6, TT, Q5 (98-11)<\/p>\n<p>SEAT Arosa, Ibiza, C\u00f3rdoba, Altea, Leon, Toledo, Alhambra (99-11)<\/p>\n<p>\u0160KODA Fabia, Roomster, Octavia, Superb (00-11) ja FORD Galaxy<\/p>\n<p>Moottorit: 1,2 \/ 1,4 \/ 1,9 TDI PD tai 1,6 \/ 2,0 TDI Common Rail.<\/p>\n<\/div>\n","protected":false},"featured_media":8001,"template":"","meta":{"_monsterinsights_skip_tracking":false,"_monsterinsights_sitenote_active":false,"_monsterinsights_sitenote_note":"","_monsterinsights_sitenote_category":0,"neve_meta_sidebar":"","neve_meta_container":"","neve_meta_enable_content_width":"off","neve_meta_content_width":100,"neve_meta_title_alignment":"","neve_meta_author_avatar":"","neve_post_elements_order":"","neve_meta_disable_header":"","neve_meta_disable_footer":"","neve_meta_disable_title":"","_themeisle_gutenberg_block_has_review":false},"product_brand":[],"product_cat":[144],"product_tag":[],"class_list":{"0":"post-8000","1":"product","2":"type-product","3":"status-publish","4":"has-post-thumbnail","6":"product_cat-jakopaan-ajoitustyokalut","8":"first","9":"outofstock","10":"taxable","11":"shipping-taxable","12":"purchasable","13":"product-type-simple"},"supplier_id":null,"supplier_sku":"","barcode":null,"atum_controlled":true,"out_stock_date":"2025-07-17 15:35:56","out_stock_threshold":null,"inheritable":false,"inbound_stock":0,"stock_on_hold":0,"sold_today":0,"sales_last_days":0,"reserved_stock":0,"customer_returns":0,"warehouse_damage":0,"lost_in_post":0,"other_logs":0,"out_stock_days":279,"lost_sales":597,"has_location":false,"update_date":"2026-04-23T00:26:25","atum_locations":[],"atum_stock_status":"outofstock","restock_status":false,"low_stock_amount":"","sales_update_date":"2026-04-23T00:26:25","calc_backorders":null,"aioseo_notices":[],"_links":{"self":[{"href":"https:\/\/www.jimport.fi\/index.php\/wp-json\/wp\/v2\/product\/8000","targetHints":{"allow":["GET"]}}],"collection":[{"href":"https:\/\/www.jimport.fi\/index.php\/wp-json\/wp\/v2\/product"}],"about":[{"href":"https:\/\/www.jimport.fi\/index.php\/wp-json\/wp\/v2\/types\/product"}],"version-history":[{"count":1,"href":"https:\/\/www.jimport.fi\/index.php\/wp-json\/wp\/v2\/product\/8000\/revisions"}],"predecessor-version":[{"id":8002,"href":"https:\/\/www.jimport.fi\/index.php\/wp-json\/wp\/v2\/product\/8000\/revisions\/8002"}],"wp:featuredmedia":[{"embeddable":true,"href":"https:\/\/www.jimport.fi\/index.php\/wp-json\/wp\/v2\/media\/8001"}],"wp:attachment":[{"href":"https:\/\/www.jimport.fi\/index.php\/wp-json\/wp\/v2\/media?parent=8000"}],"wp:term":[{"taxonomy":"product_brand","embeddable":true,"href":"https:\/\/www.jimport.fi\/index.php\/wp-json\/wp\/v2\/product_brand?post=8000"},{"taxonomy":"product_cat","embeddable":true,"href":"https:\/\/www.jimport.fi\/index.php\/wp-json\/wp\/v2\/product_cat?post=8000"},{"taxonomy":"product_tag","embeddable":true,"href":"https:\/\/www.jimport.fi\/index.php\/wp-json\/wp\/v2\/product_tag?post=8000"}],"curies":[{"name":"wp","href":"https:\/\/api.w.org\/{rel}","templated":true}]}}