{"id":8003,"date":"2025-06-03T18:20:02","date_gmt":"2025-06-03T15:20:02","guid":{"rendered":"https:\/\/www.jimport.fi\/?post_type=product&#038;p=8003"},"modified":"2025-08-10T11:53:12","modified_gmt":"2025-08-10T08:53:12","slug":"yleismalliset-jakopaan-lukitustyokalut","status":"publish","type":"product","link":"https:\/\/www.jimport.fi\/index.php\/tuote\/yleismalliset-jakopaan-lukitustyokalut\/","title":{"rendered":"Yleismalliset jakop\u00e4\u00e4n ajoitusty\u00f6kalut"},"content":{"rendered":"","protected":false},"excerpt":{"rendered":"<div id=\"naglowek-kontrolka-78\" class=\"naglowek-kontrolki\">\n<div class=\"header-category\">\n<h4>KUVAUS<\/h4>\n<\/div>\n<\/div>\n<div class=\"pole-opis-wartosc\">\n<h1>Yleisk\u00e4ytt\u00f6inen ajoituslukkosarja 8 kpl.<\/h1>\n<p><strong>K\u00e4ytt\u00f6:<\/strong><br \/>\nBensiini\/diesel moottorit, kutenOPEL, SAAB, ROVER, VW, AUDI, SEAT, SKODA, CITROEN, FIAT, PEUGEOT, RENAULT<\/p>\n<p>Sarja sis\u00e4lt\u00e4\u00e4 8 lukitusty\u00f6kalua ja mahdollistaa jakopy\u00f6rien lukitsemisen jakohihnan vaihdon aikana; lukitusty\u00f6kalujen erityinen muoto mahdollistaa sytytyksen tarkistuspisteiden asettamisen; lukitusty\u00f6kalut lukitsevat nokka-akselin ja kampiakselin vauhtipy\u00f6r\u00e4t<\/p>\n<table>\n<tbody>\n<tr>\n<td>KELTAINEN:<\/td>\n<td>VAUXHALL \/ OPEL: ECOTEC Astra, Frontiera, Sintra, Vectra, Omega 1,8\/2,0\/2,2 16V tai 95r.<\/td>\n<\/tr>\n<tr>\n<td>SININEN:<\/td>\n<td>VAUXHALL \/ OPEL: ECOTEC Astra F, Corsa B, Tigra, Vectra 1,4\/1,6 16V tai 93r.<\/td>\n<\/tr>\n<tr>\n<td>PUNAINEN JA VIHRE\u00c4<\/td>\n<td>SAAB: 900 2,5: 9000 3,0 V6, VAUXHALL \/ OPEL: Calibra 2,5\/2,5i\/2,6 V6, Cavalier 2,5i V6, Omega B 2,5\/2,6\/3,0\/3,2 V6, Frontiera, Sintra 3,0 V6, Vectra A 2,5\/2,5L\/2,6 V6<\/td>\n<\/tr>\n<tr>\n<td>\u00a0SINISET:<\/td>\n<td>ROVER: 25 1.4\/1.6\/1.8 VVC; 45 1,4\/1,6\/1,8; 75 1,8; 200 VI; 214 16V; 216 16 V avoauto\/coupe; 218 Osasto; 414 16V; 416 16V k\u00e4\u00e4nn\u00f6s; BRM 1.8 VVC; Metro GTI\/GTA 16V, MGF 1.8 VVC<\/td>\n<\/tr>\n<tr>\n<td>MUSTA:<\/td>\n<td>VW, AUDI, SEAT, \u0160KODA moottoreillaTDI alkaen 2000r.<\/td>\n<\/tr>\n<tr>\n<td>Nokka-akselien lukitusty\u00f6kalu<\/td>\n<td>CITROEN: Synergie 2.0\/Turbo, ZX 1.9D\/TD, Xantia 1.9D\/TD, Berlingo 1.9D<br \/>\nFIAT: Ulysse 2.0\/Turbo, Ducato 2.0FSO: 1.9DLDV: 200 1.9D, Pilot 1.9D<br \/>\nPEUGEOT: 205, 305, 309, 405 moottoreilla 1.6\/1.9, 405 1.8\/2.0 (92-), 605 2.0, Boxer 2.0, 205, 305 moottoreilla 1.8\/1.9D, 306 1.8\/1.9D\/TD, 309 1.8\/1.9D\/1.8TD, 405 1.8TD\/1.9D, 406 1.9D, Partner 1.9D, Talbot\/Horizon\/Solara 1.9D, J5\/Talbot Express 1.9D, 605 1.9D\/TD, 806 1.9TD, Expert 1.9D, Boxer 1.9D\/TD<br \/>\nRENAULT: R5 1.6D, R9 1.6D, 411 1.6D, Express\/Extra 1.6D &#8211; moottorit\u00e1Dieselin F8M; Clio, Express\/Extra, R19 1.9D &#8211; ensimm\u00e4iset moottorit\u00e1Diesel&#8217;a F8Q; Espace 2.1D, R21 2.1D, R25 2.1D, Trafic\/Master 2.1D &#8211; silniki Diesel&#8217;a J8S; Clio 1.2\/1.4, Express\/Extra, R19 1.4, Megane\/Scenic 1.4\/1.6 &#8211; silniki benzynowe E7F\/E7J; R5 1.7, Clio 1.7\/1.8, R19 1.7, R21 1.7, Megane\/Scenic 2.0, Laguna 1.8\/2.0, Trafic 1.7 &#8211; bensiinimoottorit\u00e1F3N, F3P, F2R; Clio Williams, R19, Megane 2.0 16V &#8211; silniki F7P, F7R; Laguna\/Safrane 2.0 16V &#8211; moottorit\u00e1N7Q\/N7U<\/td>\n<\/tr>\n<tr>\n<td><\/td>\n<td>VAUXHALL\/OPEL: bensiinimoottoritOHC 1.2, 1.4, 1.6, 1.8, 2.0; moottoritDiesel OHC 1.6D i 1.7D; Dieselmoottorit OHC (ISUZU) 1.5D i 1.7D<\/td>\n<\/tr>\n<\/tbody>\n<\/table>\n<\/div>\n","protected":false},"featured_media":8005,"template":"","meta":{"_monsterinsights_skip_tracking":false,"_monsterinsights_sitenote_active":false,"_monsterinsights_sitenote_note":"","_monsterinsights_sitenote_category":0,"neve_meta_sidebar":"","neve_meta_container":"","neve_meta_enable_content_width":"off","neve_meta_content_width":100,"neve_meta_title_alignment":"","neve_meta_author_avatar":"","neve_post_elements_order":"","neve_meta_disable_header":"","neve_meta_disable_footer":"","neve_meta_disable_title":"","_themeisle_gutenberg_block_has_review":false},"product_brand":[],"product_cat":[144],"product_tag":[],"class_list":{"0":"post-8003","1":"product","2":"type-product","3":"status-publish","4":"has-post-thumbnail","6":"product_cat-jakopaan-ajoitustyokalut","8":"first","9":"outofstock","10":"taxable","11":"shipping-taxable","12":"purchasable","13":"product-type-simple"},"supplier_id":null,"supplier_sku":"","barcode":null,"atum_controlled":true,"out_stock_date":"2025-08-10 11:53:12","out_stock_threshold":null,"inheritable":false,"inbound_stock":null,"stock_on_hold":0,"sold_today":0,"sales_last_days":0,"reserved_stock":null,"customer_returns":null,"warehouse_damage":null,"lost_in_post":null,"other_logs":null,"out_stock_days":248,"lost_sales":1027,"has_location":false,"update_date":"2026-04-16T00:01:23","atum_locations":[],"atum_stock_status":"outofstock","restock_status":false,"low_stock_amount":"","sales_update_date":"2026-04-16T00:01:23","calc_backorders":null,"aioseo_notices":[],"_links":{"self":[{"href":"https:\/\/www.jimport.fi\/index.php\/wp-json\/wp\/v2\/product\/8003","targetHints":{"allow":["GET"]}}],"collection":[{"href":"https:\/\/www.jimport.fi\/index.php\/wp-json\/wp\/v2\/product"}],"about":[{"href":"https:\/\/www.jimport.fi\/index.php\/wp-json\/wp\/v2\/types\/product"}],"version-history":[{"count":3,"href":"https:\/\/www.jimport.fi\/index.php\/wp-json\/wp\/v2\/product\/8003\/revisions"}],"predecessor-version":[{"id":8023,"href":"https:\/\/www.jimport.fi\/index.php\/wp-json\/wp\/v2\/product\/8003\/revisions\/8023"}],"wp:featuredmedia":[{"embeddable":true,"href":"https:\/\/www.jimport.fi\/index.php\/wp-json\/wp\/v2\/media\/8005"}],"wp:attachment":[{"href":"https:\/\/www.jimport.fi\/index.php\/wp-json\/wp\/v2\/media?parent=8003"}],"wp:term":[{"taxonomy":"product_brand","embeddable":true,"href":"https:\/\/www.jimport.fi\/index.php\/wp-json\/wp\/v2\/product_brand?post=8003"},{"taxonomy":"product_cat","embeddable":true,"href":"https:\/\/www.jimport.fi\/index.php\/wp-json\/wp\/v2\/product_cat?post=8003"},{"taxonomy":"product_tag","embeddable":true,"href":"https:\/\/www.jimport.fi\/index.php\/wp-json\/wp\/v2\/product_tag?post=8003"}],"curies":[{"name":"wp","href":"https:\/\/api.w.org\/{rel}","templated":true}]}}