{"id":8013,"date":"2025-06-03T19:04:48","date_gmt":"2025-06-03T16:04:48","guid":{"rendered":"https:\/\/www.jimport.fi\/?post_type=product&#038;p=8013"},"modified":"2025-11-25T08:43:55","modified_gmt":"2025-11-25T05:43:55","slug":"vag-jakopaa-tyokalut-iso-sarja","status":"publish","type":"product","link":"https:\/\/www.jimport.fi\/index.php\/tuote\/vag-jakopaa-tyokalut-iso-sarja\/","title":{"rendered":"VAG jakop\u00e4\u00e4 ty\u00f6kalut iso sarja"},"content":{"rendered":"","protected":false},"excerpt":{"rendered":"<div id=\"naglowek-kontrolka-78\" class=\"naglowek-kontrolki\">\n<div class=\"header-category\">\n<h4>Moottoreille<\/h4>\n<\/div>\n<\/div>\n<div class=\"pole-opis-wartosc\">\n<ul>\n<li>1,9\/2,0 TDI<\/li>\n<li>2.5 V6-TDI<\/li>\n<li>3.3 V8-TDI<\/li>\n<li>1.2 3-sylinterinen ja 1.4\/1.6 bensiini<\/li>\n<\/ul>\n<h4>Sarjan sis\u00e4lt\u00f6<\/h4>\n<ul>\n<li>Jakohihnan lukitusty\u00f6kalu<\/li>\n<li>Nokka-akselin lukitusty\u00f6kalu<\/li>\n<li>s\u00e4\u00e4dett\u00e4v\u00e4 kiristinavain<\/li>\n<li>Ruiskutuspumpun lukitustappi<\/li>\n<li>Jakohihnankiristimen asennuslevy<\/li>\n<li>22 mm:n hylsy injektorin istukkaan<\/li>\n<li>nokka-akselin s\u00e4\u00e4t\u00f6ty\u00f6kalut OEM-numeroilla T10123, T10120, 3458, 3418, 2065A, 3366, T10098 \/ 3418<\/li>\n<li>kampiakselin s\u00e4\u00e4t\u00f6ty\u00f6kalut OEM-numeroilla T10121, 3242, T10050, T10100<\/li>\n<li>ruiskutuspumpun lukitusty\u00f6kalut OEM-numeroilla 3359, 2064<\/li>\n<li>kiristyspy\u00f6r\u00e4n lukitustapit OEM-numeroilla T10060A, T10020, T10008, T40011<\/li>\n<li>Muut tarvikkeet<\/li>\n<\/ul>\n<\/div>\n","protected":false},"featured_media":8017,"template":"","meta":{"_monsterinsights_skip_tracking":false,"_monsterinsights_sitenote_active":false,"_monsterinsights_sitenote_note":"","_monsterinsights_sitenote_category":0,"neve_meta_sidebar":"","neve_meta_container":"","neve_meta_enable_content_width":"off","neve_meta_content_width":100,"neve_meta_title_alignment":"","neve_meta_author_avatar":"","neve_post_elements_order":"","neve_meta_disable_header":"","neve_meta_disable_footer":"","neve_meta_disable_title":"","_themeisle_gutenberg_block_has_review":false},"product_brand":[],"product_cat":[144],"product_tag":[],"class_list":{"0":"post-8013","1":"product","2":"type-product","3":"status-publish","4":"has-post-thumbnail","6":"product_cat-jakopaan-ajoitustyokalut","8":"first","9":"outofstock","10":"taxable","11":"shipping-taxable","12":"purchasable","13":"product-type-simple"},"supplier_id":null,"supplier_sku":"","barcode":null,"atum_controlled":true,"out_stock_date":"2025-11-25 08:43:55","out_stock_threshold":null,"inheritable":false,"inbound_stock":null,"stock_on_hold":0,"sold_today":0,"sales_last_days":0,"reserved_stock":null,"customer_returns":null,"warehouse_damage":null,"lost_in_post":null,"other_logs":null,"out_stock_days":140,"lost_sales":1580,"has_location":false,"update_date":"2026-04-15T03:44:36","atum_locations":[],"atum_stock_status":"outofstock","restock_status":false,"low_stock_amount":"","sales_update_date":"2026-04-15T03:44:36","calc_backorders":null,"aioseo_notices":[],"_links":{"self":[{"href":"https:\/\/www.jimport.fi\/index.php\/wp-json\/wp\/v2\/product\/8013","targetHints":{"allow":["GET"]}}],"collection":[{"href":"https:\/\/www.jimport.fi\/index.php\/wp-json\/wp\/v2\/product"}],"about":[{"href":"https:\/\/www.jimport.fi\/index.php\/wp-json\/wp\/v2\/types\/product"}],"version-history":[{"count":1,"href":"https:\/\/www.jimport.fi\/index.php\/wp-json\/wp\/v2\/product\/8013\/revisions"}],"predecessor-version":[{"id":8018,"href":"https:\/\/www.jimport.fi\/index.php\/wp-json\/wp\/v2\/product\/8013\/revisions\/8018"}],"wp:featuredmedia":[{"embeddable":true,"href":"https:\/\/www.jimport.fi\/index.php\/wp-json\/wp\/v2\/media\/8017"}],"wp:attachment":[{"href":"https:\/\/www.jimport.fi\/index.php\/wp-json\/wp\/v2\/media?parent=8013"}],"wp:term":[{"taxonomy":"product_brand","embeddable":true,"href":"https:\/\/www.jimport.fi\/index.php\/wp-json\/wp\/v2\/product_brand?post=8013"},{"taxonomy":"product_cat","embeddable":true,"href":"https:\/\/www.jimport.fi\/index.php\/wp-json\/wp\/v2\/product_cat?post=8013"},{"taxonomy":"product_tag","embeddable":true,"href":"https:\/\/www.jimport.fi\/index.php\/wp-json\/wp\/v2\/product_tag?post=8013"}],"curies":[{"name":"wp","href":"https:\/\/api.w.org\/{rel}","templated":true}]}}