{"id":814,"date":"2022-06-11T06:19:23","date_gmt":"2022-06-11T06:19:23","guid":{"rendered":"https:\/\/www.jimport.fi\/?post_type=product&#038;p=814"},"modified":"2023-04-28T08:39:46","modified_gmt":"2023-04-28T08:39:46","slug":"kuumailmapuhallin-2000w","status":"publish","type":"product","link":"https:\/\/www.jimport.fi\/index.php\/tuote\/kuumailmapuhallin-2000w\/","title":{"rendered":"Kuumailmapuhallin 2000W"},"content":{"rendered":"<h2>Tuotekuvaus<\/h2>\n<p>2000 W: n s\u00e4hk\u00f6inen l\u00e4mp\u00f6pistooli on ihanteellinen maalin, lakan, muoviputkien muotoiluun ja hitsaukseen, j\u00e4\u00e4dytettyjen ei-muovisten vesiputkien j\u00e4\u00e4npoistoon, tarrojen, kutistesukkien laittamiseen ja moniin muihin tee-se-itse-t\u00f6ihin.<\/p>\n<h3>Tuotteen ominaisuudet<\/h3>\n<ul>\n<li>Tehokas 2000W l\u00e4mmitysj\u00e4rjestelm\u00e4<\/li>\n<li>D-kahva<\/li>\n<li>Kuminen kahva<\/li>\n<li>2 l\u00e4mp\u00f6tila-asetusta<\/li>\n<li>2 ilmavirran asetusta<\/li>\n<li>Sis\u00e4lt\u00e4\u00e4 4 erikokoista l\u00e4mp\u00f6pistoolisuutinta<\/li>\n<li>Ylikuumenemissuoja<\/li>\n<\/ul>\n<h4>Tekniset tiedot<\/h4>\n<ul>\n<li>Teho: 2000W<\/li>\n<li>Tuloj\u00e4nnite: 230V \/ 50Hz<\/li>\n<li>L\u00e4mp\u00f6tila-asetukset: 350\u00b0C \/ 550\u00b0C<\/li>\n<li>Ilmavirran asetukset: 300 l\/min \/ 500 l\/min<\/li>\n<li>Suojausluokka: 2<\/li>\n<\/ul>\n","protected":false},"excerpt":{"rendered":"<p>Kuumailmapuhallin vaihtop\u00e4ill\u00e4 ja 2000W teholla<\/p>\n","protected":false},"featured_media":815,"template":"","meta":{"_monsterinsights_skip_tracking":false,"_monsterinsights_sitenote_active":false,"_monsterinsights_sitenote_note":"","_monsterinsights_sitenote_category":0,"neve_meta_sidebar":"","neve_meta_container":"","neve_meta_enable_content_width":"off","neve_meta_content_width":100,"neve_meta_title_alignment":"","neve_meta_author_avatar":"","neve_post_elements_order":"","neve_meta_disable_header":"","neve_meta_disable_footer":"","neve_meta_disable_title":"","_themeisle_gutenberg_block_has_review":false},"product_brand":[],"product_cat":[58],"product_tag":[],"class_list":{"0":"post-814","1":"product","2":"type-product","3":"status-publish","4":"has-post-thumbnail","6":"product_cat-sahkotyokaluja","8":"first","9":"instock","10":"taxable","11":"shipping-taxable","12":"purchasable","13":"product-type-simple"},"supplier_id":null,"supplier_sku":"","barcode":null,"atum_controlled":true,"out_stock_date":null,"out_stock_threshold":null,"inheritable":false,"inbound_stock":0,"stock_on_hold":0,"sold_today":0,"sales_last_days":0,"reserved_stock":0,"customer_returns":0,"warehouse_damage":0,"lost_in_post":0,"other_logs":0,"out_stock_days":0,"lost_sales":0,"has_location":false,"update_date":"2026-04-29T00:31:43","atum_locations":[],"atum_stock_status":"instock","restock_status":false,"low_stock_amount":"","sales_update_date":"2026-04-29T00:31:43","calc_backorders":null,"aioseo_notices":[],"_links":{"self":[{"href":"https:\/\/www.jimport.fi\/index.php\/wp-json\/wp\/v2\/product\/814","targetHints":{"allow":["GET"]}}],"collection":[{"href":"https:\/\/www.jimport.fi\/index.php\/wp-json\/wp\/v2\/product"}],"about":[{"href":"https:\/\/www.jimport.fi\/index.php\/wp-json\/wp\/v2\/types\/product"}],"version-history":[{"count":3,"href":"https:\/\/www.jimport.fi\/index.php\/wp-json\/wp\/v2\/product\/814\/revisions"}],"predecessor-version":[{"id":5018,"href":"https:\/\/www.jimport.fi\/index.php\/wp-json\/wp\/v2\/product\/814\/revisions\/5018"}],"wp:featuredmedia":[{"embeddable":true,"href":"https:\/\/www.jimport.fi\/index.php\/wp-json\/wp\/v2\/media\/815"}],"wp:attachment":[{"href":"https:\/\/www.jimport.fi\/index.php\/wp-json\/wp\/v2\/media?parent=814"}],"wp:term":[{"taxonomy":"product_brand","embeddable":true,"href":"https:\/\/www.jimport.fi\/index.php\/wp-json\/wp\/v2\/product_brand?post=814"},{"taxonomy":"product_cat","embeddable":true,"href":"https:\/\/www.jimport.fi\/index.php\/wp-json\/wp\/v2\/product_cat?post=814"},{"taxonomy":"product_tag","embeddable":true,"href":"https:\/\/www.jimport.fi\/index.php\/wp-json\/wp\/v2\/product_tag?post=814"}],"curies":[{"name":"wp","href":"https:\/\/api.w.org\/{rel}","templated":true}]}}